{"id":1800,"date":"2025-06-26T09:28:04","date_gmt":"2025-06-26T06:28:04","guid":{"rendered":"https:\/\/avaro-fashion.com\/?post_type=product&#038;p=1800"},"modified":"2025-09-16T08:13:50","modified_gmt":"2025-09-16T05:13:50","slug":"bluza-avaro-ecru-tip-corset-cu-maneci-bufante","status":"publish","type":"product","link":"https:\/\/avaro-fashion.com\/en\/product\/bluza-avaro-ecru-tip-corset-cu-maneci-bufante\/","title":{"rendered":"Ecru corset-style blouse AVARO with puff sleeves"},"content":{"rendered":"<ul>\n<li>Corset-style blouse with puff sleeves in satin<\/li>\n<li>Heart-shaped neckline<\/li>\n<li>Sleeve with volume and elastic on the shoulder<\/li>\n<li>Cuff closure with a pearl-type button<\/li>\n<li>Bust lined on the inside<\/li>\n<li>Back closure with removable zipper<\/li>\n<li>Fabric: elastic satin with a matte finish<\/li>\n<li>Color: ecru<\/li>\n<li>Side length of corset: 28 cm, size 36 \/ S<\/li>\n<li>Inner sleeve length: 58 cm size 36 \/ S<\/li>\n<li>Composition: 98% polyester, 2% elastane<\/li>\n<\/ul>","protected":false},"excerpt":{"rendered":"<p>Bluz\u0103 tip corset cu m\u00e2neci bufante din satin Decolteu \u00een form\u0103 de inim\u0103 M\u00e2nec\u0103 cu volum \u0219i elastic pe um\u0103r \u00cenchidere man\u0219et\u0103 cu un n\u0103sturel tip perl\u0103 Bust dublat pe interior \u00cenchidere la spate cu fermoar deta\u0219abil \u021aes\u0103tur\u0103: satin elastic cu luciu mat Culoare: ecru Lungime lateral corset: 28cm m\u0103rimea 36 \/ S Lungime interior [&hellip;]<\/p>\n","protected":false},"featured_media":1807,"comment_status":"open","ping_status":"closed","template":"","meta":{"_acf_changed":false,"site-sidebar-layout":"default","site-content-layout":"","ast-site-content-layout":"default","site-content-style":"default","site-sidebar-style":"default","ast-global-header-display":"","ast-banner-title-visibility":"","ast-main-header-display":"","ast-hfb-above-header-display":"","ast-hfb-below-header-display":"","ast-hfb-mobile-header-display":"","site-post-title":"","ast-breadcrumbs-content":"","ast-featured-img":"","footer-sml-layout":"","ast-disable-related-posts":"","theme-transparent-header-meta":"default","adv-header-id-meta":"","stick-header-meta":"","header-above-stick-meta":"","header-main-stick-meta":"","header-below-stick-meta":"","astra-migrate-meta-layouts":"set","ast-page-background-enabled":"default","ast-page-background-meta":{"desktop":{"background-color":"","background-image":"","background-repeat":"repeat","background-position":"center center","background-size":"auto","background-attachment":"scroll","background-type":"","background-media":"","overlay-type":"","overlay-color":"","overlay-opacity":"","overlay-gradient":""},"tablet":{"background-color":"","background-image":"","background-repeat":"repeat","background-position":"center center","background-size":"auto","background-attachment":"scroll","background-type":"","background-media":"","overlay-type":"","overlay-color":"","overlay-opacity":"","overlay-gradient":""},"mobile":{"background-color":"","background-image":"","background-repeat":"repeat","background-position":"center center","background-size":"auto","background-attachment":"scroll","background-type":"","background-media":"","overlay-type":"","overlay-color":"","overlay-opacity":"","overlay-gradient":""}},"ast-content-background-meta":{"desktop":{"background-color":"var(--ast-global-color-5)","background-image":"","background-repeat":"repeat","background-position":"center center","background-size":"auto","background-attachment":"scroll","background-type":"","background-media":"","overlay-type":"","overlay-color":"","overlay-opacity":"","overlay-gradient":""},"tablet":{"background-color":"var(--ast-global-color-5)","background-image":"","background-repeat":"repeat","background-position":"center center","background-size":"auto","background-attachment":"scroll","background-type":"","background-media":"","overlay-type":"","overlay-color":"","overlay-opacity":"","overlay-gradient":""},"mobile":{"background-color":"var(--ast-global-color-5)","background-image":"","background-repeat":"repeat","background-position":"center center","background-size":"auto","background-attachment":"scroll","background-type":"","background-media":"","overlay-type":"","overlay-color":"","overlay-opacity":"","overlay-gradient":""}}},"product_brand":[],"product_cat":[52],"product_tag":[],"class_list":{"0":"post-1800","1":"product","2":"type-product","3":"status-publish","4":"has-post-thumbnail","6":"public_tinta-femei","7":"tip_produs_general-imbracaminte","8":"product_cat-bluze-camasi","9":"desktop-align-left","10":"tablet-align-left","11":"mobile-align-left","13":"first","14":"instock","15":"taxable","16":"shipping-taxable","17":"purchasable","18":"product-type-variable","19":"add-to-wishlist-before_image","20":"wpzoom-wc-spi-has-enabled"},"acf":[],"yoast_head":"<!-- This site is optimized with the Yoast SEO plugin v26.9 - https:\/\/yoast.com\/product\/yoast-seo-wordpress\/ -->\n<title>Bluz\u0103 AVARO ecru tip corset cu m\u00e2neci bufante - AVARO Fashion<\/title>\n<meta name=\"robots\" content=\"index, follow, max-snippet:-1, max-image-preview:large, max-video-preview:-1\" \/>\n<link rel=\"canonical\" href=\"https:\/\/avaro-fashion.com\/en\/product\/bluza-avaro-ecru-tip-corset-cu-maneci-bufante\/\" \/>\n<meta property=\"og:locale\" content=\"en_US\" \/>\n<meta property=\"og:type\" content=\"article\" \/>\n<meta property=\"og:title\" content=\"Bluz\u0103 AVARO ecru tip corset cu m\u00e2neci bufante - AVARO Fashion\" \/>\n<meta property=\"og:description\" content=\"Bluz\u0103 tip corset cu m\u00e2neci bufante din satin Decolteu \u00een form\u0103 de inim\u0103 M\u00e2nec\u0103 cu volum \u0219i elastic pe um\u0103r \u00cenchidere man\u0219et\u0103 cu un n\u0103sturel tip perl\u0103 Bust dublat pe interior \u00cenchidere la spate cu fermoar deta\u0219abil \u021aes\u0103tur\u0103: satin elastic cu luciu mat Culoare: ecru Lungime lateral corset: 28cm m\u0103rimea 36 \/ S Lungime interior [&hellip;]\" \/>\n<meta property=\"og:url\" content=\"https:\/\/avaro-fashion.com\/en\/product\/bluza-avaro-ecru-tip-corset-cu-maneci-bufante\/\" \/>\n<meta property=\"og:site_name\" content=\"AVARO Fashion\" \/>\n<meta property=\"article:publisher\" content=\"https:\/\/m.facebook.com\/profile.php?id=61576779797329\" \/>\n<meta property=\"article:modified_time\" content=\"2025-09-16T05:13:50+00:00\" \/>\n<meta property=\"og:image\" content=\"https:\/\/avaro-fashion.com\/wp-content\/uploads\/2025\/06\/B5912-ECRU_P5950-ECRU-1d.jpg\" \/>\n\t<meta property=\"og:image:width\" content=\"1365\" \/>\n\t<meta property=\"og:image:height\" content=\"2048\" \/>\n\t<meta property=\"og:image:type\" content=\"image\/jpeg\" \/>\n<meta name=\"twitter:card\" content=\"summary_large_image\" \/>\n<meta name=\"twitter:label1\" content=\"Est. reading time\" \/>\n\t<meta name=\"twitter:data1\" content=\"1 minute\" \/>\n<script type=\"application\/ld+json\" class=\"yoast-schema-graph\">{\"@context\":\"https:\/\/schema.org\",\"@graph\":[{\"@type\":\"WebPage\",\"@id\":\"https:\/\/avaro-fashion.com\/produs\/bluza-avaro-ecru-tip-corset-cu-maneci-bufante\/\",\"url\":\"https:\/\/avaro-fashion.com\/produs\/bluza-avaro-ecru-tip-corset-cu-maneci-bufante\/\",\"name\":\"Bluz\u0103 AVARO ecru tip corset cu m\u00e2neci bufante - AVARO Fashion\",\"isPartOf\":{\"@id\":\"https:\/\/avaro-fashion.com\/#website\"},\"primaryImageOfPage\":{\"@id\":\"https:\/\/avaro-fashion.com\/produs\/bluza-avaro-ecru-tip-corset-cu-maneci-bufante\/#primaryimage\"},\"image\":{\"@id\":\"https:\/\/avaro-fashion.com\/produs\/bluza-avaro-ecru-tip-corset-cu-maneci-bufante\/#primaryimage\"},\"thumbnailUrl\":\"https:\/\/avaro-fashion.com\/wp-content\/uploads\/2025\/06\/B5912-ECRU_P5950-ECRU-1d.jpg\",\"datePublished\":\"2025-06-26T06:28:04+00:00\",\"dateModified\":\"2025-09-16T05:13:50+00:00\",\"breadcrumb\":{\"@id\":\"https:\/\/avaro-fashion.com\/produs\/bluza-avaro-ecru-tip-corset-cu-maneci-bufante\/#breadcrumb\"},\"inLanguage\":\"en-US\",\"potentialAction\":[{\"@type\":\"ReadAction\",\"target\":[\"https:\/\/avaro-fashion.com\/produs\/bluza-avaro-ecru-tip-corset-cu-maneci-bufante\/\"]}]},{\"@type\":\"ImageObject\",\"inLanguage\":\"en-US\",\"@id\":\"https:\/\/avaro-fashion.com\/produs\/bluza-avaro-ecru-tip-corset-cu-maneci-bufante\/#primaryimage\",\"url\":\"https:\/\/avaro-fashion.com\/wp-content\/uploads\/2025\/06\/B5912-ECRU_P5950-ECRU-1d.jpg\",\"contentUrl\":\"https:\/\/avaro-fashion.com\/wp-content\/uploads\/2025\/06\/B5912-ECRU_P5950-ECRU-1d.jpg\",\"width\":1365,\"height\":2048,\"caption\":\"B5912-ECRU_P5950-ECRU\"},{\"@type\":\"BreadcrumbList\",\"@id\":\"https:\/\/avaro-fashion.com\/produs\/bluza-avaro-ecru-tip-corset-cu-maneci-bufante\/#breadcrumb\",\"itemListElement\":[{\"@type\":\"ListItem\",\"position\":1,\"name\":\"Prima pagin\u0103\",\"item\":\"https:\/\/avaro-fashion.com\/\"},{\"@type\":\"ListItem\",\"position\":2,\"name\":\"Magazin\",\"item\":\"https:\/\/avaro-fashion.com\/magazin\/\"},{\"@type\":\"ListItem\",\"position\":3,\"name\":\"Bluz\u0103 AVARO ecru tip corset cu m\u00e2neci bufante\"}]},{\"@type\":\"WebSite\",\"@id\":\"https:\/\/avaro-fashion.com\/#website\",\"url\":\"https:\/\/avaro-fashion.com\/\",\"name\":\"AVARO Fashion\",\"description\":\"\",\"publisher\":{\"@id\":\"https:\/\/avaro-fashion.com\/#organization\"},\"potentialAction\":[{\"@type\":\"SearchAction\",\"target\":{\"@type\":\"EntryPoint\",\"urlTemplate\":\"https:\/\/avaro-fashion.com\/?s={search_term_string}\"},\"query-input\":{\"@type\":\"PropertyValueSpecification\",\"valueRequired\":true,\"valueName\":\"search_term_string\"}}],\"inLanguage\":\"en-US\"},{\"@type\":\"Organization\",\"@id\":\"https:\/\/avaro-fashion.com\/#organization\",\"name\":\"AVARO Fashion\",\"url\":\"https:\/\/avaro-fashion.com\/\",\"logo\":{\"@type\":\"ImageObject\",\"inLanguage\":\"en-US\",\"@id\":\"https:\/\/avaro-fashion.com\/#\/schema\/logo\/image\/\",\"url\":\"https:\/\/avaro-fashion.com\/wp-content\/uploads\/2025\/06\/Avaro_Fashion-nobg.png\",\"contentUrl\":\"https:\/\/avaro-fashion.com\/wp-content\/uploads\/2025\/06\/Avaro_Fashion-nobg.png\",\"width\":900,\"height\":277,\"caption\":\"AVARO Fashion\"},\"image\":{\"@id\":\"https:\/\/avaro-fashion.com\/#\/schema\/logo\/image\/\"},\"sameAs\":[\"https:\/\/m.facebook.com\/profile.php?id=61576779797329\"]}]}<\/script>\n<!-- \/ Yoast SEO plugin. -->","yoast_head_json":{"title":"Bluz\u0103 AVARO ecru tip corset cu m\u00e2neci bufante - AVARO Fashion","robots":{"index":"index","follow":"follow","max-snippet":"max-snippet:-1","max-image-preview":"max-image-preview:large","max-video-preview":"max-video-preview:-1"},"canonical":"https:\/\/avaro-fashion.com\/en\/product\/bluza-avaro-ecru-tip-corset-cu-maneci-bufante\/","og_locale":"en_US","og_type":"article","og_title":"Bluz\u0103 AVARO ecru tip corset cu m\u00e2neci bufante - AVARO Fashion","og_description":"Bluz\u0103 tip corset cu m\u00e2neci bufante din satin Decolteu \u00een form\u0103 de inim\u0103 M\u00e2nec\u0103 cu volum \u0219i elastic pe um\u0103r \u00cenchidere man\u0219et\u0103 cu un n\u0103sturel tip perl\u0103 Bust dublat pe interior \u00cenchidere la spate cu fermoar deta\u0219abil \u021aes\u0103tur\u0103: satin elastic cu luciu mat Culoare: ecru Lungime lateral corset: 28cm m\u0103rimea 36 \/ S Lungime interior [&hellip;]","og_url":"https:\/\/avaro-fashion.com\/en\/product\/bluza-avaro-ecru-tip-corset-cu-maneci-bufante\/","og_site_name":"AVARO Fashion","article_publisher":"https:\/\/m.facebook.com\/profile.php?id=61576779797329","article_modified_time":"2025-09-16T05:13:50+00:00","og_image":[{"width":1365,"height":2048,"url":"https:\/\/avaro-fashion.com\/wp-content\/uploads\/2025\/06\/B5912-ECRU_P5950-ECRU-1d.jpg","type":"image\/jpeg"}],"twitter_card":"summary_large_image","twitter_misc":{"Est. reading time":"1 minute"},"schema":{"@context":"https:\/\/schema.org","@graph":[{"@type":"WebPage","@id":"https:\/\/avaro-fashion.com\/produs\/bluza-avaro-ecru-tip-corset-cu-maneci-bufante\/","url":"https:\/\/avaro-fashion.com\/produs\/bluza-avaro-ecru-tip-corset-cu-maneci-bufante\/","name":"Bluz\u0103 AVARO ecru tip corset cu m\u00e2neci bufante - AVARO Fashion","isPartOf":{"@id":"https:\/\/avaro-fashion.com\/#website"},"primaryImageOfPage":{"@id":"https:\/\/avaro-fashion.com\/produs\/bluza-avaro-ecru-tip-corset-cu-maneci-bufante\/#primaryimage"},"image":{"@id":"https:\/\/avaro-fashion.com\/produs\/bluza-avaro-ecru-tip-corset-cu-maneci-bufante\/#primaryimage"},"thumbnailUrl":"https:\/\/avaro-fashion.com\/wp-content\/uploads\/2025\/06\/B5912-ECRU_P5950-ECRU-1d.jpg","datePublished":"2025-06-26T06:28:04+00:00","dateModified":"2025-09-16T05:13:50+00:00","breadcrumb":{"@id":"https:\/\/avaro-fashion.com\/produs\/bluza-avaro-ecru-tip-corset-cu-maneci-bufante\/#breadcrumb"},"inLanguage":"en-US","potentialAction":[{"@type":"ReadAction","target":["https:\/\/avaro-fashion.com\/produs\/bluza-avaro-ecru-tip-corset-cu-maneci-bufante\/"]}]},{"@type":"ImageObject","inLanguage":"en-US","@id":"https:\/\/avaro-fashion.com\/produs\/bluza-avaro-ecru-tip-corset-cu-maneci-bufante\/#primaryimage","url":"https:\/\/avaro-fashion.com\/wp-content\/uploads\/2025\/06\/B5912-ECRU_P5950-ECRU-1d.jpg","contentUrl":"https:\/\/avaro-fashion.com\/wp-content\/uploads\/2025\/06\/B5912-ECRU_P5950-ECRU-1d.jpg","width":1365,"height":2048,"caption":"B5912-ECRU_P5950-ECRU"},{"@type":"BreadcrumbList","@id":"https:\/\/avaro-fashion.com\/produs\/bluza-avaro-ecru-tip-corset-cu-maneci-bufante\/#breadcrumb","itemListElement":[{"@type":"ListItem","position":1,"name":"Prima pagin\u0103","item":"https:\/\/avaro-fashion.com\/"},{"@type":"ListItem","position":2,"name":"Magazin","item":"https:\/\/avaro-fashion.com\/magazin\/"},{"@type":"ListItem","position":3,"name":"Bluz\u0103 AVARO ecru tip corset cu m\u00e2neci bufante"}]},{"@type":"WebSite","@id":"https:\/\/avaro-fashion.com\/#website","url":"https:\/\/avaro-fashion.com\/","name":"AVARO Fashion","description":"","publisher":{"@id":"https:\/\/avaro-fashion.com\/#organization"},"potentialAction":[{"@type":"SearchAction","target":{"@type":"EntryPoint","urlTemplate":"https:\/\/avaro-fashion.com\/?s={search_term_string}"},"query-input":{"@type":"PropertyValueSpecification","valueRequired":true,"valueName":"search_term_string"}}],"inLanguage":"en-US"},{"@type":"Organization","@id":"https:\/\/avaro-fashion.com\/#organization","name":"AVARO Fashion","url":"https:\/\/avaro-fashion.com\/","logo":{"@type":"ImageObject","inLanguage":"en-US","@id":"https:\/\/avaro-fashion.com\/#\/schema\/logo\/image\/","url":"https:\/\/avaro-fashion.com\/wp-content\/uploads\/2025\/06\/Avaro_Fashion-nobg.png","contentUrl":"https:\/\/avaro-fashion.com\/wp-content\/uploads\/2025\/06\/Avaro_Fashion-nobg.png","width":900,"height":277,"caption":"AVARO Fashion"},"image":{"@id":"https:\/\/avaro-fashion.com\/#\/schema\/logo\/image\/"},"sameAs":["https:\/\/m.facebook.com\/profile.php?id=61576779797329"]}]}},"_links":{"self":[{"href":"https:\/\/avaro-fashion.com\/en\/wp-json\/wp\/v2\/product\/1800","targetHints":{"allow":["GET"]}}],"collection":[{"href":"https:\/\/avaro-fashion.com\/en\/wp-json\/wp\/v2\/product"}],"about":[{"href":"https:\/\/avaro-fashion.com\/en\/wp-json\/wp\/v2\/types\/product"}],"replies":[{"embeddable":true,"href":"https:\/\/avaro-fashion.com\/en\/wp-json\/wp\/v2\/comments?post=1800"}],"wp:featuredmedia":[{"embeddable":true,"href":"https:\/\/avaro-fashion.com\/en\/wp-json\/wp\/v2\/media\/1807"}],"wp:attachment":[{"href":"https:\/\/avaro-fashion.com\/en\/wp-json\/wp\/v2\/media?parent=1800"}],"wp:term":[{"taxonomy":"product_brand","embeddable":true,"href":"https:\/\/avaro-fashion.com\/en\/wp-json\/wp\/v2\/product_brand?post=1800"},{"taxonomy":"product_cat","embeddable":true,"href":"https:\/\/avaro-fashion.com\/en\/wp-json\/wp\/v2\/product_cat?post=1800"},{"taxonomy":"product_tag","embeddable":true,"href":"https:\/\/avaro-fashion.com\/en\/wp-json\/wp\/v2\/product_tag?post=1800"}],"curies":[{"name":"wp","href":"https:\/\/api.w.org\/{rel}","templated":true}]}}