{"id":1946,"date":"2025-06-26T10:55:10","date_gmt":"2025-06-26T07:55:10","guid":{"rendered":"https:\/\/avaro-fashion.com\/?post_type=product&#038;p=1946"},"modified":"2026-02-26T15:04:12","modified_gmt":"2026-02-26T12:04:12","slug":"camasa-avaro-office-cu-jabou-din-voal-imprimat-cu-fir-lurex","status":"publish","type":"product","link":"https:\/\/avaro-fashion.com\/en\/product\/camasa-avaro-office-cu-jabou-din-voal-imprimat-cu-fir-lurex\/","title":{"rendered":"AVARO office shirt with printed voile jabot with lurex thread"},"content":{"rendered":"<ul>\n<li>Straight-cut shirt in printed voile with lurex thread<\/li>\n<li>Slightly puffed sleeve above the elbow with cuff at the end<\/li>\n<li>Cuff with jewel-shaped snap closure with stone<\/li>\n<li>Classic pointed collar and front placket<\/li>\n<li>Voile fabric with floral print and gold lurex thread<\/li>\n<li>Front closure with jewel-type buttons with stones<\/li>\n<li>Composition: 99% polyester, 1% lurex<\/li>\n<\/ul>","protected":false},"excerpt":{"rendered":"<p>C\u0103ma\u0219\u0103 cu croial\u0103 dreapt\u0103 din voal imprimat cu fir lurex M\u00e2nec\u0103 deasupra cotului u\u0219or bufant\u0103 cu man\u0219et\u0103 la termina\u021bie Man\u0219et\u0103 cu \u00eenchidere cu n\u0103sturel \u00een form\u0103 de bijuterie cu piatr\u0103 Guler clasic ascu\u021bit \u0219i jabou aplicat pe fa\u021b\u0103 \u021aes\u0103tur\u0103 voal cu imprimeu floral cu fir lurex auriu \u00cenchidere frontal\u0103 cu n\u0103sturei tip bijuterie cu pietre [&hellip;]<\/p>\n","protected":false},"featured_media":1953,"comment_status":"open","ping_status":"closed","template":"","meta":{"_acf_changed":false,"site-sidebar-layout":"default","site-content-layout":"","ast-site-content-layout":"default","site-content-style":"default","site-sidebar-style":"default","ast-global-header-display":"","ast-banner-title-visibility":"","ast-main-header-display":"","ast-hfb-above-header-display":"","ast-hfb-below-header-display":"","ast-hfb-mobile-header-display":"","site-post-title":"","ast-breadcrumbs-content":"","ast-featured-img":"","footer-sml-layout":"","ast-disable-related-posts":"","theme-transparent-header-meta":"default","adv-header-id-meta":"","stick-header-meta":"","header-above-stick-meta":"","header-main-stick-meta":"","header-below-stick-meta":"","astra-migrate-meta-layouts":"set","ast-page-background-enabled":"default","ast-page-background-meta":{"desktop":{"background-color":"","background-image":"","background-repeat":"repeat","background-position":"center center","background-size":"auto","background-attachment":"scroll","background-type":"","background-media":"","overlay-type":"","overlay-color":"","overlay-opacity":"","overlay-gradient":""},"tablet":{"background-color":"","background-image":"","background-repeat":"repeat","background-position":"center center","background-size":"auto","background-attachment":"scroll","background-type":"","background-media":"","overlay-type":"","overlay-color":"","overlay-opacity":"","overlay-gradient":""},"mobile":{"background-color":"","background-image":"","background-repeat":"repeat","background-position":"center center","background-size":"auto","background-attachment":"scroll","background-type":"","background-media":"","overlay-type":"","overlay-color":"","overlay-opacity":"","overlay-gradient":""}},"ast-content-background-meta":{"desktop":{"background-color":"var(--ast-global-color-5)","background-image":"","background-repeat":"repeat","background-position":"center center","background-size":"auto","background-attachment":"scroll","background-type":"","background-media":"","overlay-type":"","overlay-color":"","overlay-opacity":"","overlay-gradient":""},"tablet":{"background-color":"var(--ast-global-color-5)","background-image":"","background-repeat":"repeat","background-position":"center center","background-size":"auto","background-attachment":"scroll","background-type":"","background-media":"","overlay-type":"","overlay-color":"","overlay-opacity":"","overlay-gradient":""},"mobile":{"background-color":"var(--ast-global-color-5)","background-image":"","background-repeat":"repeat","background-position":"center center","background-size":"auto","background-attachment":"scroll","background-type":"","background-media":"","overlay-type":"","overlay-color":"","overlay-opacity":"","overlay-gradient":""}}},"product_brand":[],"product_cat":[52],"product_tag":[],"class_list":{"0":"post-1946","1":"product","2":"type-product","3":"status-publish","4":"has-post-thumbnail","6":"public_tinta-femei","7":"tip_produs_general-imbracaminte","8":"product_cat-bluze-camasi","9":"desktop-align-left","10":"tablet-align-left","11":"mobile-align-left","13":"first","14":"instock","15":"sale","16":"taxable","17":"shipping-taxable","18":"purchasable","19":"product-type-variable","20":"add-to-wishlist-before_image","21":"wpzoom-wc-spi-has-enabled"},"acf":[],"yoast_head":"<!-- This site is optimized with the Yoast SEO plugin v26.9 - https:\/\/yoast.com\/product\/yoast-seo-wordpress\/ -->\n<title>C\u0103ma\u0219\u0103 AVARO office cu jabou din voal imprimat cu fir lurex - AVARO Fashion<\/title>\n<meta name=\"description\" content=\"C\u0103ma\u0219\u0103 AVARO office din voal cu jabou decorativ \u0219i imprimeu floral cu fir lurex. Croial\u0103 dreapt\u0103, elegant\u0103, cu detalii tip bijuterie\" \/>\n<meta name=\"robots\" content=\"index, follow, max-snippet:-1, max-image-preview:large, max-video-preview:-1\" \/>\n<link rel=\"canonical\" href=\"https:\/\/avaro-fashion.com\/en\/product\/camasa-avaro-office-cu-jabou-din-voal-imprimat-cu-fir-lurex\/\" \/>\n<meta property=\"og:locale\" content=\"en_US\" \/>\n<meta property=\"og:type\" content=\"article\" \/>\n<meta property=\"og:title\" content=\"C\u0103ma\u0219\u0103 AVARO office cu jabou din voal imprimat cu fir lurex - AVARO Fashion\" \/>\n<meta property=\"og:description\" content=\"C\u0103ma\u0219\u0103 AVARO office din voal cu jabou decorativ \u0219i imprimeu floral cu fir lurex. Croial\u0103 dreapt\u0103, elegant\u0103, cu detalii tip bijuterie\" \/>\n<meta property=\"og:url\" content=\"https:\/\/avaro-fashion.com\/en\/product\/camasa-avaro-office-cu-jabou-din-voal-imprimat-cu-fir-lurex\/\" \/>\n<meta property=\"og:site_name\" content=\"AVARO Fashion\" \/>\n<meta property=\"article:publisher\" content=\"https:\/\/m.facebook.com\/profile.php?id=61576779797329\" \/>\n<meta property=\"article:modified_time\" content=\"2026-02-26T12:04:12+00:00\" \/>\n<meta property=\"og:image\" content=\"https:\/\/avaro-fashion.com\/wp-content\/uploads\/2025\/06\/C6839-ECRU_F6692-SOMON-1d.jpg\" \/>\n\t<meta property=\"og:image:width\" content=\"1365\" \/>\n\t<meta property=\"og:image:height\" content=\"2048\" \/>\n\t<meta property=\"og:image:type\" content=\"image\/jpeg\" \/>\n<meta name=\"twitter:card\" content=\"summary_large_image\" \/>\n<meta name=\"twitter:label1\" content=\"Est. reading time\" \/>\n\t<meta name=\"twitter:data1\" content=\"1 minute\" \/>\n<script type=\"application\/ld+json\" class=\"yoast-schema-graph\">{\"@context\":\"https:\/\/schema.org\",\"@graph\":[{\"@type\":\"WebPage\",\"@id\":\"https:\/\/avaro-fashion.com\/produs\/camasa-avaro-office-cu-jabou-din-voal-imprimat-cu-fir-lurex\/\",\"url\":\"https:\/\/avaro-fashion.com\/produs\/camasa-avaro-office-cu-jabou-din-voal-imprimat-cu-fir-lurex\/\",\"name\":\"C\u0103ma\u0219\u0103 AVARO office cu jabou din voal imprimat cu fir lurex - AVARO Fashion\",\"isPartOf\":{\"@id\":\"https:\/\/avaro-fashion.com\/#website\"},\"primaryImageOfPage\":{\"@id\":\"https:\/\/avaro-fashion.com\/produs\/camasa-avaro-office-cu-jabou-din-voal-imprimat-cu-fir-lurex\/#primaryimage\"},\"image\":{\"@id\":\"https:\/\/avaro-fashion.com\/produs\/camasa-avaro-office-cu-jabou-din-voal-imprimat-cu-fir-lurex\/#primaryimage\"},\"thumbnailUrl\":\"https:\/\/avaro-fashion.com\/wp-content\/uploads\/2025\/06\/C6839-ECRU_F6692-SOMON-1d.jpg\",\"datePublished\":\"2025-06-26T07:55:10+00:00\",\"dateModified\":\"2026-02-26T12:04:12+00:00\",\"description\":\"C\u0103ma\u0219\u0103 AVARO office din voal cu jabou decorativ \u0219i imprimeu floral cu fir lurex. Croial\u0103 dreapt\u0103, elegant\u0103, cu detalii tip bijuterie\",\"breadcrumb\":{\"@id\":\"https:\/\/avaro-fashion.com\/produs\/camasa-avaro-office-cu-jabou-din-voal-imprimat-cu-fir-lurex\/#breadcrumb\"},\"inLanguage\":\"en-US\",\"potentialAction\":[{\"@type\":\"ReadAction\",\"target\":[\"https:\/\/avaro-fashion.com\/produs\/camasa-avaro-office-cu-jabou-din-voal-imprimat-cu-fir-lurex\/\"]}]},{\"@type\":\"ImageObject\",\"inLanguage\":\"en-US\",\"@id\":\"https:\/\/avaro-fashion.com\/produs\/camasa-avaro-office-cu-jabou-din-voal-imprimat-cu-fir-lurex\/#primaryimage\",\"url\":\"https:\/\/avaro-fashion.com\/wp-content\/uploads\/2025\/06\/C6839-ECRU_F6692-SOMON-1d.jpg\",\"contentUrl\":\"https:\/\/avaro-fashion.com\/wp-content\/uploads\/2025\/06\/C6839-ECRU_F6692-SOMON-1d.jpg\",\"width\":1365,\"height\":2048},{\"@type\":\"BreadcrumbList\",\"@id\":\"https:\/\/avaro-fashion.com\/produs\/camasa-avaro-office-cu-jabou-din-voal-imprimat-cu-fir-lurex\/#breadcrumb\",\"itemListElement\":[{\"@type\":\"ListItem\",\"position\":1,\"name\":\"Prima pagin\u0103\",\"item\":\"https:\/\/avaro-fashion.com\/\"},{\"@type\":\"ListItem\",\"position\":2,\"name\":\"Magazin\",\"item\":\"https:\/\/avaro-fashion.com\/magazin\/\"},{\"@type\":\"ListItem\",\"position\":3,\"name\":\"C\u0103ma\u0219\u0103 AVARO office cu jabou din voal imprimat cu fir lurex\"}]},{\"@type\":\"WebSite\",\"@id\":\"https:\/\/avaro-fashion.com\/#website\",\"url\":\"https:\/\/avaro-fashion.com\/\",\"name\":\"AVARO Fashion\",\"description\":\"\",\"publisher\":{\"@id\":\"https:\/\/avaro-fashion.com\/#organization\"},\"potentialAction\":[{\"@type\":\"SearchAction\",\"target\":{\"@type\":\"EntryPoint\",\"urlTemplate\":\"https:\/\/avaro-fashion.com\/?s={search_term_string}\"},\"query-input\":{\"@type\":\"PropertyValueSpecification\",\"valueRequired\":true,\"valueName\":\"search_term_string\"}}],\"inLanguage\":\"en-US\"},{\"@type\":\"Organization\",\"@id\":\"https:\/\/avaro-fashion.com\/#organization\",\"name\":\"AVARO Fashion\",\"url\":\"https:\/\/avaro-fashion.com\/\",\"logo\":{\"@type\":\"ImageObject\",\"inLanguage\":\"en-US\",\"@id\":\"https:\/\/avaro-fashion.com\/#\/schema\/logo\/image\/\",\"url\":\"https:\/\/avaro-fashion.com\/wp-content\/uploads\/2025\/06\/Avaro_Fashion-nobg.png\",\"contentUrl\":\"https:\/\/avaro-fashion.com\/wp-content\/uploads\/2025\/06\/Avaro_Fashion-nobg.png\",\"width\":900,\"height\":277,\"caption\":\"AVARO Fashion\"},\"image\":{\"@id\":\"https:\/\/avaro-fashion.com\/#\/schema\/logo\/image\/\"},\"sameAs\":[\"https:\/\/m.facebook.com\/profile.php?id=61576779797329\"]}]}<\/script>\n<!-- \/ Yoast SEO plugin. -->","yoast_head_json":{"title":"C\u0103ma\u0219\u0103 AVARO office cu jabou din voal imprimat cu fir lurex - AVARO Fashion","description":"C\u0103ma\u0219\u0103 AVARO office din voal cu jabou decorativ \u0219i imprimeu floral cu fir lurex. Croial\u0103 dreapt\u0103, elegant\u0103, cu detalii tip bijuterie","robots":{"index":"index","follow":"follow","max-snippet":"max-snippet:-1","max-image-preview":"max-image-preview:large","max-video-preview":"max-video-preview:-1"},"canonical":"https:\/\/avaro-fashion.com\/en\/product\/camasa-avaro-office-cu-jabou-din-voal-imprimat-cu-fir-lurex\/","og_locale":"en_US","og_type":"article","og_title":"C\u0103ma\u0219\u0103 AVARO office cu jabou din voal imprimat cu fir lurex - AVARO Fashion","og_description":"C\u0103ma\u0219\u0103 AVARO office din voal cu jabou decorativ \u0219i imprimeu floral cu fir lurex. Croial\u0103 dreapt\u0103, elegant\u0103, cu detalii tip bijuterie","og_url":"https:\/\/avaro-fashion.com\/en\/product\/camasa-avaro-office-cu-jabou-din-voal-imprimat-cu-fir-lurex\/","og_site_name":"AVARO Fashion","article_publisher":"https:\/\/m.facebook.com\/profile.php?id=61576779797329","article_modified_time":"2026-02-26T12:04:12+00:00","og_image":[{"width":1365,"height":2048,"url":"https:\/\/avaro-fashion.com\/wp-content\/uploads\/2025\/06\/C6839-ECRU_F6692-SOMON-1d.jpg","type":"image\/jpeg"}],"twitter_card":"summary_large_image","twitter_misc":{"Est. reading time":"1 minute"},"schema":{"@context":"https:\/\/schema.org","@graph":[{"@type":"WebPage","@id":"https:\/\/avaro-fashion.com\/produs\/camasa-avaro-office-cu-jabou-din-voal-imprimat-cu-fir-lurex\/","url":"https:\/\/avaro-fashion.com\/produs\/camasa-avaro-office-cu-jabou-din-voal-imprimat-cu-fir-lurex\/","name":"C\u0103ma\u0219\u0103 AVARO office cu jabou din voal imprimat cu fir lurex - AVARO Fashion","isPartOf":{"@id":"https:\/\/avaro-fashion.com\/#website"},"primaryImageOfPage":{"@id":"https:\/\/avaro-fashion.com\/produs\/camasa-avaro-office-cu-jabou-din-voal-imprimat-cu-fir-lurex\/#primaryimage"},"image":{"@id":"https:\/\/avaro-fashion.com\/produs\/camasa-avaro-office-cu-jabou-din-voal-imprimat-cu-fir-lurex\/#primaryimage"},"thumbnailUrl":"https:\/\/avaro-fashion.com\/wp-content\/uploads\/2025\/06\/C6839-ECRU_F6692-SOMON-1d.jpg","datePublished":"2025-06-26T07:55:10+00:00","dateModified":"2026-02-26T12:04:12+00:00","description":"C\u0103ma\u0219\u0103 AVARO office din voal cu jabou decorativ \u0219i imprimeu floral cu fir lurex. Croial\u0103 dreapt\u0103, elegant\u0103, cu detalii tip bijuterie","breadcrumb":{"@id":"https:\/\/avaro-fashion.com\/produs\/camasa-avaro-office-cu-jabou-din-voal-imprimat-cu-fir-lurex\/#breadcrumb"},"inLanguage":"en-US","potentialAction":[{"@type":"ReadAction","target":["https:\/\/avaro-fashion.com\/produs\/camasa-avaro-office-cu-jabou-din-voal-imprimat-cu-fir-lurex\/"]}]},{"@type":"ImageObject","inLanguage":"en-US","@id":"https:\/\/avaro-fashion.com\/produs\/camasa-avaro-office-cu-jabou-din-voal-imprimat-cu-fir-lurex\/#primaryimage","url":"https:\/\/avaro-fashion.com\/wp-content\/uploads\/2025\/06\/C6839-ECRU_F6692-SOMON-1d.jpg","contentUrl":"https:\/\/avaro-fashion.com\/wp-content\/uploads\/2025\/06\/C6839-ECRU_F6692-SOMON-1d.jpg","width":1365,"height":2048},{"@type":"BreadcrumbList","@id":"https:\/\/avaro-fashion.com\/produs\/camasa-avaro-office-cu-jabou-din-voal-imprimat-cu-fir-lurex\/#breadcrumb","itemListElement":[{"@type":"ListItem","position":1,"name":"Prima pagin\u0103","item":"https:\/\/avaro-fashion.com\/"},{"@type":"ListItem","position":2,"name":"Magazin","item":"https:\/\/avaro-fashion.com\/magazin\/"},{"@type":"ListItem","position":3,"name":"C\u0103ma\u0219\u0103 AVARO office cu jabou din voal imprimat cu fir lurex"}]},{"@type":"WebSite","@id":"https:\/\/avaro-fashion.com\/#website","url":"https:\/\/avaro-fashion.com\/","name":"AVARO Fashion","description":"","publisher":{"@id":"https:\/\/avaro-fashion.com\/#organization"},"potentialAction":[{"@type":"SearchAction","target":{"@type":"EntryPoint","urlTemplate":"https:\/\/avaro-fashion.com\/?s={search_term_string}"},"query-input":{"@type":"PropertyValueSpecification","valueRequired":true,"valueName":"search_term_string"}}],"inLanguage":"en-US"},{"@type":"Organization","@id":"https:\/\/avaro-fashion.com\/#organization","name":"AVARO Fashion","url":"https:\/\/avaro-fashion.com\/","logo":{"@type":"ImageObject","inLanguage":"en-US","@id":"https:\/\/avaro-fashion.com\/#\/schema\/logo\/image\/","url":"https:\/\/avaro-fashion.com\/wp-content\/uploads\/2025\/06\/Avaro_Fashion-nobg.png","contentUrl":"https:\/\/avaro-fashion.com\/wp-content\/uploads\/2025\/06\/Avaro_Fashion-nobg.png","width":900,"height":277,"caption":"AVARO Fashion"},"image":{"@id":"https:\/\/avaro-fashion.com\/#\/schema\/logo\/image\/"},"sameAs":["https:\/\/m.facebook.com\/profile.php?id=61576779797329"]}]}},"_links":{"self":[{"href":"https:\/\/avaro-fashion.com\/en\/wp-json\/wp\/v2\/product\/1946","targetHints":{"allow":["GET"]}}],"collection":[{"href":"https:\/\/avaro-fashion.com\/en\/wp-json\/wp\/v2\/product"}],"about":[{"href":"https:\/\/avaro-fashion.com\/en\/wp-json\/wp\/v2\/types\/product"}],"replies":[{"embeddable":true,"href":"https:\/\/avaro-fashion.com\/en\/wp-json\/wp\/v2\/comments?post=1946"}],"wp:featuredmedia":[{"embeddable":true,"href":"https:\/\/avaro-fashion.com\/en\/wp-json\/wp\/v2\/media\/1953"}],"wp:attachment":[{"href":"https:\/\/avaro-fashion.com\/en\/wp-json\/wp\/v2\/media?parent=1946"}],"wp:term":[{"taxonomy":"product_brand","embeddable":true,"href":"https:\/\/avaro-fashion.com\/en\/wp-json\/wp\/v2\/product_brand?post=1946"},{"taxonomy":"product_cat","embeddable":true,"href":"https:\/\/avaro-fashion.com\/en\/wp-json\/wp\/v2\/product_cat?post=1946"},{"taxonomy":"product_tag","embeddable":true,"href":"https:\/\/avaro-fashion.com\/en\/wp-json\/wp\/v2\/product_tag?post=1946"}],"curies":[{"name":"wp","href":"https:\/\/api.w.org\/{rel}","templated":true}]}}