{"id":1994,"date":"2025-06-26T11:20:42","date_gmt":"2025-06-26T08:20:42","guid":{"rendered":"https:\/\/avaro-fashion.com\/?post_type=product&#038;p=1994"},"modified":"2026-04-21T11:58:23","modified_gmt":"2026-04-21T08:58:23","slug":"fusta-avaro-midi-in-clos-din-voal-plisat-imprimat","status":"publish","type":"product","link":"https:\/\/avaro-fashion.com\/en\/product\/fusta-avaro-midi-in-clos-din-voal-plisat-imprimat\/","title":{"rendered":"AVARO midi skirt in pleated printed voile"},"content":{"rendered":"<ul>\n<li>Pleated skirt in printed voile<\/li>\n<li>Lined on the inside with satin fabric<\/li>\n<li>High waist<\/li>\n<li>Cut in clo\u0219<\/li>\n<li>Closes with a hidden zipper at the back<\/li>\n<li>Fabric: printed voile with dots<\/li>\n<li>Color: black<\/li>\n<li>Composition: 100% polyester; 98% polyester, 2% elastane<\/li>\n<li>Product length: approx. 79 cm<\/li>\n<\/ul>","protected":false},"excerpt":{"rendered":"<p>Fust\u0103 plisat\u0103 din voal imprimat Dublat\u0103 pe interior cu \u021bes\u0103tur\u0103 satinat\u0103 Talie \u00eenalt\u0103 Croial\u0103 \u00een clo\u0219 Se \u00eenchide cu fermoar ascuns la spate \u021aes\u0103tur\u0103: voal imprimat-puncte Culoare: negru Compozi\u021bie: 100% poliester; 98% poliester, 2% elastan Lungimea produsului: aprox. 79 cm<\/p>","protected":false},"featured_media":2003,"comment_status":"open","ping_status":"closed","template":"","meta":{"_acf_changed":false,"site-sidebar-layout":"default","site-content-layout":"","ast-site-content-layout":"default","site-content-style":"default","site-sidebar-style":"default","ast-global-header-display":"","ast-banner-title-visibility":"","ast-main-header-display":"","ast-hfb-above-header-display":"","ast-hfb-below-header-display":"","ast-hfb-mobile-header-display":"","site-post-title":"","ast-breadcrumbs-content":"","ast-featured-img":"","footer-sml-layout":"","ast-disable-related-posts":"","theme-transparent-header-meta":"default","adv-header-id-meta":"","stick-header-meta":"","header-above-stick-meta":"","header-main-stick-meta":"","header-below-stick-meta":"","astra-migrate-meta-layouts":"set","ast-page-background-enabled":"default","ast-page-background-meta":{"desktop":{"background-color":"","background-image":"","background-repeat":"repeat","background-position":"center center","background-size":"auto","background-attachment":"scroll","background-type":"","background-media":"","overlay-type":"","overlay-color":"","overlay-opacity":"","overlay-gradient":""},"tablet":{"background-color":"","background-image":"","background-repeat":"repeat","background-position":"center center","background-size":"auto","background-attachment":"scroll","background-type":"","background-media":"","overlay-type":"","overlay-color":"","overlay-opacity":"","overlay-gradient":""},"mobile":{"background-color":"","background-image":"","background-repeat":"repeat","background-position":"center center","background-size":"auto","background-attachment":"scroll","background-type":"","background-media":"","overlay-type":"","overlay-color":"","overlay-opacity":"","overlay-gradient":""}},"ast-content-background-meta":{"desktop":{"background-color":"var(--ast-global-color-5)","background-image":"","background-repeat":"repeat","background-position":"center center","background-size":"auto","background-attachment":"scroll","background-type":"","background-media":"","overlay-type":"","overlay-color":"","overlay-opacity":"","overlay-gradient":""},"tablet":{"background-color":"var(--ast-global-color-5)","background-image":"","background-repeat":"repeat","background-position":"center center","background-size":"auto","background-attachment":"scroll","background-type":"","background-media":"","overlay-type":"","overlay-color":"","overlay-opacity":"","overlay-gradient":""},"mobile":{"background-color":"var(--ast-global-color-5)","background-image":"","background-repeat":"repeat","background-position":"center center","background-size":"auto","background-attachment":"scroll","background-type":"","background-media":"","overlay-type":"","overlay-color":"","overlay-opacity":"","overlay-gradient":""}}},"product_brand":[],"product_cat":[43],"product_tag":[],"class_list":{"0":"post-1994","1":"product","2":"type-product","3":"status-publish","4":"has-post-thumbnail","6":"public_tinta-femei","7":"tip_produs_general-imbracaminte","8":"product_cat-fuste","9":"desktop-align-left","10":"tablet-align-left","11":"mobile-align-left","13":"first","14":"instock","15":"sale","16":"taxable","17":"shipping-taxable","18":"purchasable","19":"product-type-variable","20":"add-to-wishlist-before_image","21":"wpzoom-wc-spi-has-enabled"},"acf":[],"yoast_head":"<!-- This site is optimized with the Yoast SEO plugin v26.9 - https:\/\/yoast.com\/product\/yoast-seo-wordpress\/ -->\n<title>Fust\u0103 AVARO midi \u00een clo\u0219 din voal plisat imprimat - AVARO Fashion<\/title>\n<meta name=\"robots\" content=\"index, follow, max-snippet:-1, max-image-preview:large, max-video-preview:-1\" \/>\n<link rel=\"canonical\" href=\"https:\/\/avaro-fashion.com\/en\/product\/fusta-avaro-midi-in-clos-din-voal-plisat-imprimat\/\" \/>\n<meta property=\"og:locale\" content=\"en_US\" \/>\n<meta property=\"og:type\" content=\"article\" \/>\n<meta property=\"og:title\" content=\"Fust\u0103 AVARO midi \u00een clo\u0219 din voal plisat imprimat - AVARO Fashion\" \/>\n<meta property=\"og:description\" content=\"Fust\u0103 plisat\u0103 din voal imprimat Dublat\u0103 pe interior cu \u021bes\u0103tur\u0103 satinat\u0103 Talie \u00eenalt\u0103 Croial\u0103 \u00een clo\u0219 Se \u00eenchide cu fermoar ascuns la spate \u021aes\u0103tur\u0103: voal imprimat-puncte Culoare: negru Compozi\u021bie: 100% poliester; 98% poliester, 2% elastan Lungimea produsului: aprox. 79 cm\" \/>\n<meta property=\"og:url\" content=\"https:\/\/avaro-fashion.com\/en\/product\/fusta-avaro-midi-in-clos-din-voal-plisat-imprimat\/\" \/>\n<meta property=\"og:site_name\" content=\"AVARO Fashion\" \/>\n<meta property=\"article:publisher\" content=\"https:\/\/m.facebook.com\/profile.php?id=61576779797329\" \/>\n<meta property=\"article:modified_time\" content=\"2026-04-21T08:58:23+00:00\" \/>\n<meta property=\"og:image\" content=\"https:\/\/avaro-fashion.com\/wp-content\/uploads\/2025\/06\/B6652-BEJ_F6657-NEGRU-PUNCTE-1.jpg\" \/>\n\t<meta property=\"og:image:width\" content=\"1365\" \/>\n\t<meta property=\"og:image:height\" content=\"2048\" \/>\n\t<meta property=\"og:image:type\" content=\"image\/jpeg\" \/>\n<meta name=\"twitter:card\" content=\"summary_large_image\" \/>\n<meta name=\"twitter:label1\" content=\"Est. reading time\" \/>\n\t<meta name=\"twitter:data1\" content=\"1 minute\" \/>\n<script type=\"application\/ld+json\" class=\"yoast-schema-graph\">{\"@context\":\"https:\/\/schema.org\",\"@graph\":[{\"@type\":\"WebPage\",\"@id\":\"https:\/\/avaro-fashion.com\/produs\/fusta-avaro-midi-in-clos-din-voal-plisat-imprimat\/\",\"url\":\"https:\/\/avaro-fashion.com\/produs\/fusta-avaro-midi-in-clos-din-voal-plisat-imprimat\/\",\"name\":\"Fust\u0103 AVARO midi \u00een clo\u0219 din voal plisat imprimat - AVARO Fashion\",\"isPartOf\":{\"@id\":\"https:\/\/avaro-fashion.com\/#website\"},\"primaryImageOfPage\":{\"@id\":\"https:\/\/avaro-fashion.com\/produs\/fusta-avaro-midi-in-clos-din-voal-plisat-imprimat\/#primaryimage\"},\"image\":{\"@id\":\"https:\/\/avaro-fashion.com\/produs\/fusta-avaro-midi-in-clos-din-voal-plisat-imprimat\/#primaryimage\"},\"thumbnailUrl\":\"https:\/\/avaro-fashion.com\/wp-content\/uploads\/2025\/06\/B6652-BEJ_F6657-NEGRU-PUNCTE-1.jpg\",\"datePublished\":\"2025-06-26T08:20:42+00:00\",\"dateModified\":\"2026-04-21T08:58:23+00:00\",\"breadcrumb\":{\"@id\":\"https:\/\/avaro-fashion.com\/produs\/fusta-avaro-midi-in-clos-din-voal-plisat-imprimat\/#breadcrumb\"},\"inLanguage\":\"en-US\",\"potentialAction\":[{\"@type\":\"ReadAction\",\"target\":[\"https:\/\/avaro-fashion.com\/produs\/fusta-avaro-midi-in-clos-din-voal-plisat-imprimat\/\"]}]},{\"@type\":\"ImageObject\",\"inLanguage\":\"en-US\",\"@id\":\"https:\/\/avaro-fashion.com\/produs\/fusta-avaro-midi-in-clos-din-voal-plisat-imprimat\/#primaryimage\",\"url\":\"https:\/\/avaro-fashion.com\/wp-content\/uploads\/2025\/06\/B6652-BEJ_F6657-NEGRU-PUNCTE-1.jpg\",\"contentUrl\":\"https:\/\/avaro-fashion.com\/wp-content\/uploads\/2025\/06\/B6652-BEJ_F6657-NEGRU-PUNCTE-1.jpg\",\"width\":1365,\"height\":2048},{\"@type\":\"BreadcrumbList\",\"@id\":\"https:\/\/avaro-fashion.com\/produs\/fusta-avaro-midi-in-clos-din-voal-plisat-imprimat\/#breadcrumb\",\"itemListElement\":[{\"@type\":\"ListItem\",\"position\":1,\"name\":\"Prima pagin\u0103\",\"item\":\"https:\/\/avaro-fashion.com\/\"},{\"@type\":\"ListItem\",\"position\":2,\"name\":\"Magazin\",\"item\":\"https:\/\/avaro-fashion.com\/magazin\/\"},{\"@type\":\"ListItem\",\"position\":3,\"name\":\"Fust\u0103 AVARO midi \u00een clo\u0219 din voal plisat imprimat\"}]},{\"@type\":\"WebSite\",\"@id\":\"https:\/\/avaro-fashion.com\/#website\",\"url\":\"https:\/\/avaro-fashion.com\/\",\"name\":\"AVARO Fashion\",\"description\":\"\",\"publisher\":{\"@id\":\"https:\/\/avaro-fashion.com\/#organization\"},\"potentialAction\":[{\"@type\":\"SearchAction\",\"target\":{\"@type\":\"EntryPoint\",\"urlTemplate\":\"https:\/\/avaro-fashion.com\/?s={search_term_string}\"},\"query-input\":{\"@type\":\"PropertyValueSpecification\",\"valueRequired\":true,\"valueName\":\"search_term_string\"}}],\"inLanguage\":\"en-US\"},{\"@type\":\"Organization\",\"@id\":\"https:\/\/avaro-fashion.com\/#organization\",\"name\":\"AVARO Fashion\",\"url\":\"https:\/\/avaro-fashion.com\/\",\"logo\":{\"@type\":\"ImageObject\",\"inLanguage\":\"en-US\",\"@id\":\"https:\/\/avaro-fashion.com\/#\/schema\/logo\/image\/\",\"url\":\"https:\/\/avaro-fashion.com\/wp-content\/uploads\/2025\/06\/Avaro_Fashion-nobg.png\",\"contentUrl\":\"https:\/\/avaro-fashion.com\/wp-content\/uploads\/2025\/06\/Avaro_Fashion-nobg.png\",\"width\":900,\"height\":277,\"caption\":\"AVARO Fashion\"},\"image\":{\"@id\":\"https:\/\/avaro-fashion.com\/#\/schema\/logo\/image\/\"},\"sameAs\":[\"https:\/\/m.facebook.com\/profile.php?id=61576779797329\"]}]}<\/script>\n<!-- \/ Yoast SEO plugin. -->","yoast_head_json":{"title":"Fust\u0103 AVARO midi \u00een clo\u0219 din voal plisat imprimat - AVARO Fashion","robots":{"index":"index","follow":"follow","max-snippet":"max-snippet:-1","max-image-preview":"max-image-preview:large","max-video-preview":"max-video-preview:-1"},"canonical":"https:\/\/avaro-fashion.com\/en\/product\/fusta-avaro-midi-in-clos-din-voal-plisat-imprimat\/","og_locale":"en_US","og_type":"article","og_title":"Fust\u0103 AVARO midi \u00een clo\u0219 din voal plisat imprimat - AVARO Fashion","og_description":"Fust\u0103 plisat\u0103 din voal imprimat Dublat\u0103 pe interior cu \u021bes\u0103tur\u0103 satinat\u0103 Talie \u00eenalt\u0103 Croial\u0103 \u00een clo\u0219 Se \u00eenchide cu fermoar ascuns la spate \u021aes\u0103tur\u0103: voal imprimat-puncte Culoare: negru Compozi\u021bie: 100% poliester; 98% poliester, 2% elastan Lungimea produsului: aprox. 79 cm","og_url":"https:\/\/avaro-fashion.com\/en\/product\/fusta-avaro-midi-in-clos-din-voal-plisat-imprimat\/","og_site_name":"AVARO Fashion","article_publisher":"https:\/\/m.facebook.com\/profile.php?id=61576779797329","article_modified_time":"2026-04-21T08:58:23+00:00","og_image":[{"width":1365,"height":2048,"url":"https:\/\/avaro-fashion.com\/wp-content\/uploads\/2025\/06\/B6652-BEJ_F6657-NEGRU-PUNCTE-1.jpg","type":"image\/jpeg"}],"twitter_card":"summary_large_image","twitter_misc":{"Est. reading time":"1 minute"},"schema":{"@context":"https:\/\/schema.org","@graph":[{"@type":"WebPage","@id":"https:\/\/avaro-fashion.com\/produs\/fusta-avaro-midi-in-clos-din-voal-plisat-imprimat\/","url":"https:\/\/avaro-fashion.com\/produs\/fusta-avaro-midi-in-clos-din-voal-plisat-imprimat\/","name":"Fust\u0103 AVARO midi \u00een clo\u0219 din voal plisat imprimat - AVARO Fashion","isPartOf":{"@id":"https:\/\/avaro-fashion.com\/#website"},"primaryImageOfPage":{"@id":"https:\/\/avaro-fashion.com\/produs\/fusta-avaro-midi-in-clos-din-voal-plisat-imprimat\/#primaryimage"},"image":{"@id":"https:\/\/avaro-fashion.com\/produs\/fusta-avaro-midi-in-clos-din-voal-plisat-imprimat\/#primaryimage"},"thumbnailUrl":"https:\/\/avaro-fashion.com\/wp-content\/uploads\/2025\/06\/B6652-BEJ_F6657-NEGRU-PUNCTE-1.jpg","datePublished":"2025-06-26T08:20:42+00:00","dateModified":"2026-04-21T08:58:23+00:00","breadcrumb":{"@id":"https:\/\/avaro-fashion.com\/produs\/fusta-avaro-midi-in-clos-din-voal-plisat-imprimat\/#breadcrumb"},"inLanguage":"en-US","potentialAction":[{"@type":"ReadAction","target":["https:\/\/avaro-fashion.com\/produs\/fusta-avaro-midi-in-clos-din-voal-plisat-imprimat\/"]}]},{"@type":"ImageObject","inLanguage":"en-US","@id":"https:\/\/avaro-fashion.com\/produs\/fusta-avaro-midi-in-clos-din-voal-plisat-imprimat\/#primaryimage","url":"https:\/\/avaro-fashion.com\/wp-content\/uploads\/2025\/06\/B6652-BEJ_F6657-NEGRU-PUNCTE-1.jpg","contentUrl":"https:\/\/avaro-fashion.com\/wp-content\/uploads\/2025\/06\/B6652-BEJ_F6657-NEGRU-PUNCTE-1.jpg","width":1365,"height":2048},{"@type":"BreadcrumbList","@id":"https:\/\/avaro-fashion.com\/produs\/fusta-avaro-midi-in-clos-din-voal-plisat-imprimat\/#breadcrumb","itemListElement":[{"@type":"ListItem","position":1,"name":"Prima pagin\u0103","item":"https:\/\/avaro-fashion.com\/"},{"@type":"ListItem","position":2,"name":"Magazin","item":"https:\/\/avaro-fashion.com\/magazin\/"},{"@type":"ListItem","position":3,"name":"Fust\u0103 AVARO midi \u00een clo\u0219 din voal plisat imprimat"}]},{"@type":"WebSite","@id":"https:\/\/avaro-fashion.com\/#website","url":"https:\/\/avaro-fashion.com\/","name":"AVARO Fashion","description":"","publisher":{"@id":"https:\/\/avaro-fashion.com\/#organization"},"potentialAction":[{"@type":"SearchAction","target":{"@type":"EntryPoint","urlTemplate":"https:\/\/avaro-fashion.com\/?s={search_term_string}"},"query-input":{"@type":"PropertyValueSpecification","valueRequired":true,"valueName":"search_term_string"}}],"inLanguage":"en-US"},{"@type":"Organization","@id":"https:\/\/avaro-fashion.com\/#organization","name":"AVARO Fashion","url":"https:\/\/avaro-fashion.com\/","logo":{"@type":"ImageObject","inLanguage":"en-US","@id":"https:\/\/avaro-fashion.com\/#\/schema\/logo\/image\/","url":"https:\/\/avaro-fashion.com\/wp-content\/uploads\/2025\/06\/Avaro_Fashion-nobg.png","contentUrl":"https:\/\/avaro-fashion.com\/wp-content\/uploads\/2025\/06\/Avaro_Fashion-nobg.png","width":900,"height":277,"caption":"AVARO Fashion"},"image":{"@id":"https:\/\/avaro-fashion.com\/#\/schema\/logo\/image\/"},"sameAs":["https:\/\/m.facebook.com\/profile.php?id=61576779797329"]}]}},"_links":{"self":[{"href":"https:\/\/avaro-fashion.com\/en\/wp-json\/wp\/v2\/product\/1994","targetHints":{"allow":["GET"]}}],"collection":[{"href":"https:\/\/avaro-fashion.com\/en\/wp-json\/wp\/v2\/product"}],"about":[{"href":"https:\/\/avaro-fashion.com\/en\/wp-json\/wp\/v2\/types\/product"}],"replies":[{"embeddable":true,"href":"https:\/\/avaro-fashion.com\/en\/wp-json\/wp\/v2\/comments?post=1994"}],"wp:featuredmedia":[{"embeddable":true,"href":"https:\/\/avaro-fashion.com\/en\/wp-json\/wp\/v2\/media\/2003"}],"wp:attachment":[{"href":"https:\/\/avaro-fashion.com\/en\/wp-json\/wp\/v2\/media?parent=1994"}],"wp:term":[{"taxonomy":"product_brand","embeddable":true,"href":"https:\/\/avaro-fashion.com\/en\/wp-json\/wp\/v2\/product_brand?post=1994"},{"taxonomy":"product_cat","embeddable":true,"href":"https:\/\/avaro-fashion.com\/en\/wp-json\/wp\/v2\/product_cat?post=1994"},{"taxonomy":"product_tag","embeddable":true,"href":"https:\/\/avaro-fashion.com\/en\/wp-json\/wp\/v2\/product_tag?post=1994"}],"curies":[{"name":"wp","href":"https:\/\/api.w.org\/{rel}","templated":true}]}}