{"id":2040,"date":"2025-06-26T11:37:33","date_gmt":"2025-06-26T08:37:33","guid":{"rendered":"https:\/\/avaro-fashion.com\/?post_type=product&#038;p=2040"},"modified":"2025-07-21T09:38:42","modified_gmt":"2025-07-21T06:38:42","slug":"maiou-avaro-cu-dantela-delicata-si-bretele-subtiri","status":"publish","type":"product","link":"https:\/\/avaro-fashion.com\/en\/product\/maiou-avaro-cu-dantela-delicata-si-bretele-subtiri\/","title":{"rendered":"AVARO tank top with delicate lace and thin straps"},"content":{"rendered":"<ul>\n<li>Top tip tank top with lace<\/li>\n<li>Neckline finished with delicate lace<\/li>\n<li>Adjustable straps<\/li>\n<li>Lace at the neckline and hem<\/li>\n<li>Slightly satin fabric<\/li>\n<li>Vaporous, non-elastic fabric<\/li>\n<li>Composition: 100% polyester<\/li>\n<\/ul>","protected":false},"excerpt":{"rendered":"<p>Top tip maiou cu dantel\u0103 Decolteu finisat cu dantel\u0103 delicat\u0103 Bretele reglabile Dantel\u0103 la decolteu \u0219i la termina\u021bie \u021aes\u0103tur\u0103 u\u0219or satinat\u0103 \u021aes\u0103tur\u0103 vaporoas\u0103, neelastic\u0103 Compozi\u021bie: 100% poliester<\/p>","protected":false},"featured_media":2051,"comment_status":"open","ping_status":"closed","template":"","meta":{"_acf_changed":false,"site-sidebar-layout":"default","site-content-layout":"","ast-site-content-layout":"default","site-content-style":"default","site-sidebar-style":"default","ast-global-header-display":"","ast-banner-title-visibility":"","ast-main-header-display":"","ast-hfb-above-header-display":"","ast-hfb-below-header-display":"","ast-hfb-mobile-header-display":"","site-post-title":"","ast-breadcrumbs-content":"","ast-featured-img":"","footer-sml-layout":"","ast-disable-related-posts":"","theme-transparent-header-meta":"default","adv-header-id-meta":"","stick-header-meta":"","header-above-stick-meta":"","header-main-stick-meta":"","header-below-stick-meta":"","astra-migrate-meta-layouts":"set","ast-page-background-enabled":"default","ast-page-background-meta":{"desktop":{"background-color":"","background-image":"","background-repeat":"repeat","background-position":"center center","background-size":"auto","background-attachment":"scroll","background-type":"","background-media":"","overlay-type":"","overlay-color":"","overlay-opacity":"","overlay-gradient":""},"tablet":{"background-color":"","background-image":"","background-repeat":"repeat","background-position":"center center","background-size":"auto","background-attachment":"scroll","background-type":"","background-media":"","overlay-type":"","overlay-color":"","overlay-opacity":"","overlay-gradient":""},"mobile":{"background-color":"","background-image":"","background-repeat":"repeat","background-position":"center center","background-size":"auto","background-attachment":"scroll","background-type":"","background-media":"","overlay-type":"","overlay-color":"","overlay-opacity":"","overlay-gradient":""}},"ast-content-background-meta":{"desktop":{"background-color":"var(--ast-global-color-5)","background-image":"","background-repeat":"repeat","background-position":"center center","background-size":"auto","background-attachment":"scroll","background-type":"","background-media":"","overlay-type":"","overlay-color":"","overlay-opacity":"","overlay-gradient":""},"tablet":{"background-color":"var(--ast-global-color-5)","background-image":"","background-repeat":"repeat","background-position":"center center","background-size":"auto","background-attachment":"scroll","background-type":"","background-media":"","overlay-type":"","overlay-color":"","overlay-opacity":"","overlay-gradient":""},"mobile":{"background-color":"var(--ast-global-color-5)","background-image":"","background-repeat":"repeat","background-position":"center center","background-size":"auto","background-attachment":"scroll","background-type":"","background-media":"","overlay-type":"","overlay-color":"","overlay-opacity":"","overlay-gradient":""}}},"product_brand":[],"product_cat":[52],"product_tag":[],"class_list":{"0":"post-2040","1":"product","2":"type-product","3":"status-publish","4":"has-post-thumbnail","6":"colectii-colectie-noua","7":"public_tinta-femei","8":"tip_produs_general-imbracaminte","9":"product_cat-bluze-camasi","10":"desktop-align-left","11":"tablet-align-left","12":"mobile-align-left","14":"first","15":"instock","16":"taxable","17":"shipping-taxable","18":"purchasable","19":"product-type-variable","20":"add-to-wishlist-before_image","21":"wpzoom-wc-spi-has-enabled"},"acf":[],"yoast_head":"<!-- This site is optimized with the Yoast SEO plugin v26.9 - https:\/\/yoast.com\/product\/yoast-seo-wordpress\/ -->\n<title>Maiou AVARO cu dantel\u0103 delicat\u0103 \u0219i bretele sub\u021biri - AVARO Fashion<\/title>\n<meta name=\"description\" content=\"Maiou AVARO din material satinat, cu bretele sub\u021biri reglabile \u0219i dantel\u0103 fin\u0103 la decolteu \u0219i tiv. Feminin, delicat, ideal pentru \u021binute rafinate.\" \/>\n<meta name=\"robots\" content=\"index, follow, max-snippet:-1, max-image-preview:large, max-video-preview:-1\" \/>\n<link rel=\"canonical\" href=\"https:\/\/avaro-fashion.com\/en\/product\/maiou-avaro-cu-dantela-delicata-si-bretele-subtiri\/\" \/>\n<meta property=\"og:locale\" content=\"en_US\" \/>\n<meta property=\"og:type\" content=\"article\" \/>\n<meta property=\"og:title\" content=\"Maiou AVARO cu dantel\u0103 delicat\u0103 \u0219i bretele sub\u021biri - AVARO Fashion\" \/>\n<meta property=\"og:description\" content=\"Maiou AVARO din material satinat, cu bretele sub\u021biri reglabile \u0219i dantel\u0103 fin\u0103 la decolteu \u0219i tiv. Feminin, delicat, ideal pentru \u021binute rafinate.\" \/>\n<meta property=\"og:url\" content=\"https:\/\/avaro-fashion.com\/en\/product\/maiou-avaro-cu-dantela-delicata-si-bretele-subtiri\/\" \/>\n<meta property=\"og:site_name\" content=\"AVARO Fashion\" \/>\n<meta property=\"article:publisher\" content=\"https:\/\/m.facebook.com\/profile.php?id=61576779797329\" \/>\n<meta property=\"article:modified_time\" content=\"2025-07-21T06:38:42+00:00\" \/>\n<meta property=\"og:image\" content=\"https:\/\/avaro-fashion.com\/wp-content\/uploads\/2025\/06\/M6640-ECRU_P6127-ARGINTIU-1d.jpg\" \/>\n\t<meta property=\"og:image:width\" content=\"1365\" \/>\n\t<meta property=\"og:image:height\" content=\"2048\" \/>\n\t<meta property=\"og:image:type\" content=\"image\/jpeg\" \/>\n<meta name=\"twitter:card\" content=\"summary_large_image\" \/>\n<meta name=\"twitter:label1\" content=\"Est. reading time\" \/>\n\t<meta name=\"twitter:data1\" content=\"1 minute\" \/>\n<script type=\"application\/ld+json\" class=\"yoast-schema-graph\">{\"@context\":\"https:\/\/schema.org\",\"@graph\":[{\"@type\":\"WebPage\",\"@id\":\"https:\/\/avaro-fashion.com\/produs\/maiou-avaro-cu-dantela-delicata-si-bretele-subtiri\/\",\"url\":\"https:\/\/avaro-fashion.com\/produs\/maiou-avaro-cu-dantela-delicata-si-bretele-subtiri\/\",\"name\":\"Maiou AVARO cu dantel\u0103 delicat\u0103 \u0219i bretele sub\u021biri - AVARO Fashion\",\"isPartOf\":{\"@id\":\"https:\/\/avaro-fashion.com\/#website\"},\"primaryImageOfPage\":{\"@id\":\"https:\/\/avaro-fashion.com\/produs\/maiou-avaro-cu-dantela-delicata-si-bretele-subtiri\/#primaryimage\"},\"image\":{\"@id\":\"https:\/\/avaro-fashion.com\/produs\/maiou-avaro-cu-dantela-delicata-si-bretele-subtiri\/#primaryimage\"},\"thumbnailUrl\":\"https:\/\/avaro-fashion.com\/wp-content\/uploads\/2025\/06\/M6640-ECRU_P6127-ARGINTIU-1d.jpg\",\"datePublished\":\"2025-06-26T08:37:33+00:00\",\"dateModified\":\"2025-07-21T06:38:42+00:00\",\"description\":\"Maiou AVARO din material satinat, cu bretele sub\u021biri reglabile \u0219i dantel\u0103 fin\u0103 la decolteu \u0219i tiv. Feminin, delicat, ideal pentru \u021binute rafinate.\",\"breadcrumb\":{\"@id\":\"https:\/\/avaro-fashion.com\/produs\/maiou-avaro-cu-dantela-delicata-si-bretele-subtiri\/#breadcrumb\"},\"inLanguage\":\"en-US\",\"potentialAction\":[{\"@type\":\"ReadAction\",\"target\":[\"https:\/\/avaro-fashion.com\/produs\/maiou-avaro-cu-dantela-delicata-si-bretele-subtiri\/\"]}]},{\"@type\":\"ImageObject\",\"inLanguage\":\"en-US\",\"@id\":\"https:\/\/avaro-fashion.com\/produs\/maiou-avaro-cu-dantela-delicata-si-bretele-subtiri\/#primaryimage\",\"url\":\"https:\/\/avaro-fashion.com\/wp-content\/uploads\/2025\/06\/M6640-ECRU_P6127-ARGINTIU-1d.jpg\",\"contentUrl\":\"https:\/\/avaro-fashion.com\/wp-content\/uploads\/2025\/06\/M6640-ECRU_P6127-ARGINTIU-1d.jpg\",\"width\":1365,\"height\":2048},{\"@type\":\"BreadcrumbList\",\"@id\":\"https:\/\/avaro-fashion.com\/produs\/maiou-avaro-cu-dantela-delicata-si-bretele-subtiri\/#breadcrumb\",\"itemListElement\":[{\"@type\":\"ListItem\",\"position\":1,\"name\":\"Prima pagin\u0103\",\"item\":\"https:\/\/avaro-fashion.com\/\"},{\"@type\":\"ListItem\",\"position\":2,\"name\":\"Magazin\",\"item\":\"https:\/\/avaro-fashion.com\/magazin\/\"},{\"@type\":\"ListItem\",\"position\":3,\"name\":\"Maiou AVARO cu dantel\u0103 delicat\u0103 \u0219i bretele sub\u021biri\"}]},{\"@type\":\"WebSite\",\"@id\":\"https:\/\/avaro-fashion.com\/#website\",\"url\":\"https:\/\/avaro-fashion.com\/\",\"name\":\"AVARO Fashion\",\"description\":\"\",\"publisher\":{\"@id\":\"https:\/\/avaro-fashion.com\/#organization\"},\"potentialAction\":[{\"@type\":\"SearchAction\",\"target\":{\"@type\":\"EntryPoint\",\"urlTemplate\":\"https:\/\/avaro-fashion.com\/?s={search_term_string}\"},\"query-input\":{\"@type\":\"PropertyValueSpecification\",\"valueRequired\":true,\"valueName\":\"search_term_string\"}}],\"inLanguage\":\"en-US\"},{\"@type\":\"Organization\",\"@id\":\"https:\/\/avaro-fashion.com\/#organization\",\"name\":\"AVARO Fashion\",\"url\":\"https:\/\/avaro-fashion.com\/\",\"logo\":{\"@type\":\"ImageObject\",\"inLanguage\":\"en-US\",\"@id\":\"https:\/\/avaro-fashion.com\/#\/schema\/logo\/image\/\",\"url\":\"https:\/\/avaro-fashion.com\/wp-content\/uploads\/2025\/06\/Avaro_Fashion-nobg.png\",\"contentUrl\":\"https:\/\/avaro-fashion.com\/wp-content\/uploads\/2025\/06\/Avaro_Fashion-nobg.png\",\"width\":900,\"height\":277,\"caption\":\"AVARO Fashion\"},\"image\":{\"@id\":\"https:\/\/avaro-fashion.com\/#\/schema\/logo\/image\/\"},\"sameAs\":[\"https:\/\/m.facebook.com\/profile.php?id=61576779797329\"]}]}<\/script>\n<!-- \/ Yoast SEO plugin. -->","yoast_head_json":{"title":"Maiou AVARO cu dantel\u0103 delicat\u0103 \u0219i bretele sub\u021biri - AVARO Fashion","description":"Maiou AVARO din material satinat, cu bretele sub\u021biri reglabile \u0219i dantel\u0103 fin\u0103 la decolteu \u0219i tiv. Feminin, delicat, ideal pentru \u021binute rafinate.","robots":{"index":"index","follow":"follow","max-snippet":"max-snippet:-1","max-image-preview":"max-image-preview:large","max-video-preview":"max-video-preview:-1"},"canonical":"https:\/\/avaro-fashion.com\/en\/product\/maiou-avaro-cu-dantela-delicata-si-bretele-subtiri\/","og_locale":"en_US","og_type":"article","og_title":"Maiou AVARO cu dantel\u0103 delicat\u0103 \u0219i bretele sub\u021biri - AVARO Fashion","og_description":"Maiou AVARO din material satinat, cu bretele sub\u021biri reglabile \u0219i dantel\u0103 fin\u0103 la decolteu \u0219i tiv. Feminin, delicat, ideal pentru \u021binute rafinate.","og_url":"https:\/\/avaro-fashion.com\/en\/product\/maiou-avaro-cu-dantela-delicata-si-bretele-subtiri\/","og_site_name":"AVARO Fashion","article_publisher":"https:\/\/m.facebook.com\/profile.php?id=61576779797329","article_modified_time":"2025-07-21T06:38:42+00:00","og_image":[{"width":1365,"height":2048,"url":"https:\/\/avaro-fashion.com\/wp-content\/uploads\/2025\/06\/M6640-ECRU_P6127-ARGINTIU-1d.jpg","type":"image\/jpeg"}],"twitter_card":"summary_large_image","twitter_misc":{"Est. reading time":"1 minute"},"schema":{"@context":"https:\/\/schema.org","@graph":[{"@type":"WebPage","@id":"https:\/\/avaro-fashion.com\/produs\/maiou-avaro-cu-dantela-delicata-si-bretele-subtiri\/","url":"https:\/\/avaro-fashion.com\/produs\/maiou-avaro-cu-dantela-delicata-si-bretele-subtiri\/","name":"Maiou AVARO cu dantel\u0103 delicat\u0103 \u0219i bretele sub\u021biri - AVARO Fashion","isPartOf":{"@id":"https:\/\/avaro-fashion.com\/#website"},"primaryImageOfPage":{"@id":"https:\/\/avaro-fashion.com\/produs\/maiou-avaro-cu-dantela-delicata-si-bretele-subtiri\/#primaryimage"},"image":{"@id":"https:\/\/avaro-fashion.com\/produs\/maiou-avaro-cu-dantela-delicata-si-bretele-subtiri\/#primaryimage"},"thumbnailUrl":"https:\/\/avaro-fashion.com\/wp-content\/uploads\/2025\/06\/M6640-ECRU_P6127-ARGINTIU-1d.jpg","datePublished":"2025-06-26T08:37:33+00:00","dateModified":"2025-07-21T06:38:42+00:00","description":"Maiou AVARO din material satinat, cu bretele sub\u021biri reglabile \u0219i dantel\u0103 fin\u0103 la decolteu \u0219i tiv. Feminin, delicat, ideal pentru \u021binute rafinate.","breadcrumb":{"@id":"https:\/\/avaro-fashion.com\/produs\/maiou-avaro-cu-dantela-delicata-si-bretele-subtiri\/#breadcrumb"},"inLanguage":"en-US","potentialAction":[{"@type":"ReadAction","target":["https:\/\/avaro-fashion.com\/produs\/maiou-avaro-cu-dantela-delicata-si-bretele-subtiri\/"]}]},{"@type":"ImageObject","inLanguage":"en-US","@id":"https:\/\/avaro-fashion.com\/produs\/maiou-avaro-cu-dantela-delicata-si-bretele-subtiri\/#primaryimage","url":"https:\/\/avaro-fashion.com\/wp-content\/uploads\/2025\/06\/M6640-ECRU_P6127-ARGINTIU-1d.jpg","contentUrl":"https:\/\/avaro-fashion.com\/wp-content\/uploads\/2025\/06\/M6640-ECRU_P6127-ARGINTIU-1d.jpg","width":1365,"height":2048},{"@type":"BreadcrumbList","@id":"https:\/\/avaro-fashion.com\/produs\/maiou-avaro-cu-dantela-delicata-si-bretele-subtiri\/#breadcrumb","itemListElement":[{"@type":"ListItem","position":1,"name":"Prima pagin\u0103","item":"https:\/\/avaro-fashion.com\/"},{"@type":"ListItem","position":2,"name":"Magazin","item":"https:\/\/avaro-fashion.com\/magazin\/"},{"@type":"ListItem","position":3,"name":"Maiou AVARO cu dantel\u0103 delicat\u0103 \u0219i bretele sub\u021biri"}]},{"@type":"WebSite","@id":"https:\/\/avaro-fashion.com\/#website","url":"https:\/\/avaro-fashion.com\/","name":"AVARO Fashion","description":"","publisher":{"@id":"https:\/\/avaro-fashion.com\/#organization"},"potentialAction":[{"@type":"SearchAction","target":{"@type":"EntryPoint","urlTemplate":"https:\/\/avaro-fashion.com\/?s={search_term_string}"},"query-input":{"@type":"PropertyValueSpecification","valueRequired":true,"valueName":"search_term_string"}}],"inLanguage":"en-US"},{"@type":"Organization","@id":"https:\/\/avaro-fashion.com\/#organization","name":"AVARO Fashion","url":"https:\/\/avaro-fashion.com\/","logo":{"@type":"ImageObject","inLanguage":"en-US","@id":"https:\/\/avaro-fashion.com\/#\/schema\/logo\/image\/","url":"https:\/\/avaro-fashion.com\/wp-content\/uploads\/2025\/06\/Avaro_Fashion-nobg.png","contentUrl":"https:\/\/avaro-fashion.com\/wp-content\/uploads\/2025\/06\/Avaro_Fashion-nobg.png","width":900,"height":277,"caption":"AVARO Fashion"},"image":{"@id":"https:\/\/avaro-fashion.com\/#\/schema\/logo\/image\/"},"sameAs":["https:\/\/m.facebook.com\/profile.php?id=61576779797329"]}]}},"_links":{"self":[{"href":"https:\/\/avaro-fashion.com\/en\/wp-json\/wp\/v2\/product\/2040","targetHints":{"allow":["GET"]}}],"collection":[{"href":"https:\/\/avaro-fashion.com\/en\/wp-json\/wp\/v2\/product"}],"about":[{"href":"https:\/\/avaro-fashion.com\/en\/wp-json\/wp\/v2\/types\/product"}],"replies":[{"embeddable":true,"href":"https:\/\/avaro-fashion.com\/en\/wp-json\/wp\/v2\/comments?post=2040"}],"wp:featuredmedia":[{"embeddable":true,"href":"https:\/\/avaro-fashion.com\/en\/wp-json\/wp\/v2\/media\/2051"}],"wp:attachment":[{"href":"https:\/\/avaro-fashion.com\/en\/wp-json\/wp\/v2\/media?parent=2040"}],"wp:term":[{"taxonomy":"product_brand","embeddable":true,"href":"https:\/\/avaro-fashion.com\/en\/wp-json\/wp\/v2\/product_brand?post=2040"},{"taxonomy":"product_cat","embeddable":true,"href":"https:\/\/avaro-fashion.com\/en\/wp-json\/wp\/v2\/product_cat?post=2040"},{"taxonomy":"product_tag","embeddable":true,"href":"https:\/\/avaro-fashion.com\/en\/wp-json\/wp\/v2\/product_tag?post=2040"}],"curies":[{"name":"wp","href":"https:\/\/api.w.org\/{rel}","templated":true}]}}