{"id":2100,"date":"2025-06-26T11:58:11","date_gmt":"2025-06-26T08:58:11","guid":{"rendered":"https:\/\/avaro-fashion.com\/?post_type=product&#038;p=2100"},"modified":"2026-02-10T17:43:08","modified_gmt":"2026-02-10T14:43:08","slug":"rochie-avaro-mini-usor-evazata-cu-banda-din-perle-la-maneci","status":"publish","type":"product","link":"https:\/\/avaro-fashion.com\/en\/product\/rochie-avaro-mini-usor-evazata-cu-banda-din-perle-la-maneci\/","title":{"rendered":"AVARO slightly flared mini dress with pearl band on the sleeves"},"content":{"rendered":"<ul>\n<li>Slightly flared mini dress<\/li>\n<li>Cord and buckle accessory with pearls and back closure<\/li>\n<li>Short sleeve with pearl cuff at the end<\/li>\n<li>Slightly flared skirt<\/li>\n<li>High collar with back closure<\/li>\n<li>Satin lining on the bottom<\/li>\n<li>Back closure with hidden zipper and button at the neck<\/li>\n<li>Length from center front shoulder to hem: 87 cm for size 36 (increases by 3 cm for sizes 42 and 44)<\/li>\n<li>Sleeve length: 24 cm<\/li>\n<li>Color: fuchsia<\/li>\n<li>Composition: 90% polyester, 10% spandex; 98% polyester, 2% elastane<\/li>\n<\/ul>","protected":false},"excerpt":{"rendered":"<p>Rochie mini u\u0219or evazat\u0103 Accesoriu tip cordon \u0219i cataram\u0103 perle cu \u00eenchidere la spate M\u00e2nec\u0103 scurt\u0103 cu vipu\u0219c\u0103 din perle la termina\u021bie Fust\u0103 u\u0219or evazat\u0103 Guler \u00eenalt cu \u00eenchidere la spate Dublur\u0103 satinat\u0103 pe partea de jos \u00cenchidere la spate cu fermoar ascuns \u0219i n\u0103sturel \u00een zona g\u00e2tului Lungime mijloc um\u0103r fa\u021b\u0103 p\u00e2n\u0103 \u00een tiv: [&hellip;]<\/p>\n","protected":false},"featured_media":2109,"comment_status":"open","ping_status":"closed","template":"","meta":{"_acf_changed":false,"site-sidebar-layout":"default","site-content-layout":"","ast-site-content-layout":"default","site-content-style":"default","site-sidebar-style":"default","ast-global-header-display":"","ast-banner-title-visibility":"","ast-main-header-display":"","ast-hfb-above-header-display":"","ast-hfb-below-header-display":"","ast-hfb-mobile-header-display":"","site-post-title":"","ast-breadcrumbs-content":"","ast-featured-img":"","footer-sml-layout":"","ast-disable-related-posts":"","theme-transparent-header-meta":"default","adv-header-id-meta":"","stick-header-meta":"","header-above-stick-meta":"","header-main-stick-meta":"","header-below-stick-meta":"","astra-migrate-meta-layouts":"set","ast-page-background-enabled":"default","ast-page-background-meta":{"desktop":{"background-color":"","background-image":"","background-repeat":"repeat","background-position":"center center","background-size":"auto","background-attachment":"scroll","background-type":"","background-media":"","overlay-type":"","overlay-color":"","overlay-opacity":"","overlay-gradient":""},"tablet":{"background-color":"","background-image":"","background-repeat":"repeat","background-position":"center center","background-size":"auto","background-attachment":"scroll","background-type":"","background-media":"","overlay-type":"","overlay-color":"","overlay-opacity":"","overlay-gradient":""},"mobile":{"background-color":"","background-image":"","background-repeat":"repeat","background-position":"center center","background-size":"auto","background-attachment":"scroll","background-type":"","background-media":"","overlay-type":"","overlay-color":"","overlay-opacity":"","overlay-gradient":""}},"ast-content-background-meta":{"desktop":{"background-color":"var(--ast-global-color-5)","background-image":"","background-repeat":"repeat","background-position":"center center","background-size":"auto","background-attachment":"scroll","background-type":"","background-media":"","overlay-type":"","overlay-color":"","overlay-opacity":"","overlay-gradient":""},"tablet":{"background-color":"var(--ast-global-color-5)","background-image":"","background-repeat":"repeat","background-position":"center center","background-size":"auto","background-attachment":"scroll","background-type":"","background-media":"","overlay-type":"","overlay-color":"","overlay-opacity":"","overlay-gradient":""},"mobile":{"background-color":"var(--ast-global-color-5)","background-image":"","background-repeat":"repeat","background-position":"center center","background-size":"auto","background-attachment":"scroll","background-type":"","background-media":"","overlay-type":"","overlay-color":"","overlay-opacity":"","overlay-gradient":""}}},"product_brand":[],"product_cat":[46],"product_tag":[],"class_list":{"0":"post-2100","1":"product","2":"type-product","3":"status-publish","4":"has-post-thumbnail","6":"public_tinta-femei","7":"tip_produs_general-imbracaminte","8":"product_cat-rochii","9":"desktop-align-left","10":"tablet-align-left","11":"mobile-align-left","13":"first","14":"instock","15":"taxable","16":"shipping-taxable","17":"purchasable","18":"product-type-variable","19":"add-to-wishlist-before_image","20":"wpzoom-wc-spi-has-enabled"},"acf":[],"yoast_head":"<!-- This site is optimized with the Yoast SEO plugin v26.9 - https:\/\/yoast.com\/product\/yoast-seo-wordpress\/ -->\n<title>Rochie AVARO mini u\u0219or evazat\u0103 cu band\u0103 din perle la m\u00e2neci - AVARO Fashion<\/title>\n<meta name=\"robots\" content=\"index, follow, max-snippet:-1, max-image-preview:large, max-video-preview:-1\" \/>\n<link rel=\"canonical\" href=\"https:\/\/avaro-fashion.com\/en\/product\/rochie-avaro-mini-usor-evazata-cu-banda-din-perle-la-maneci\/\" \/>\n<meta property=\"og:locale\" content=\"en_US\" \/>\n<meta property=\"og:type\" content=\"article\" \/>\n<meta property=\"og:title\" content=\"Rochie AVARO mini u\u0219or evazat\u0103 cu band\u0103 din perle la m\u00e2neci - AVARO Fashion\" \/>\n<meta property=\"og:description\" content=\"Rochie mini u\u0219or evazat\u0103 Accesoriu tip cordon \u0219i cataram\u0103 perle cu \u00eenchidere la spate M\u00e2nec\u0103 scurt\u0103 cu vipu\u0219c\u0103 din perle la termina\u021bie Fust\u0103 u\u0219or evazat\u0103 Guler \u00eenalt cu \u00eenchidere la spate Dublur\u0103 satinat\u0103 pe partea de jos \u00cenchidere la spate cu fermoar ascuns \u0219i n\u0103sturel \u00een zona g\u00e2tului Lungime mijloc um\u0103r fa\u021b\u0103 p\u00e2n\u0103 \u00een tiv: [&hellip;]\" \/>\n<meta property=\"og:url\" content=\"https:\/\/avaro-fashion.com\/en\/product\/rochie-avaro-mini-usor-evazata-cu-banda-din-perle-la-maneci\/\" \/>\n<meta property=\"og:site_name\" content=\"AVARO Fashion\" \/>\n<meta property=\"article:publisher\" content=\"https:\/\/m.facebook.com\/profile.php?id=61576779797329\" \/>\n<meta property=\"article:modified_time\" content=\"2026-02-10T14:43:08+00:00\" \/>\n<meta property=\"og:image\" content=\"https:\/\/avaro-fashion.com\/wp-content\/uploads\/2025\/06\/R5763-FUCHSIA-1d.jpg\" \/>\n\t<meta property=\"og:image:width\" content=\"1365\" \/>\n\t<meta property=\"og:image:height\" content=\"2048\" \/>\n\t<meta property=\"og:image:type\" content=\"image\/jpeg\" \/>\n<meta name=\"twitter:card\" content=\"summary_large_image\" \/>\n<meta name=\"twitter:label1\" content=\"Est. reading time\" \/>\n\t<meta name=\"twitter:data1\" content=\"1 minute\" \/>\n<script type=\"application\/ld+json\" class=\"yoast-schema-graph\">{\"@context\":\"https:\/\/schema.org\",\"@graph\":[{\"@type\":\"WebPage\",\"@id\":\"https:\/\/avaro-fashion.com\/produs\/rochie-avaro-mini-usor-evazata-cu-banda-din-perle-la-maneci\/\",\"url\":\"https:\/\/avaro-fashion.com\/produs\/rochie-avaro-mini-usor-evazata-cu-banda-din-perle-la-maneci\/\",\"name\":\"Rochie AVARO mini u\u0219or evazat\u0103 cu band\u0103 din perle la m\u00e2neci - AVARO Fashion\",\"isPartOf\":{\"@id\":\"https:\/\/avaro-fashion.com\/#website\"},\"primaryImageOfPage\":{\"@id\":\"https:\/\/avaro-fashion.com\/produs\/rochie-avaro-mini-usor-evazata-cu-banda-din-perle-la-maneci\/#primaryimage\"},\"image\":{\"@id\":\"https:\/\/avaro-fashion.com\/produs\/rochie-avaro-mini-usor-evazata-cu-banda-din-perle-la-maneci\/#primaryimage\"},\"thumbnailUrl\":\"https:\/\/avaro-fashion.com\/wp-content\/uploads\/2025\/06\/R5763-FUCHSIA-1d.jpg\",\"datePublished\":\"2025-06-26T08:58:11+00:00\",\"dateModified\":\"2026-02-10T14:43:08+00:00\",\"breadcrumb\":{\"@id\":\"https:\/\/avaro-fashion.com\/produs\/rochie-avaro-mini-usor-evazata-cu-banda-din-perle-la-maneci\/#breadcrumb\"},\"inLanguage\":\"en-US\",\"potentialAction\":[{\"@type\":\"ReadAction\",\"target\":[\"https:\/\/avaro-fashion.com\/produs\/rochie-avaro-mini-usor-evazata-cu-banda-din-perle-la-maneci\/\"]}]},{\"@type\":\"ImageObject\",\"inLanguage\":\"en-US\",\"@id\":\"https:\/\/avaro-fashion.com\/produs\/rochie-avaro-mini-usor-evazata-cu-banda-din-perle-la-maneci\/#primaryimage\",\"url\":\"https:\/\/avaro-fashion.com\/wp-content\/uploads\/2025\/06\/R5763-FUCHSIA-1d.jpg\",\"contentUrl\":\"https:\/\/avaro-fashion.com\/wp-content\/uploads\/2025\/06\/R5763-FUCHSIA-1d.jpg\",\"width\":1365,\"height\":2048},{\"@type\":\"BreadcrumbList\",\"@id\":\"https:\/\/avaro-fashion.com\/produs\/rochie-avaro-mini-usor-evazata-cu-banda-din-perle-la-maneci\/#breadcrumb\",\"itemListElement\":[{\"@type\":\"ListItem\",\"position\":1,\"name\":\"Prima pagin\u0103\",\"item\":\"https:\/\/avaro-fashion.com\/\"},{\"@type\":\"ListItem\",\"position\":2,\"name\":\"Magazin\",\"item\":\"https:\/\/avaro-fashion.com\/magazin\/\"},{\"@type\":\"ListItem\",\"position\":3,\"name\":\"Rochie AVARO mini u\u0219or evazat\u0103 cu band\u0103 din perle la m\u00e2neci\"}]},{\"@type\":\"WebSite\",\"@id\":\"https:\/\/avaro-fashion.com\/#website\",\"url\":\"https:\/\/avaro-fashion.com\/\",\"name\":\"AVARO Fashion\",\"description\":\"\",\"publisher\":{\"@id\":\"https:\/\/avaro-fashion.com\/#organization\"},\"potentialAction\":[{\"@type\":\"SearchAction\",\"target\":{\"@type\":\"EntryPoint\",\"urlTemplate\":\"https:\/\/avaro-fashion.com\/?s={search_term_string}\"},\"query-input\":{\"@type\":\"PropertyValueSpecification\",\"valueRequired\":true,\"valueName\":\"search_term_string\"}}],\"inLanguage\":\"en-US\"},{\"@type\":\"Organization\",\"@id\":\"https:\/\/avaro-fashion.com\/#organization\",\"name\":\"AVARO Fashion\",\"url\":\"https:\/\/avaro-fashion.com\/\",\"logo\":{\"@type\":\"ImageObject\",\"inLanguage\":\"en-US\",\"@id\":\"https:\/\/avaro-fashion.com\/#\/schema\/logo\/image\/\",\"url\":\"https:\/\/avaro-fashion.com\/wp-content\/uploads\/2025\/06\/Avaro_Fashion-nobg.png\",\"contentUrl\":\"https:\/\/avaro-fashion.com\/wp-content\/uploads\/2025\/06\/Avaro_Fashion-nobg.png\",\"width\":900,\"height\":277,\"caption\":\"AVARO Fashion\"},\"image\":{\"@id\":\"https:\/\/avaro-fashion.com\/#\/schema\/logo\/image\/\"},\"sameAs\":[\"https:\/\/m.facebook.com\/profile.php?id=61576779797329\"]}]}<\/script>\n<!-- \/ Yoast SEO plugin. -->","yoast_head_json":{"title":"Rochie AVARO mini u\u0219or evazat\u0103 cu band\u0103 din perle la m\u00e2neci - AVARO Fashion","robots":{"index":"index","follow":"follow","max-snippet":"max-snippet:-1","max-image-preview":"max-image-preview:large","max-video-preview":"max-video-preview:-1"},"canonical":"https:\/\/avaro-fashion.com\/en\/product\/rochie-avaro-mini-usor-evazata-cu-banda-din-perle-la-maneci\/","og_locale":"en_US","og_type":"article","og_title":"Rochie AVARO mini u\u0219or evazat\u0103 cu band\u0103 din perle la m\u00e2neci - AVARO Fashion","og_description":"Rochie mini u\u0219or evazat\u0103 Accesoriu tip cordon \u0219i cataram\u0103 perle cu \u00eenchidere la spate M\u00e2nec\u0103 scurt\u0103 cu vipu\u0219c\u0103 din perle la termina\u021bie Fust\u0103 u\u0219or evazat\u0103 Guler \u00eenalt cu \u00eenchidere la spate Dublur\u0103 satinat\u0103 pe partea de jos \u00cenchidere la spate cu fermoar ascuns \u0219i n\u0103sturel \u00een zona g\u00e2tului Lungime mijloc um\u0103r fa\u021b\u0103 p\u00e2n\u0103 \u00een tiv: [&hellip;]","og_url":"https:\/\/avaro-fashion.com\/en\/product\/rochie-avaro-mini-usor-evazata-cu-banda-din-perle-la-maneci\/","og_site_name":"AVARO Fashion","article_publisher":"https:\/\/m.facebook.com\/profile.php?id=61576779797329","article_modified_time":"2026-02-10T14:43:08+00:00","og_image":[{"width":1365,"height":2048,"url":"https:\/\/avaro-fashion.com\/wp-content\/uploads\/2025\/06\/R5763-FUCHSIA-1d.jpg","type":"image\/jpeg"}],"twitter_card":"summary_large_image","twitter_misc":{"Est. reading time":"1 minute"},"schema":{"@context":"https:\/\/schema.org","@graph":[{"@type":"WebPage","@id":"https:\/\/avaro-fashion.com\/produs\/rochie-avaro-mini-usor-evazata-cu-banda-din-perle-la-maneci\/","url":"https:\/\/avaro-fashion.com\/produs\/rochie-avaro-mini-usor-evazata-cu-banda-din-perle-la-maneci\/","name":"Rochie AVARO mini u\u0219or evazat\u0103 cu band\u0103 din perle la m\u00e2neci - AVARO Fashion","isPartOf":{"@id":"https:\/\/avaro-fashion.com\/#website"},"primaryImageOfPage":{"@id":"https:\/\/avaro-fashion.com\/produs\/rochie-avaro-mini-usor-evazata-cu-banda-din-perle-la-maneci\/#primaryimage"},"image":{"@id":"https:\/\/avaro-fashion.com\/produs\/rochie-avaro-mini-usor-evazata-cu-banda-din-perle-la-maneci\/#primaryimage"},"thumbnailUrl":"https:\/\/avaro-fashion.com\/wp-content\/uploads\/2025\/06\/R5763-FUCHSIA-1d.jpg","datePublished":"2025-06-26T08:58:11+00:00","dateModified":"2026-02-10T14:43:08+00:00","breadcrumb":{"@id":"https:\/\/avaro-fashion.com\/produs\/rochie-avaro-mini-usor-evazata-cu-banda-din-perle-la-maneci\/#breadcrumb"},"inLanguage":"en-US","potentialAction":[{"@type":"ReadAction","target":["https:\/\/avaro-fashion.com\/produs\/rochie-avaro-mini-usor-evazata-cu-banda-din-perle-la-maneci\/"]}]},{"@type":"ImageObject","inLanguage":"en-US","@id":"https:\/\/avaro-fashion.com\/produs\/rochie-avaro-mini-usor-evazata-cu-banda-din-perle-la-maneci\/#primaryimage","url":"https:\/\/avaro-fashion.com\/wp-content\/uploads\/2025\/06\/R5763-FUCHSIA-1d.jpg","contentUrl":"https:\/\/avaro-fashion.com\/wp-content\/uploads\/2025\/06\/R5763-FUCHSIA-1d.jpg","width":1365,"height":2048},{"@type":"BreadcrumbList","@id":"https:\/\/avaro-fashion.com\/produs\/rochie-avaro-mini-usor-evazata-cu-banda-din-perle-la-maneci\/#breadcrumb","itemListElement":[{"@type":"ListItem","position":1,"name":"Prima pagin\u0103","item":"https:\/\/avaro-fashion.com\/"},{"@type":"ListItem","position":2,"name":"Magazin","item":"https:\/\/avaro-fashion.com\/magazin\/"},{"@type":"ListItem","position":3,"name":"Rochie AVARO mini u\u0219or evazat\u0103 cu band\u0103 din perle la m\u00e2neci"}]},{"@type":"WebSite","@id":"https:\/\/avaro-fashion.com\/#website","url":"https:\/\/avaro-fashion.com\/","name":"AVARO Fashion","description":"","publisher":{"@id":"https:\/\/avaro-fashion.com\/#organization"},"potentialAction":[{"@type":"SearchAction","target":{"@type":"EntryPoint","urlTemplate":"https:\/\/avaro-fashion.com\/?s={search_term_string}"},"query-input":{"@type":"PropertyValueSpecification","valueRequired":true,"valueName":"search_term_string"}}],"inLanguage":"en-US"},{"@type":"Organization","@id":"https:\/\/avaro-fashion.com\/#organization","name":"AVARO Fashion","url":"https:\/\/avaro-fashion.com\/","logo":{"@type":"ImageObject","inLanguage":"en-US","@id":"https:\/\/avaro-fashion.com\/#\/schema\/logo\/image\/","url":"https:\/\/avaro-fashion.com\/wp-content\/uploads\/2025\/06\/Avaro_Fashion-nobg.png","contentUrl":"https:\/\/avaro-fashion.com\/wp-content\/uploads\/2025\/06\/Avaro_Fashion-nobg.png","width":900,"height":277,"caption":"AVARO Fashion"},"image":{"@id":"https:\/\/avaro-fashion.com\/#\/schema\/logo\/image\/"},"sameAs":["https:\/\/m.facebook.com\/profile.php?id=61576779797329"]}]}},"_links":{"self":[{"href":"https:\/\/avaro-fashion.com\/en\/wp-json\/wp\/v2\/product\/2100","targetHints":{"allow":["GET"]}}],"collection":[{"href":"https:\/\/avaro-fashion.com\/en\/wp-json\/wp\/v2\/product"}],"about":[{"href":"https:\/\/avaro-fashion.com\/en\/wp-json\/wp\/v2\/types\/product"}],"replies":[{"embeddable":true,"href":"https:\/\/avaro-fashion.com\/en\/wp-json\/wp\/v2\/comments?post=2100"}],"wp:featuredmedia":[{"embeddable":true,"href":"https:\/\/avaro-fashion.com\/en\/wp-json\/wp\/v2\/media\/2109"}],"wp:attachment":[{"href":"https:\/\/avaro-fashion.com\/en\/wp-json\/wp\/v2\/media?parent=2100"}],"wp:term":[{"taxonomy":"product_brand","embeddable":true,"href":"https:\/\/avaro-fashion.com\/en\/wp-json\/wp\/v2\/product_brand?post=2100"},{"taxonomy":"product_cat","embeddable":true,"href":"https:\/\/avaro-fashion.com\/en\/wp-json\/wp\/v2\/product_cat?post=2100"},{"taxonomy":"product_tag","embeddable":true,"href":"https:\/\/avaro-fashion.com\/en\/wp-json\/wp\/v2\/product_tag?post=2100"}],"curies":[{"name":"wp","href":"https:\/\/api.w.org\/{rel}","templated":true}]}}