{"id":2122,"date":"2025-06-26T12:08:36","date_gmt":"2025-06-26T09:08:36","guid":{"rendered":"https:\/\/avaro-fashion.com\/?post_type=product&#038;p=2122"},"modified":"2025-07-21T09:52:43","modified_gmt":"2025-07-21T06:52:43","slug":"rochie-avaro-eleganta-tip-creion-cu-fenta-si-nasturi-tip-bijuterie-perla","status":"publish","type":"product","link":"https:\/\/avaro-fashion.com\/en\/product\/rochie-avaro-eleganta-tip-creion-cu-fenta-si-nasturi-tip-bijuterie-perla\/","title":{"rendered":"Elegant AVARO pencil dress with slit and pearl jewel buttons"},"content":{"rendered":"<ul>\n<li>Rochie midi cu fust\u0103 creion<\/li>\n<li>Fent\u0103 fals\u0103 pe fa\u021b\u0103 \u00een zona bustului accesorizat\u0103 cu 4 nasturi tip bijuterie perl\u0103<\/li>\n<li>Guler rotund<\/li>\n<li>M\u00e2nec\u0103 scurt\u0103<\/li>\n<li>Back closure with hidden zipper and button at the neck<\/li>\n<li>Fust\u0103 conic\u0103 cu \u0219li\u021b la spate<\/li>\n<li>Lungimea produsului: 101 cm pentru m\u0103rimea 36<\/li>\n<li>Lungime m\u00e2nec\u0103: 27 cm<\/li>\n<li>Slightly elastic fabric<\/li>\n<li>Culoare: roz<\/li>\n<li>Dublat\u0103 cu \u021bes\u0103tur\u0103 satinat\u0103 pe partea de fust\u0103<\/li>\n<li>Composition: 90% polyester, 10% spandex; 98% polyester, 2% elastane<\/li>\n<\/ul>","protected":false},"excerpt":{"rendered":"<p>Rochie midi cu fust\u0103 creion Fent\u0103 fals\u0103 pe fa\u021b\u0103 \u00een zona bustului accesorizat\u0103 cu 4 nasturi tip bijuterie perl\u0103 Guler rotund M\u00e2nec\u0103 scurt\u0103 \u00cenchidere la spate cu fermoar ascuns \u0219i n\u0103sturel \u00een zona g\u00e2tului Fust\u0103 conic\u0103 cu \u0219li\u021b la spate Lungimea produsului: 101 cm pentru m\u0103rimea 36 Lungime m\u00e2nec\u0103: 27 cm \u021aes\u0103tur\u0103 u\u0219or elastic\u0103 Culoare: [&hellip;]<\/p>\n","protected":false},"featured_media":2127,"comment_status":"open","ping_status":"closed","template":"","meta":{"_acf_changed":false,"site-sidebar-layout":"default","site-content-layout":"","ast-site-content-layout":"default","site-content-style":"default","site-sidebar-style":"default","ast-global-header-display":"","ast-banner-title-visibility":"","ast-main-header-display":"","ast-hfb-above-header-display":"","ast-hfb-below-header-display":"","ast-hfb-mobile-header-display":"","site-post-title":"","ast-breadcrumbs-content":"","ast-featured-img":"","footer-sml-layout":"","ast-disable-related-posts":"","theme-transparent-header-meta":"default","adv-header-id-meta":"","stick-header-meta":"","header-above-stick-meta":"","header-main-stick-meta":"","header-below-stick-meta":"","astra-migrate-meta-layouts":"set","ast-page-background-enabled":"default","ast-page-background-meta":{"desktop":{"background-color":"","background-image":"","background-repeat":"repeat","background-position":"center center","background-size":"auto","background-attachment":"scroll","background-type":"","background-media":"","overlay-type":"","overlay-color":"","overlay-opacity":"","overlay-gradient":""},"tablet":{"background-color":"","background-image":"","background-repeat":"repeat","background-position":"center center","background-size":"auto","background-attachment":"scroll","background-type":"","background-media":"","overlay-type":"","overlay-color":"","overlay-opacity":"","overlay-gradient":""},"mobile":{"background-color":"","background-image":"","background-repeat":"repeat","background-position":"center center","background-size":"auto","background-attachment":"scroll","background-type":"","background-media":"","overlay-type":"","overlay-color":"","overlay-opacity":"","overlay-gradient":""}},"ast-content-background-meta":{"desktop":{"background-color":"var(--ast-global-color-5)","background-image":"","background-repeat":"repeat","background-position":"center center","background-size":"auto","background-attachment":"scroll","background-type":"","background-media":"","overlay-type":"","overlay-color":"","overlay-opacity":"","overlay-gradient":""},"tablet":{"background-color":"var(--ast-global-color-5)","background-image":"","background-repeat":"repeat","background-position":"center center","background-size":"auto","background-attachment":"scroll","background-type":"","background-media":"","overlay-type":"","overlay-color":"","overlay-opacity":"","overlay-gradient":""},"mobile":{"background-color":"var(--ast-global-color-5)","background-image":"","background-repeat":"repeat","background-position":"center center","background-size":"auto","background-attachment":"scroll","background-type":"","background-media":"","overlay-type":"","overlay-color":"","overlay-opacity":"","overlay-gradient":""}}},"product_brand":[],"product_cat":[46],"product_tag":[],"class_list":{"0":"post-2122","1":"product","2":"type-product","3":"status-publish","4":"has-post-thumbnail","6":"colectii-casual-chic","7":"colectii-colectie-capsula","8":"colectii-colectie-noua","9":"colectii-office-looks","10":"public_tinta-femei","11":"tip_produs_general-imbracaminte","12":"product_cat-rochii","13":"desktop-align-left","14":"tablet-align-left","15":"mobile-align-left","17":"first","18":"instock","19":"taxable","20":"shipping-taxable","21":"purchasable","22":"product-type-variable","23":"add-to-wishlist-before_image","24":"wpzoom-wc-spi-has-enabled"},"acf":[],"yoast_head":"<!-- This site is optimized with the Yoast SEO plugin v26.9 - https:\/\/yoast.com\/product\/yoast-seo-wordpress\/ -->\n<title>Rochie AVARO elegant\u0103 tip creion cu fent\u0103 \u0219i nasturi tip bijuterie perl\u0103 - AVARO Fashion<\/title>\n<meta name=\"robots\" content=\"index, follow, max-snippet:-1, max-image-preview:large, max-video-preview:-1\" \/>\n<link rel=\"canonical\" href=\"https:\/\/avaro-fashion.com\/en\/product\/rochie-avaro-eleganta-tip-creion-cu-fenta-si-nasturi-tip-bijuterie-perla\/\" \/>\n<meta property=\"og:locale\" content=\"en_US\" \/>\n<meta property=\"og:type\" content=\"article\" \/>\n<meta property=\"og:title\" content=\"Rochie AVARO elegant\u0103 tip creion cu fent\u0103 \u0219i nasturi tip bijuterie perl\u0103 - AVARO Fashion\" \/>\n<meta property=\"og:description\" content=\"Rochie midi cu fust\u0103 creion Fent\u0103 fals\u0103 pe fa\u021b\u0103 \u00een zona bustului accesorizat\u0103 cu 4 nasturi tip bijuterie perl\u0103 Guler rotund M\u00e2nec\u0103 scurt\u0103 \u00cenchidere la spate cu fermoar ascuns \u0219i n\u0103sturel \u00een zona g\u00e2tului Fust\u0103 conic\u0103 cu \u0219li\u021b la spate Lungimea produsului: 101 cm pentru m\u0103rimea 36 Lungime m\u00e2nec\u0103: 27 cm \u021aes\u0103tur\u0103 u\u0219or elastic\u0103 Culoare: [&hellip;]\" \/>\n<meta property=\"og:url\" content=\"https:\/\/avaro-fashion.com\/en\/product\/rochie-avaro-eleganta-tip-creion-cu-fenta-si-nasturi-tip-bijuterie-perla\/\" \/>\n<meta property=\"og:site_name\" content=\"AVARO Fashion\" \/>\n<meta property=\"article:publisher\" content=\"https:\/\/m.facebook.com\/profile.php?id=61576779797329\" \/>\n<meta property=\"article:modified_time\" content=\"2025-07-21T06:52:43+00:00\" \/>\n<meta property=\"og:image\" content=\"https:\/\/avaro-fashion.com\/wp-content\/uploads\/2025\/06\/R5947-ROZ-1.jpg\" \/>\n\t<meta property=\"og:image:width\" content=\"1365\" \/>\n\t<meta property=\"og:image:height\" content=\"2048\" \/>\n\t<meta property=\"og:image:type\" content=\"image\/jpeg\" \/>\n<meta name=\"twitter:card\" content=\"summary_large_image\" \/>\n<meta name=\"twitter:label1\" content=\"Est. reading time\" \/>\n\t<meta name=\"twitter:data1\" content=\"1 minute\" \/>\n<script type=\"application\/ld+json\" class=\"yoast-schema-graph\">{\"@context\":\"https:\/\/schema.org\",\"@graph\":[{\"@type\":\"WebPage\",\"@id\":\"https:\/\/avaro-fashion.com\/produs\/rochie-avaro-eleganta-tip-creion-cu-fenta-si-nasturi-tip-bijuterie-perla\/\",\"url\":\"https:\/\/avaro-fashion.com\/produs\/rochie-avaro-eleganta-tip-creion-cu-fenta-si-nasturi-tip-bijuterie-perla\/\",\"name\":\"Rochie AVARO elegant\u0103 tip creion cu fent\u0103 \u0219i nasturi tip bijuterie perl\u0103 - AVARO Fashion\",\"isPartOf\":{\"@id\":\"https:\/\/avaro-fashion.com\/#website\"},\"primaryImageOfPage\":{\"@id\":\"https:\/\/avaro-fashion.com\/produs\/rochie-avaro-eleganta-tip-creion-cu-fenta-si-nasturi-tip-bijuterie-perla\/#primaryimage\"},\"image\":{\"@id\":\"https:\/\/avaro-fashion.com\/produs\/rochie-avaro-eleganta-tip-creion-cu-fenta-si-nasturi-tip-bijuterie-perla\/#primaryimage\"},\"thumbnailUrl\":\"https:\/\/avaro-fashion.com\/wp-content\/uploads\/2025\/06\/R5947-ROZ-1.jpg\",\"datePublished\":\"2025-06-26T09:08:36+00:00\",\"dateModified\":\"2025-07-21T06:52:43+00:00\",\"breadcrumb\":{\"@id\":\"https:\/\/avaro-fashion.com\/produs\/rochie-avaro-eleganta-tip-creion-cu-fenta-si-nasturi-tip-bijuterie-perla\/#breadcrumb\"},\"inLanguage\":\"en-US\",\"potentialAction\":[{\"@type\":\"ReadAction\",\"target\":[\"https:\/\/avaro-fashion.com\/produs\/rochie-avaro-eleganta-tip-creion-cu-fenta-si-nasturi-tip-bijuterie-perla\/\"]}]},{\"@type\":\"ImageObject\",\"inLanguage\":\"en-US\",\"@id\":\"https:\/\/avaro-fashion.com\/produs\/rochie-avaro-eleganta-tip-creion-cu-fenta-si-nasturi-tip-bijuterie-perla\/#primaryimage\",\"url\":\"https:\/\/avaro-fashion.com\/wp-content\/uploads\/2025\/06\/R5947-ROZ-1.jpg\",\"contentUrl\":\"https:\/\/avaro-fashion.com\/wp-content\/uploads\/2025\/06\/R5947-ROZ-1.jpg\",\"width\":1365,\"height\":2048},{\"@type\":\"BreadcrumbList\",\"@id\":\"https:\/\/avaro-fashion.com\/produs\/rochie-avaro-eleganta-tip-creion-cu-fenta-si-nasturi-tip-bijuterie-perla\/#breadcrumb\",\"itemListElement\":[{\"@type\":\"ListItem\",\"position\":1,\"name\":\"Prima pagin\u0103\",\"item\":\"https:\/\/avaro-fashion.com\/\"},{\"@type\":\"ListItem\",\"position\":2,\"name\":\"Magazin\",\"item\":\"https:\/\/avaro-fashion.com\/magazin\/\"},{\"@type\":\"ListItem\",\"position\":3,\"name\":\"Rochie AVARO elegant\u0103 tip creion cu fent\u0103 \u0219i nasturi tip bijuterie perl\u0103\"}]},{\"@type\":\"WebSite\",\"@id\":\"https:\/\/avaro-fashion.com\/#website\",\"url\":\"https:\/\/avaro-fashion.com\/\",\"name\":\"AVARO Fashion\",\"description\":\"\",\"publisher\":{\"@id\":\"https:\/\/avaro-fashion.com\/#organization\"},\"potentialAction\":[{\"@type\":\"SearchAction\",\"target\":{\"@type\":\"EntryPoint\",\"urlTemplate\":\"https:\/\/avaro-fashion.com\/?s={search_term_string}\"},\"query-input\":{\"@type\":\"PropertyValueSpecification\",\"valueRequired\":true,\"valueName\":\"search_term_string\"}}],\"inLanguage\":\"en-US\"},{\"@type\":\"Organization\",\"@id\":\"https:\/\/avaro-fashion.com\/#organization\",\"name\":\"AVARO Fashion\",\"url\":\"https:\/\/avaro-fashion.com\/\",\"logo\":{\"@type\":\"ImageObject\",\"inLanguage\":\"en-US\",\"@id\":\"https:\/\/avaro-fashion.com\/#\/schema\/logo\/image\/\",\"url\":\"https:\/\/avaro-fashion.com\/wp-content\/uploads\/2025\/06\/Avaro_Fashion-nobg.png\",\"contentUrl\":\"https:\/\/avaro-fashion.com\/wp-content\/uploads\/2025\/06\/Avaro_Fashion-nobg.png\",\"width\":900,\"height\":277,\"caption\":\"AVARO Fashion\"},\"image\":{\"@id\":\"https:\/\/avaro-fashion.com\/#\/schema\/logo\/image\/\"},\"sameAs\":[\"https:\/\/m.facebook.com\/profile.php?id=61576779797329\"]}]}<\/script>\n<!-- \/ Yoast SEO plugin. -->","yoast_head_json":{"title":"Rochie AVARO elegant\u0103 tip creion cu fent\u0103 \u0219i nasturi tip bijuterie perl\u0103 - AVARO Fashion","robots":{"index":"index","follow":"follow","max-snippet":"max-snippet:-1","max-image-preview":"max-image-preview:large","max-video-preview":"max-video-preview:-1"},"canonical":"https:\/\/avaro-fashion.com\/en\/product\/rochie-avaro-eleganta-tip-creion-cu-fenta-si-nasturi-tip-bijuterie-perla\/","og_locale":"en_US","og_type":"article","og_title":"Rochie AVARO elegant\u0103 tip creion cu fent\u0103 \u0219i nasturi tip bijuterie perl\u0103 - AVARO Fashion","og_description":"Rochie midi cu fust\u0103 creion Fent\u0103 fals\u0103 pe fa\u021b\u0103 \u00een zona bustului accesorizat\u0103 cu 4 nasturi tip bijuterie perl\u0103 Guler rotund M\u00e2nec\u0103 scurt\u0103 \u00cenchidere la spate cu fermoar ascuns \u0219i n\u0103sturel \u00een zona g\u00e2tului Fust\u0103 conic\u0103 cu \u0219li\u021b la spate Lungimea produsului: 101 cm pentru m\u0103rimea 36 Lungime m\u00e2nec\u0103: 27 cm \u021aes\u0103tur\u0103 u\u0219or elastic\u0103 Culoare: [&hellip;]","og_url":"https:\/\/avaro-fashion.com\/en\/product\/rochie-avaro-eleganta-tip-creion-cu-fenta-si-nasturi-tip-bijuterie-perla\/","og_site_name":"AVARO Fashion","article_publisher":"https:\/\/m.facebook.com\/profile.php?id=61576779797329","article_modified_time":"2025-07-21T06:52:43+00:00","og_image":[{"width":1365,"height":2048,"url":"https:\/\/avaro-fashion.com\/wp-content\/uploads\/2025\/06\/R5947-ROZ-1.jpg","type":"image\/jpeg"}],"twitter_card":"summary_large_image","twitter_misc":{"Est. reading time":"1 minute"},"schema":{"@context":"https:\/\/schema.org","@graph":[{"@type":"WebPage","@id":"https:\/\/avaro-fashion.com\/produs\/rochie-avaro-eleganta-tip-creion-cu-fenta-si-nasturi-tip-bijuterie-perla\/","url":"https:\/\/avaro-fashion.com\/produs\/rochie-avaro-eleganta-tip-creion-cu-fenta-si-nasturi-tip-bijuterie-perla\/","name":"Rochie AVARO elegant\u0103 tip creion cu fent\u0103 \u0219i nasturi tip bijuterie perl\u0103 - AVARO Fashion","isPartOf":{"@id":"https:\/\/avaro-fashion.com\/#website"},"primaryImageOfPage":{"@id":"https:\/\/avaro-fashion.com\/produs\/rochie-avaro-eleganta-tip-creion-cu-fenta-si-nasturi-tip-bijuterie-perla\/#primaryimage"},"image":{"@id":"https:\/\/avaro-fashion.com\/produs\/rochie-avaro-eleganta-tip-creion-cu-fenta-si-nasturi-tip-bijuterie-perla\/#primaryimage"},"thumbnailUrl":"https:\/\/avaro-fashion.com\/wp-content\/uploads\/2025\/06\/R5947-ROZ-1.jpg","datePublished":"2025-06-26T09:08:36+00:00","dateModified":"2025-07-21T06:52:43+00:00","breadcrumb":{"@id":"https:\/\/avaro-fashion.com\/produs\/rochie-avaro-eleganta-tip-creion-cu-fenta-si-nasturi-tip-bijuterie-perla\/#breadcrumb"},"inLanguage":"en-US","potentialAction":[{"@type":"ReadAction","target":["https:\/\/avaro-fashion.com\/produs\/rochie-avaro-eleganta-tip-creion-cu-fenta-si-nasturi-tip-bijuterie-perla\/"]}]},{"@type":"ImageObject","inLanguage":"en-US","@id":"https:\/\/avaro-fashion.com\/produs\/rochie-avaro-eleganta-tip-creion-cu-fenta-si-nasturi-tip-bijuterie-perla\/#primaryimage","url":"https:\/\/avaro-fashion.com\/wp-content\/uploads\/2025\/06\/R5947-ROZ-1.jpg","contentUrl":"https:\/\/avaro-fashion.com\/wp-content\/uploads\/2025\/06\/R5947-ROZ-1.jpg","width":1365,"height":2048},{"@type":"BreadcrumbList","@id":"https:\/\/avaro-fashion.com\/produs\/rochie-avaro-eleganta-tip-creion-cu-fenta-si-nasturi-tip-bijuterie-perla\/#breadcrumb","itemListElement":[{"@type":"ListItem","position":1,"name":"Prima pagin\u0103","item":"https:\/\/avaro-fashion.com\/"},{"@type":"ListItem","position":2,"name":"Magazin","item":"https:\/\/avaro-fashion.com\/magazin\/"},{"@type":"ListItem","position":3,"name":"Rochie AVARO elegant\u0103 tip creion cu fent\u0103 \u0219i nasturi tip bijuterie perl\u0103"}]},{"@type":"WebSite","@id":"https:\/\/avaro-fashion.com\/#website","url":"https:\/\/avaro-fashion.com\/","name":"AVARO Fashion","description":"","publisher":{"@id":"https:\/\/avaro-fashion.com\/#organization"},"potentialAction":[{"@type":"SearchAction","target":{"@type":"EntryPoint","urlTemplate":"https:\/\/avaro-fashion.com\/?s={search_term_string}"},"query-input":{"@type":"PropertyValueSpecification","valueRequired":true,"valueName":"search_term_string"}}],"inLanguage":"en-US"},{"@type":"Organization","@id":"https:\/\/avaro-fashion.com\/#organization","name":"AVARO Fashion","url":"https:\/\/avaro-fashion.com\/","logo":{"@type":"ImageObject","inLanguage":"en-US","@id":"https:\/\/avaro-fashion.com\/#\/schema\/logo\/image\/","url":"https:\/\/avaro-fashion.com\/wp-content\/uploads\/2025\/06\/Avaro_Fashion-nobg.png","contentUrl":"https:\/\/avaro-fashion.com\/wp-content\/uploads\/2025\/06\/Avaro_Fashion-nobg.png","width":900,"height":277,"caption":"AVARO Fashion"},"image":{"@id":"https:\/\/avaro-fashion.com\/#\/schema\/logo\/image\/"},"sameAs":["https:\/\/m.facebook.com\/profile.php?id=61576779797329"]}]}},"_links":{"self":[{"href":"https:\/\/avaro-fashion.com\/en\/wp-json\/wp\/v2\/product\/2122","targetHints":{"allow":["GET"]}}],"collection":[{"href":"https:\/\/avaro-fashion.com\/en\/wp-json\/wp\/v2\/product"}],"about":[{"href":"https:\/\/avaro-fashion.com\/en\/wp-json\/wp\/v2\/types\/product"}],"replies":[{"embeddable":true,"href":"https:\/\/avaro-fashion.com\/en\/wp-json\/wp\/v2\/comments?post=2122"}],"wp:featuredmedia":[{"embeddable":true,"href":"https:\/\/avaro-fashion.com\/en\/wp-json\/wp\/v2\/media\/2127"}],"wp:attachment":[{"href":"https:\/\/avaro-fashion.com\/en\/wp-json\/wp\/v2\/media?parent=2122"}],"wp:term":[{"taxonomy":"product_brand","embeddable":true,"href":"https:\/\/avaro-fashion.com\/en\/wp-json\/wp\/v2\/product_brand?post=2122"},{"taxonomy":"product_cat","embeddable":true,"href":"https:\/\/avaro-fashion.com\/en\/wp-json\/wp\/v2\/product_cat?post=2122"},{"taxonomy":"product_tag","embeddable":true,"href":"https:\/\/avaro-fashion.com\/en\/wp-json\/wp\/v2\/product_tag?post=2122"}],"curies":[{"name":"wp","href":"https:\/\/api.w.org\/{rel}","templated":true}]}}