{"id":2147,"date":"2025-06-26T12:25:40","date_gmt":"2025-06-26T09:25:40","guid":{"rendered":"https:\/\/avaro-fashion.com\/?post_type=product&#038;p=2147"},"modified":"2025-07-21T09:53:37","modified_gmt":"2025-07-21T06:53:37","slug":"rochie-de-zi-avaro-eleganta-cu-imprimeu-floral-si-bustul-petrecut","status":"publish","type":"product","link":"https:\/\/avaro-fashion.com\/en\/product\/rochie-de-zi-avaro-eleganta-cu-imprimeu-floral-si-bustul-petrecut\/","title":{"rendered":"Elegant AVARO day dress with floral print and fitted bust"},"content":{"rendered":"<ul>\n<li>Flowy dress with floral print<\/li>\n<li>Dropped bust<\/li>\n<li>Slightly wrinkled shoulder<\/li>\n<li>Slightly puffed sleeve above the elbow with cuff at the end<\/li>\n<li>The cuff closes with a pearl-type button.<\/li>\n<li>Wide detachable cord<\/li>\n<li>Flared skirt with hem<\/li>\n<li>Skirt length from waist: 70 cm<\/li>\n<li>Lightweight, slightly satin fabric<\/li>\n<li>Lined with stretch satin<\/li>\n<li>Color: green<\/li>\n<li>Composition: 100% polyester; 98% polyester, 2% elastane<\/li>\n<\/ul>","protected":false},"excerpt":{"rendered":"<p>Rochie vaporoas\u0103 \u00een clo\u0219 cu imprimeu floral Bust petrecut Um\u0103r u\u0219or \u00eencre\u021bit M\u00e2nec\u0103 deasupra cotului u\u0219or bufant\u0103 cu man\u0219et\u0103 la termina\u021bie Man\u0219eta se \u00eenchide cu un n\u0103sturel tip perl\u0103 Cordon amplu deta\u0219abil Fusta \u00een clo\u0219 cu tiv surje Lungime fust\u0103 din talie: 70 cm \u021aes\u0103tur\u0103 vaporoas\u0103 u\u0219or satinat\u0103 C\u0103ptu\u0219it\u0103 cu satin elastic Culoare: verde Compozi\u021bie: [&hellip;]<\/p>\n","protected":false},"featured_media":2152,"comment_status":"open","ping_status":"closed","template":"","meta":{"_acf_changed":false,"site-sidebar-layout":"default","site-content-layout":"","ast-site-content-layout":"default","site-content-style":"default","site-sidebar-style":"default","ast-global-header-display":"","ast-banner-title-visibility":"","ast-main-header-display":"","ast-hfb-above-header-display":"","ast-hfb-below-header-display":"","ast-hfb-mobile-header-display":"","site-post-title":"","ast-breadcrumbs-content":"","ast-featured-img":"","footer-sml-layout":"","ast-disable-related-posts":"","theme-transparent-header-meta":"default","adv-header-id-meta":"","stick-header-meta":"","header-above-stick-meta":"","header-main-stick-meta":"","header-below-stick-meta":"","astra-migrate-meta-layouts":"set","ast-page-background-enabled":"default","ast-page-background-meta":{"desktop":{"background-color":"","background-image":"","background-repeat":"repeat","background-position":"center center","background-size":"auto","background-attachment":"scroll","background-type":"","background-media":"","overlay-type":"","overlay-color":"","overlay-opacity":"","overlay-gradient":""},"tablet":{"background-color":"","background-image":"","background-repeat":"repeat","background-position":"center center","background-size":"auto","background-attachment":"scroll","background-type":"","background-media":"","overlay-type":"","overlay-color":"","overlay-opacity":"","overlay-gradient":""},"mobile":{"background-color":"","background-image":"","background-repeat":"repeat","background-position":"center center","background-size":"auto","background-attachment":"scroll","background-type":"","background-media":"","overlay-type":"","overlay-color":"","overlay-opacity":"","overlay-gradient":""}},"ast-content-background-meta":{"desktop":{"background-color":"var(--ast-global-color-5)","background-image":"","background-repeat":"repeat","background-position":"center center","background-size":"auto","background-attachment":"scroll","background-type":"","background-media":"","overlay-type":"","overlay-color":"","overlay-opacity":"","overlay-gradient":""},"tablet":{"background-color":"var(--ast-global-color-5)","background-image":"","background-repeat":"repeat","background-position":"center center","background-size":"auto","background-attachment":"scroll","background-type":"","background-media":"","overlay-type":"","overlay-color":"","overlay-opacity":"","overlay-gradient":""},"mobile":{"background-color":"var(--ast-global-color-5)","background-image":"","background-repeat":"repeat","background-position":"center center","background-size":"auto","background-attachment":"scroll","background-type":"","background-media":"","overlay-type":"","overlay-color":"","overlay-opacity":"","overlay-gradient":""}}},"product_brand":[],"product_cat":[46],"product_tag":[],"class_list":{"0":"post-2147","1":"product","2":"type-product","3":"status-publish","4":"has-post-thumbnail","6":"colectii-casual-chic","7":"colectii-office-looks","8":"public_tinta-femei","9":"tip_produs_general-imbracaminte","10":"product_cat-rochii","11":"desktop-align-left","12":"tablet-align-left","13":"mobile-align-left","15":"first","16":"instock","17":"taxable","18":"shipping-taxable","19":"purchasable","20":"product-type-variable","21":"add-to-wishlist-before_image","22":"wpzoom-wc-spi-has-enabled"},"acf":[],"yoast_head":"<!-- This site is optimized with the Yoast SEO plugin v26.9 - https:\/\/yoast.com\/product\/yoast-seo-wordpress\/ -->\n<title>Rochie de zi AVARO elegant\u0103 cu imprimeu floral \u0219i bustul petrecut - AVARO Fashion<\/title>\n<meta name=\"robots\" content=\"index, follow, max-snippet:-1, max-image-preview:large, max-video-preview:-1\" \/>\n<link rel=\"canonical\" href=\"https:\/\/avaro-fashion.com\/en\/product\/rochie-de-zi-avaro-eleganta-cu-imprimeu-floral-si-bustul-petrecut\/\" \/>\n<meta property=\"og:locale\" content=\"en_US\" \/>\n<meta property=\"og:type\" content=\"article\" \/>\n<meta property=\"og:title\" content=\"Rochie de zi AVARO elegant\u0103 cu imprimeu floral \u0219i bustul petrecut - AVARO Fashion\" \/>\n<meta property=\"og:description\" content=\"Rochie vaporoas\u0103 \u00een clo\u0219 cu imprimeu floral Bust petrecut Um\u0103r u\u0219or \u00eencre\u021bit M\u00e2nec\u0103 deasupra cotului u\u0219or bufant\u0103 cu man\u0219et\u0103 la termina\u021bie Man\u0219eta se \u00eenchide cu un n\u0103sturel tip perl\u0103 Cordon amplu deta\u0219abil Fusta \u00een clo\u0219 cu tiv surje Lungime fust\u0103 din talie: 70 cm \u021aes\u0103tur\u0103 vaporoas\u0103 u\u0219or satinat\u0103 C\u0103ptu\u0219it\u0103 cu satin elastic Culoare: verde Compozi\u021bie: [&hellip;]\" \/>\n<meta property=\"og:url\" content=\"https:\/\/avaro-fashion.com\/en\/product\/rochie-de-zi-avaro-eleganta-cu-imprimeu-floral-si-bustul-petrecut\/\" \/>\n<meta property=\"og:site_name\" content=\"AVARO Fashion\" \/>\n<meta property=\"article:publisher\" content=\"https:\/\/m.facebook.com\/profile.php?id=61576779797329\" \/>\n<meta property=\"article:modified_time\" content=\"2025-07-21T06:53:37+00:00\" \/>\n<meta property=\"og:image\" content=\"https:\/\/avaro-fashion.com\/wp-content\/uploads\/2025\/06\/R6290-VERDE-2.jpg\" \/>\n\t<meta property=\"og:image:width\" content=\"1365\" \/>\n\t<meta property=\"og:image:height\" content=\"2048\" \/>\n\t<meta property=\"og:image:type\" content=\"image\/jpeg\" \/>\n<meta name=\"twitter:card\" content=\"summary_large_image\" \/>\n<meta name=\"twitter:label1\" content=\"Est. reading time\" \/>\n\t<meta name=\"twitter:data1\" content=\"1 minute\" \/>\n<script type=\"application\/ld+json\" class=\"yoast-schema-graph\">{\"@context\":\"https:\/\/schema.org\",\"@graph\":[{\"@type\":\"WebPage\",\"@id\":\"https:\/\/avaro-fashion.com\/produs\/rochie-de-zi-avaro-eleganta-cu-imprimeu-floral-si-bustul-petrecut\/\",\"url\":\"https:\/\/avaro-fashion.com\/produs\/rochie-de-zi-avaro-eleganta-cu-imprimeu-floral-si-bustul-petrecut\/\",\"name\":\"Rochie de zi AVARO elegant\u0103 cu imprimeu floral \u0219i bustul petrecut - AVARO Fashion\",\"isPartOf\":{\"@id\":\"https:\/\/avaro-fashion.com\/#website\"},\"primaryImageOfPage\":{\"@id\":\"https:\/\/avaro-fashion.com\/produs\/rochie-de-zi-avaro-eleganta-cu-imprimeu-floral-si-bustul-petrecut\/#primaryimage\"},\"image\":{\"@id\":\"https:\/\/avaro-fashion.com\/produs\/rochie-de-zi-avaro-eleganta-cu-imprimeu-floral-si-bustul-petrecut\/#primaryimage\"},\"thumbnailUrl\":\"https:\/\/avaro-fashion.com\/wp-content\/uploads\/2025\/06\/R6290-VERDE-2.jpg\",\"datePublished\":\"2025-06-26T09:25:40+00:00\",\"dateModified\":\"2025-07-21T06:53:37+00:00\",\"breadcrumb\":{\"@id\":\"https:\/\/avaro-fashion.com\/produs\/rochie-de-zi-avaro-eleganta-cu-imprimeu-floral-si-bustul-petrecut\/#breadcrumb\"},\"inLanguage\":\"en-US\",\"potentialAction\":[{\"@type\":\"ReadAction\",\"target\":[\"https:\/\/avaro-fashion.com\/produs\/rochie-de-zi-avaro-eleganta-cu-imprimeu-floral-si-bustul-petrecut\/\"]}]},{\"@type\":\"ImageObject\",\"inLanguage\":\"en-US\",\"@id\":\"https:\/\/avaro-fashion.com\/produs\/rochie-de-zi-avaro-eleganta-cu-imprimeu-floral-si-bustul-petrecut\/#primaryimage\",\"url\":\"https:\/\/avaro-fashion.com\/wp-content\/uploads\/2025\/06\/R6290-VERDE-2.jpg\",\"contentUrl\":\"https:\/\/avaro-fashion.com\/wp-content\/uploads\/2025\/06\/R6290-VERDE-2.jpg\",\"width\":1365,\"height\":2048},{\"@type\":\"BreadcrumbList\",\"@id\":\"https:\/\/avaro-fashion.com\/produs\/rochie-de-zi-avaro-eleganta-cu-imprimeu-floral-si-bustul-petrecut\/#breadcrumb\",\"itemListElement\":[{\"@type\":\"ListItem\",\"position\":1,\"name\":\"Prima pagin\u0103\",\"item\":\"https:\/\/avaro-fashion.com\/\"},{\"@type\":\"ListItem\",\"position\":2,\"name\":\"Magazin\",\"item\":\"https:\/\/avaro-fashion.com\/magazin\/\"},{\"@type\":\"ListItem\",\"position\":3,\"name\":\"Rochie de zi AVARO elegant\u0103 cu imprimeu floral \u0219i bustul petrecut\"}]},{\"@type\":\"WebSite\",\"@id\":\"https:\/\/avaro-fashion.com\/#website\",\"url\":\"https:\/\/avaro-fashion.com\/\",\"name\":\"AVARO Fashion\",\"description\":\"\",\"publisher\":{\"@id\":\"https:\/\/avaro-fashion.com\/#organization\"},\"potentialAction\":[{\"@type\":\"SearchAction\",\"target\":{\"@type\":\"EntryPoint\",\"urlTemplate\":\"https:\/\/avaro-fashion.com\/?s={search_term_string}\"},\"query-input\":{\"@type\":\"PropertyValueSpecification\",\"valueRequired\":true,\"valueName\":\"search_term_string\"}}],\"inLanguage\":\"en-US\"},{\"@type\":\"Organization\",\"@id\":\"https:\/\/avaro-fashion.com\/#organization\",\"name\":\"AVARO Fashion\",\"url\":\"https:\/\/avaro-fashion.com\/\",\"logo\":{\"@type\":\"ImageObject\",\"inLanguage\":\"en-US\",\"@id\":\"https:\/\/avaro-fashion.com\/#\/schema\/logo\/image\/\",\"url\":\"https:\/\/avaro-fashion.com\/wp-content\/uploads\/2025\/06\/Avaro_Fashion-nobg.png\",\"contentUrl\":\"https:\/\/avaro-fashion.com\/wp-content\/uploads\/2025\/06\/Avaro_Fashion-nobg.png\",\"width\":900,\"height\":277,\"caption\":\"AVARO Fashion\"},\"image\":{\"@id\":\"https:\/\/avaro-fashion.com\/#\/schema\/logo\/image\/\"},\"sameAs\":[\"https:\/\/m.facebook.com\/profile.php?id=61576779797329\"]}]}<\/script>\n<!-- \/ Yoast SEO plugin. -->","yoast_head_json":{"title":"Rochie de zi AVARO elegant\u0103 cu imprimeu floral \u0219i bustul petrecut - AVARO Fashion","robots":{"index":"index","follow":"follow","max-snippet":"max-snippet:-1","max-image-preview":"max-image-preview:large","max-video-preview":"max-video-preview:-1"},"canonical":"https:\/\/avaro-fashion.com\/en\/product\/rochie-de-zi-avaro-eleganta-cu-imprimeu-floral-si-bustul-petrecut\/","og_locale":"en_US","og_type":"article","og_title":"Rochie de zi AVARO elegant\u0103 cu imprimeu floral \u0219i bustul petrecut - AVARO Fashion","og_description":"Rochie vaporoas\u0103 \u00een clo\u0219 cu imprimeu floral Bust petrecut Um\u0103r u\u0219or \u00eencre\u021bit M\u00e2nec\u0103 deasupra cotului u\u0219or bufant\u0103 cu man\u0219et\u0103 la termina\u021bie Man\u0219eta se \u00eenchide cu un n\u0103sturel tip perl\u0103 Cordon amplu deta\u0219abil Fusta \u00een clo\u0219 cu tiv surje Lungime fust\u0103 din talie: 70 cm \u021aes\u0103tur\u0103 vaporoas\u0103 u\u0219or satinat\u0103 C\u0103ptu\u0219it\u0103 cu satin elastic Culoare: verde Compozi\u021bie: [&hellip;]","og_url":"https:\/\/avaro-fashion.com\/en\/product\/rochie-de-zi-avaro-eleganta-cu-imprimeu-floral-si-bustul-petrecut\/","og_site_name":"AVARO Fashion","article_publisher":"https:\/\/m.facebook.com\/profile.php?id=61576779797329","article_modified_time":"2025-07-21T06:53:37+00:00","og_image":[{"width":1365,"height":2048,"url":"https:\/\/avaro-fashion.com\/wp-content\/uploads\/2025\/06\/R6290-VERDE-2.jpg","type":"image\/jpeg"}],"twitter_card":"summary_large_image","twitter_misc":{"Est. reading time":"1 minute"},"schema":{"@context":"https:\/\/schema.org","@graph":[{"@type":"WebPage","@id":"https:\/\/avaro-fashion.com\/produs\/rochie-de-zi-avaro-eleganta-cu-imprimeu-floral-si-bustul-petrecut\/","url":"https:\/\/avaro-fashion.com\/produs\/rochie-de-zi-avaro-eleganta-cu-imprimeu-floral-si-bustul-petrecut\/","name":"Rochie de zi AVARO elegant\u0103 cu imprimeu floral \u0219i bustul petrecut - AVARO Fashion","isPartOf":{"@id":"https:\/\/avaro-fashion.com\/#website"},"primaryImageOfPage":{"@id":"https:\/\/avaro-fashion.com\/produs\/rochie-de-zi-avaro-eleganta-cu-imprimeu-floral-si-bustul-petrecut\/#primaryimage"},"image":{"@id":"https:\/\/avaro-fashion.com\/produs\/rochie-de-zi-avaro-eleganta-cu-imprimeu-floral-si-bustul-petrecut\/#primaryimage"},"thumbnailUrl":"https:\/\/avaro-fashion.com\/wp-content\/uploads\/2025\/06\/R6290-VERDE-2.jpg","datePublished":"2025-06-26T09:25:40+00:00","dateModified":"2025-07-21T06:53:37+00:00","breadcrumb":{"@id":"https:\/\/avaro-fashion.com\/produs\/rochie-de-zi-avaro-eleganta-cu-imprimeu-floral-si-bustul-petrecut\/#breadcrumb"},"inLanguage":"en-US","potentialAction":[{"@type":"ReadAction","target":["https:\/\/avaro-fashion.com\/produs\/rochie-de-zi-avaro-eleganta-cu-imprimeu-floral-si-bustul-petrecut\/"]}]},{"@type":"ImageObject","inLanguage":"en-US","@id":"https:\/\/avaro-fashion.com\/produs\/rochie-de-zi-avaro-eleganta-cu-imprimeu-floral-si-bustul-petrecut\/#primaryimage","url":"https:\/\/avaro-fashion.com\/wp-content\/uploads\/2025\/06\/R6290-VERDE-2.jpg","contentUrl":"https:\/\/avaro-fashion.com\/wp-content\/uploads\/2025\/06\/R6290-VERDE-2.jpg","width":1365,"height":2048},{"@type":"BreadcrumbList","@id":"https:\/\/avaro-fashion.com\/produs\/rochie-de-zi-avaro-eleganta-cu-imprimeu-floral-si-bustul-petrecut\/#breadcrumb","itemListElement":[{"@type":"ListItem","position":1,"name":"Prima pagin\u0103","item":"https:\/\/avaro-fashion.com\/"},{"@type":"ListItem","position":2,"name":"Magazin","item":"https:\/\/avaro-fashion.com\/magazin\/"},{"@type":"ListItem","position":3,"name":"Rochie de zi AVARO elegant\u0103 cu imprimeu floral \u0219i bustul petrecut"}]},{"@type":"WebSite","@id":"https:\/\/avaro-fashion.com\/#website","url":"https:\/\/avaro-fashion.com\/","name":"AVARO Fashion","description":"","publisher":{"@id":"https:\/\/avaro-fashion.com\/#organization"},"potentialAction":[{"@type":"SearchAction","target":{"@type":"EntryPoint","urlTemplate":"https:\/\/avaro-fashion.com\/?s={search_term_string}"},"query-input":{"@type":"PropertyValueSpecification","valueRequired":true,"valueName":"search_term_string"}}],"inLanguage":"en-US"},{"@type":"Organization","@id":"https:\/\/avaro-fashion.com\/#organization","name":"AVARO Fashion","url":"https:\/\/avaro-fashion.com\/","logo":{"@type":"ImageObject","inLanguage":"en-US","@id":"https:\/\/avaro-fashion.com\/#\/schema\/logo\/image\/","url":"https:\/\/avaro-fashion.com\/wp-content\/uploads\/2025\/06\/Avaro_Fashion-nobg.png","contentUrl":"https:\/\/avaro-fashion.com\/wp-content\/uploads\/2025\/06\/Avaro_Fashion-nobg.png","width":900,"height":277,"caption":"AVARO Fashion"},"image":{"@id":"https:\/\/avaro-fashion.com\/#\/schema\/logo\/image\/"},"sameAs":["https:\/\/m.facebook.com\/profile.php?id=61576779797329"]}]}},"_links":{"self":[{"href":"https:\/\/avaro-fashion.com\/en\/wp-json\/wp\/v2\/product\/2147","targetHints":{"allow":["GET"]}}],"collection":[{"href":"https:\/\/avaro-fashion.com\/en\/wp-json\/wp\/v2\/product"}],"about":[{"href":"https:\/\/avaro-fashion.com\/en\/wp-json\/wp\/v2\/types\/product"}],"replies":[{"embeddable":true,"href":"https:\/\/avaro-fashion.com\/en\/wp-json\/wp\/v2\/comments?post=2147"}],"wp:featuredmedia":[{"embeddable":true,"href":"https:\/\/avaro-fashion.com\/en\/wp-json\/wp\/v2\/media\/2152"}],"wp:attachment":[{"href":"https:\/\/avaro-fashion.com\/en\/wp-json\/wp\/v2\/media?parent=2147"}],"wp:term":[{"taxonomy":"product_brand","embeddable":true,"href":"https:\/\/avaro-fashion.com\/en\/wp-json\/wp\/v2\/product_brand?post=2147"},{"taxonomy":"product_cat","embeddable":true,"href":"https:\/\/avaro-fashion.com\/en\/wp-json\/wp\/v2\/product_cat?post=2147"},{"taxonomy":"product_tag","embeddable":true,"href":"https:\/\/avaro-fashion.com\/en\/wp-json\/wp\/v2\/product_tag?post=2147"}],"curies":[{"name":"wp","href":"https:\/\/api.w.org\/{rel}","templated":true}]}}