{"id":2192,"date":"2025-06-26T12:47:13","date_gmt":"2025-06-26T09:47:13","guid":{"rendered":"https:\/\/avaro-fashion.com\/?post_type=product&#038;p=2192"},"modified":"2026-02-26T14:58:32","modified_gmt":"2026-02-26T11:58:32","slug":"rochie-de-ocazie-avaro-cu-umarul-gol-si-bust-cu-drapaj","status":"publish","type":"product","link":"https:\/\/avaro-fashion.com\/en\/product\/rochie-de-ocazie-avaro-cu-umarul-gol-si-bust-cu-drapaj\/","title":{"rendered":"AVARO occasion dress with bare shoulders and draped bust"},"content":{"rendered":"<ul>\n<li>Midi dress with pleats at the waist that falls beautifully below the knees<\/li>\n<li>Asymmetrical bust, with a single shoulder (one-shoulder), featuring a draped design that adds a sophisticated touch<\/li>\n<li>Bare shoulder on the left side<\/li>\n<li>Accentuating the waist with a wide bow-style cord that falls elegantly over the skirt<\/li>\n<li>Non-removable sparkling crystal appliqu\u00e9 on the right shoulder for added elegance<\/li>\n<li>Curved to highlight the waist<\/li>\n<li>Hem reinforced with rijelin tape<\/li>\n<li>Side closure with concealed zipper<\/li>\n<li>Lined on the inside with satin fabric on the blouse side<\/li>\n<li>Color: red<\/li>\n<li>Slightly elastic fabric of medium thickness<\/li>\n<li>Length from front shoulder to hem: approx. 109 cm for size 36<\/li>\n<li>Composition: 90% polyester, 10% spandex; 98% polyester, 2% elastane<\/li>\n<\/ul>","protected":false},"excerpt":{"rendered":"<p>Rochie midi \u00een clo\u0219 cu pliuri \u00een talie care cade frumos p\u00e2n\u0103 sub genunchi Bust asimetric, cu un singur um\u0103r (one-shoulder), av\u00e2nd un design drapat ce ofer\u0103 o not\u0103 sofisticat\u0103 Um\u0103r gol pe partea st\u00e2ng\u0103 Accentuarea taliei printr-un cordon tip fund\u0103 lat\u0103, care cade elegant peste fust\u0103 Aplica\u021bie nedeta\u0219abil\u0103 str\u0103lucitoare din cristale pe um\u0103rul drept [&hellip;]<\/p>\n","protected":false},"featured_media":2198,"comment_status":"open","ping_status":"closed","template":"","meta":{"_acf_changed":false,"site-sidebar-layout":"default","site-content-layout":"","ast-site-content-layout":"default","site-content-style":"default","site-sidebar-style":"default","ast-global-header-display":"","ast-banner-title-visibility":"","ast-main-header-display":"","ast-hfb-above-header-display":"","ast-hfb-below-header-display":"","ast-hfb-mobile-header-display":"","site-post-title":"","ast-breadcrumbs-content":"","ast-featured-img":"","footer-sml-layout":"","ast-disable-related-posts":"","theme-transparent-header-meta":"default","adv-header-id-meta":"","stick-header-meta":"","header-above-stick-meta":"","header-main-stick-meta":"","header-below-stick-meta":"","astra-migrate-meta-layouts":"set","ast-page-background-enabled":"default","ast-page-background-meta":{"desktop":{"background-color":"","background-image":"","background-repeat":"repeat","background-position":"center center","background-size":"auto","background-attachment":"scroll","background-type":"","background-media":"","overlay-type":"","overlay-color":"","overlay-opacity":"","overlay-gradient":""},"tablet":{"background-color":"","background-image":"","background-repeat":"repeat","background-position":"center center","background-size":"auto","background-attachment":"scroll","background-type":"","background-media":"","overlay-type":"","overlay-color":"","overlay-opacity":"","overlay-gradient":""},"mobile":{"background-color":"","background-image":"","background-repeat":"repeat","background-position":"center center","background-size":"auto","background-attachment":"scroll","background-type":"","background-media":"","overlay-type":"","overlay-color":"","overlay-opacity":"","overlay-gradient":""}},"ast-content-background-meta":{"desktop":{"background-color":"var(--ast-global-color-5)","background-image":"","background-repeat":"repeat","background-position":"center center","background-size":"auto","background-attachment":"scroll","background-type":"","background-media":"","overlay-type":"","overlay-color":"","overlay-opacity":"","overlay-gradient":""},"tablet":{"background-color":"var(--ast-global-color-5)","background-image":"","background-repeat":"repeat","background-position":"center center","background-size":"auto","background-attachment":"scroll","background-type":"","background-media":"","overlay-type":"","overlay-color":"","overlay-opacity":"","overlay-gradient":""},"mobile":{"background-color":"var(--ast-global-color-5)","background-image":"","background-repeat":"repeat","background-position":"center center","background-size":"auto","background-attachment":"scroll","background-type":"","background-media":"","overlay-type":"","overlay-color":"","overlay-opacity":"","overlay-gradient":""}}},"product_brand":[],"product_cat":[46,48],"product_tag":[],"class_list":{"0":"post-2192","1":"product","2":"type-product","3":"status-publish","4":"has-post-thumbnail","6":"colectii-colectie-capsula","7":"colectii-colectie-noua","8":"public_tinta-femei","9":"tip_produs_general-imbracaminte","10":"product_cat-rochii","11":"product_cat-rochii-de-ocazie","12":"desktop-align-left","13":"tablet-align-left","14":"mobile-align-left","16":"first","17":"instock","18":"taxable","19":"shipping-taxable","20":"purchasable","21":"product-type-variable","22":"add-to-wishlist-before_image","23":"wpzoom-wc-spi-has-enabled"},"acf":[],"yoast_head":"<!-- This site is optimized with the Yoast SEO plugin v26.9 - https:\/\/yoast.com\/product\/yoast-seo-wordpress\/ -->\n<title>Rochie de ocazie AVARO cu um\u0103rul gol \u0219i bust cu drapaj - AVARO Fashion<\/title>\n<meta name=\"robots\" content=\"index, follow, max-snippet:-1, max-image-preview:large, max-video-preview:-1\" \/>\n<link rel=\"canonical\" href=\"https:\/\/avaro-fashion.com\/en\/product\/rochie-de-ocazie-avaro-cu-umarul-gol-si-bust-cu-drapaj\/\" \/>\n<meta property=\"og:locale\" content=\"en_US\" \/>\n<meta property=\"og:type\" content=\"article\" \/>\n<meta property=\"og:title\" content=\"Rochie de ocazie AVARO cu um\u0103rul gol \u0219i bust cu drapaj - AVARO Fashion\" \/>\n<meta property=\"og:description\" content=\"Rochie midi \u00een clo\u0219 cu pliuri \u00een talie care cade frumos p\u00e2n\u0103 sub genunchi Bust asimetric, cu un singur um\u0103r (one-shoulder), av\u00e2nd un design drapat ce ofer\u0103 o not\u0103 sofisticat\u0103 Um\u0103r gol pe partea st\u00e2ng\u0103 Accentuarea taliei printr-un cordon tip fund\u0103 lat\u0103, care cade elegant peste fust\u0103 Aplica\u021bie nedeta\u0219abil\u0103 str\u0103lucitoare din cristale pe um\u0103rul drept [&hellip;]\" \/>\n<meta property=\"og:url\" content=\"https:\/\/avaro-fashion.com\/en\/product\/rochie-de-ocazie-avaro-cu-umarul-gol-si-bust-cu-drapaj\/\" \/>\n<meta property=\"og:site_name\" content=\"AVARO Fashion\" \/>\n<meta property=\"article:publisher\" content=\"https:\/\/m.facebook.com\/profile.php?id=61576779797329\" \/>\n<meta property=\"article:modified_time\" content=\"2026-02-26T11:58:32+00:00\" \/>\n<meta property=\"og:image\" content=\"https:\/\/avaro-fashion.com\/wp-content\/uploads\/2025\/06\/R6685-ROSU-1.jpg\" \/>\n\t<meta property=\"og:image:width\" content=\"1365\" \/>\n\t<meta property=\"og:image:height\" content=\"2048\" \/>\n\t<meta property=\"og:image:type\" content=\"image\/jpeg\" \/>\n<meta name=\"twitter:card\" content=\"summary_large_image\" \/>\n<meta name=\"twitter:label1\" content=\"Est. reading time\" \/>\n\t<meta name=\"twitter:data1\" content=\"1 minute\" \/>\n<script type=\"application\/ld+json\" class=\"yoast-schema-graph\">{\"@context\":\"https:\/\/schema.org\",\"@graph\":[{\"@type\":\"WebPage\",\"@id\":\"https:\/\/avaro-fashion.com\/produs\/rochie-de-ocazie-avaro-cu-umarul-gol-si-bust-cu-drapaj\/\",\"url\":\"https:\/\/avaro-fashion.com\/produs\/rochie-de-ocazie-avaro-cu-umarul-gol-si-bust-cu-drapaj\/\",\"name\":\"Rochie de ocazie AVARO cu um\u0103rul gol \u0219i bust cu drapaj - AVARO Fashion\",\"isPartOf\":{\"@id\":\"https:\/\/avaro-fashion.com\/#website\"},\"primaryImageOfPage\":{\"@id\":\"https:\/\/avaro-fashion.com\/produs\/rochie-de-ocazie-avaro-cu-umarul-gol-si-bust-cu-drapaj\/#primaryimage\"},\"image\":{\"@id\":\"https:\/\/avaro-fashion.com\/produs\/rochie-de-ocazie-avaro-cu-umarul-gol-si-bust-cu-drapaj\/#primaryimage\"},\"thumbnailUrl\":\"https:\/\/avaro-fashion.com\/wp-content\/uploads\/2025\/06\/R6685-ROSU-1.jpg\",\"datePublished\":\"2025-06-26T09:47:13+00:00\",\"dateModified\":\"2026-02-26T11:58:32+00:00\",\"breadcrumb\":{\"@id\":\"https:\/\/avaro-fashion.com\/produs\/rochie-de-ocazie-avaro-cu-umarul-gol-si-bust-cu-drapaj\/#breadcrumb\"},\"inLanguage\":\"en-US\",\"potentialAction\":[{\"@type\":\"ReadAction\",\"target\":[\"https:\/\/avaro-fashion.com\/produs\/rochie-de-ocazie-avaro-cu-umarul-gol-si-bust-cu-drapaj\/\"]}]},{\"@type\":\"ImageObject\",\"inLanguage\":\"en-US\",\"@id\":\"https:\/\/avaro-fashion.com\/produs\/rochie-de-ocazie-avaro-cu-umarul-gol-si-bust-cu-drapaj\/#primaryimage\",\"url\":\"https:\/\/avaro-fashion.com\/wp-content\/uploads\/2025\/06\/R6685-ROSU-1.jpg\",\"contentUrl\":\"https:\/\/avaro-fashion.com\/wp-content\/uploads\/2025\/06\/R6685-ROSU-1.jpg\",\"width\":1365,\"height\":2048},{\"@type\":\"BreadcrumbList\",\"@id\":\"https:\/\/avaro-fashion.com\/produs\/rochie-de-ocazie-avaro-cu-umarul-gol-si-bust-cu-drapaj\/#breadcrumb\",\"itemListElement\":[{\"@type\":\"ListItem\",\"position\":1,\"name\":\"Prima pagin\u0103\",\"item\":\"https:\/\/avaro-fashion.com\/\"},{\"@type\":\"ListItem\",\"position\":2,\"name\":\"Magazin\",\"item\":\"https:\/\/avaro-fashion.com\/magazin\/\"},{\"@type\":\"ListItem\",\"position\":3,\"name\":\"Rochie de ocazie AVARO cu um\u0103rul gol \u0219i bust cu drapaj\"}]},{\"@type\":\"WebSite\",\"@id\":\"https:\/\/avaro-fashion.com\/#website\",\"url\":\"https:\/\/avaro-fashion.com\/\",\"name\":\"AVARO Fashion\",\"description\":\"\",\"publisher\":{\"@id\":\"https:\/\/avaro-fashion.com\/#organization\"},\"potentialAction\":[{\"@type\":\"SearchAction\",\"target\":{\"@type\":\"EntryPoint\",\"urlTemplate\":\"https:\/\/avaro-fashion.com\/?s={search_term_string}\"},\"query-input\":{\"@type\":\"PropertyValueSpecification\",\"valueRequired\":true,\"valueName\":\"search_term_string\"}}],\"inLanguage\":\"en-US\"},{\"@type\":\"Organization\",\"@id\":\"https:\/\/avaro-fashion.com\/#organization\",\"name\":\"AVARO Fashion\",\"url\":\"https:\/\/avaro-fashion.com\/\",\"logo\":{\"@type\":\"ImageObject\",\"inLanguage\":\"en-US\",\"@id\":\"https:\/\/avaro-fashion.com\/#\/schema\/logo\/image\/\",\"url\":\"https:\/\/avaro-fashion.com\/wp-content\/uploads\/2025\/06\/Avaro_Fashion-nobg.png\",\"contentUrl\":\"https:\/\/avaro-fashion.com\/wp-content\/uploads\/2025\/06\/Avaro_Fashion-nobg.png\",\"width\":900,\"height\":277,\"caption\":\"AVARO Fashion\"},\"image\":{\"@id\":\"https:\/\/avaro-fashion.com\/#\/schema\/logo\/image\/\"},\"sameAs\":[\"https:\/\/m.facebook.com\/profile.php?id=61576779797329\"]}]}<\/script>\n<!-- \/ Yoast SEO plugin. -->","yoast_head_json":{"title":"Rochie de ocazie AVARO cu um\u0103rul gol \u0219i bust cu drapaj - AVARO Fashion","robots":{"index":"index","follow":"follow","max-snippet":"max-snippet:-1","max-image-preview":"max-image-preview:large","max-video-preview":"max-video-preview:-1"},"canonical":"https:\/\/avaro-fashion.com\/en\/product\/rochie-de-ocazie-avaro-cu-umarul-gol-si-bust-cu-drapaj\/","og_locale":"en_US","og_type":"article","og_title":"Rochie de ocazie AVARO cu um\u0103rul gol \u0219i bust cu drapaj - AVARO Fashion","og_description":"Rochie midi \u00een clo\u0219 cu pliuri \u00een talie care cade frumos p\u00e2n\u0103 sub genunchi Bust asimetric, cu un singur um\u0103r (one-shoulder), av\u00e2nd un design drapat ce ofer\u0103 o not\u0103 sofisticat\u0103 Um\u0103r gol pe partea st\u00e2ng\u0103 Accentuarea taliei printr-un cordon tip fund\u0103 lat\u0103, care cade elegant peste fust\u0103 Aplica\u021bie nedeta\u0219abil\u0103 str\u0103lucitoare din cristale pe um\u0103rul drept [&hellip;]","og_url":"https:\/\/avaro-fashion.com\/en\/product\/rochie-de-ocazie-avaro-cu-umarul-gol-si-bust-cu-drapaj\/","og_site_name":"AVARO Fashion","article_publisher":"https:\/\/m.facebook.com\/profile.php?id=61576779797329","article_modified_time":"2026-02-26T11:58:32+00:00","og_image":[{"width":1365,"height":2048,"url":"https:\/\/avaro-fashion.com\/wp-content\/uploads\/2025\/06\/R6685-ROSU-1.jpg","type":"image\/jpeg"}],"twitter_card":"summary_large_image","twitter_misc":{"Est. reading time":"1 minute"},"schema":{"@context":"https:\/\/schema.org","@graph":[{"@type":"WebPage","@id":"https:\/\/avaro-fashion.com\/produs\/rochie-de-ocazie-avaro-cu-umarul-gol-si-bust-cu-drapaj\/","url":"https:\/\/avaro-fashion.com\/produs\/rochie-de-ocazie-avaro-cu-umarul-gol-si-bust-cu-drapaj\/","name":"Rochie de ocazie AVARO cu um\u0103rul gol \u0219i bust cu drapaj - AVARO Fashion","isPartOf":{"@id":"https:\/\/avaro-fashion.com\/#website"},"primaryImageOfPage":{"@id":"https:\/\/avaro-fashion.com\/produs\/rochie-de-ocazie-avaro-cu-umarul-gol-si-bust-cu-drapaj\/#primaryimage"},"image":{"@id":"https:\/\/avaro-fashion.com\/produs\/rochie-de-ocazie-avaro-cu-umarul-gol-si-bust-cu-drapaj\/#primaryimage"},"thumbnailUrl":"https:\/\/avaro-fashion.com\/wp-content\/uploads\/2025\/06\/R6685-ROSU-1.jpg","datePublished":"2025-06-26T09:47:13+00:00","dateModified":"2026-02-26T11:58:32+00:00","breadcrumb":{"@id":"https:\/\/avaro-fashion.com\/produs\/rochie-de-ocazie-avaro-cu-umarul-gol-si-bust-cu-drapaj\/#breadcrumb"},"inLanguage":"en-US","potentialAction":[{"@type":"ReadAction","target":["https:\/\/avaro-fashion.com\/produs\/rochie-de-ocazie-avaro-cu-umarul-gol-si-bust-cu-drapaj\/"]}]},{"@type":"ImageObject","inLanguage":"en-US","@id":"https:\/\/avaro-fashion.com\/produs\/rochie-de-ocazie-avaro-cu-umarul-gol-si-bust-cu-drapaj\/#primaryimage","url":"https:\/\/avaro-fashion.com\/wp-content\/uploads\/2025\/06\/R6685-ROSU-1.jpg","contentUrl":"https:\/\/avaro-fashion.com\/wp-content\/uploads\/2025\/06\/R6685-ROSU-1.jpg","width":1365,"height":2048},{"@type":"BreadcrumbList","@id":"https:\/\/avaro-fashion.com\/produs\/rochie-de-ocazie-avaro-cu-umarul-gol-si-bust-cu-drapaj\/#breadcrumb","itemListElement":[{"@type":"ListItem","position":1,"name":"Prima pagin\u0103","item":"https:\/\/avaro-fashion.com\/"},{"@type":"ListItem","position":2,"name":"Magazin","item":"https:\/\/avaro-fashion.com\/magazin\/"},{"@type":"ListItem","position":3,"name":"Rochie de ocazie AVARO cu um\u0103rul gol \u0219i bust cu drapaj"}]},{"@type":"WebSite","@id":"https:\/\/avaro-fashion.com\/#website","url":"https:\/\/avaro-fashion.com\/","name":"AVARO Fashion","description":"","publisher":{"@id":"https:\/\/avaro-fashion.com\/#organization"},"potentialAction":[{"@type":"SearchAction","target":{"@type":"EntryPoint","urlTemplate":"https:\/\/avaro-fashion.com\/?s={search_term_string}"},"query-input":{"@type":"PropertyValueSpecification","valueRequired":true,"valueName":"search_term_string"}}],"inLanguage":"en-US"},{"@type":"Organization","@id":"https:\/\/avaro-fashion.com\/#organization","name":"AVARO Fashion","url":"https:\/\/avaro-fashion.com\/","logo":{"@type":"ImageObject","inLanguage":"en-US","@id":"https:\/\/avaro-fashion.com\/#\/schema\/logo\/image\/","url":"https:\/\/avaro-fashion.com\/wp-content\/uploads\/2025\/06\/Avaro_Fashion-nobg.png","contentUrl":"https:\/\/avaro-fashion.com\/wp-content\/uploads\/2025\/06\/Avaro_Fashion-nobg.png","width":900,"height":277,"caption":"AVARO Fashion"},"image":{"@id":"https:\/\/avaro-fashion.com\/#\/schema\/logo\/image\/"},"sameAs":["https:\/\/m.facebook.com\/profile.php?id=61576779797329"]}]}},"_links":{"self":[{"href":"https:\/\/avaro-fashion.com\/en\/wp-json\/wp\/v2\/product\/2192","targetHints":{"allow":["GET"]}}],"collection":[{"href":"https:\/\/avaro-fashion.com\/en\/wp-json\/wp\/v2\/product"}],"about":[{"href":"https:\/\/avaro-fashion.com\/en\/wp-json\/wp\/v2\/types\/product"}],"replies":[{"embeddable":true,"href":"https:\/\/avaro-fashion.com\/en\/wp-json\/wp\/v2\/comments?post=2192"}],"wp:featuredmedia":[{"embeddable":true,"href":"https:\/\/avaro-fashion.com\/en\/wp-json\/wp\/v2\/media\/2198"}],"wp:attachment":[{"href":"https:\/\/avaro-fashion.com\/en\/wp-json\/wp\/v2\/media?parent=2192"}],"wp:term":[{"taxonomy":"product_brand","embeddable":true,"href":"https:\/\/avaro-fashion.com\/en\/wp-json\/wp\/v2\/product_brand?post=2192"},{"taxonomy":"product_cat","embeddable":true,"href":"https:\/\/avaro-fashion.com\/en\/wp-json\/wp\/v2\/product_cat?post=2192"},{"taxonomy":"product_tag","embeddable":true,"href":"https:\/\/avaro-fashion.com\/en\/wp-json\/wp\/v2\/product_tag?post=2192"}],"curies":[{"name":"wp","href":"https:\/\/api.w.org\/{rel}","templated":true}]}}