{"id":2204,"date":"2025-06-26T13:16:17","date_gmt":"2025-06-26T10:16:17","guid":{"rendered":"https:\/\/avaro-fashion.com\/?post_type=product&#038;p=2204"},"modified":"2025-08-03T18:21:10","modified_gmt":"2025-08-03T15:21:10","slug":"rochie-de-ocazie-avaro-cu-un-umar-gol-si-design-asimetric-fuchsia","status":"publish","type":"product","link":"https:\/\/avaro-fashion.com\/en\/product\/rochie-de-ocazie-avaro-cu-un-umar-gol-si-design-asimetric-fuchsia\/","title":{"rendered":"AVARO occasion dress with one bare shoulder and asymmetrical design"},"content":{"rendered":"<ul>\n<li>Asymmetrical sleeveless dress<\/li>\n<li>Asymmetrical design with one bare shoulder<\/li>\n<li>Decorated with ample ruffles on the right shoulder<\/li>\n<li>Arched top<\/li>\n<li>Curved at the waist<\/li>\n<li>Wide-cut skirt with pleats at the waist<\/li>\n<li>Asymmetrical skirt hem, shorter at the front and longer at the back<\/li>\n<li>Reinforced hem for width<\/li>\n<li>Lined on the blouse side with satin fabric and slightly elastic<\/li>\n<li>Side closure with concealed zipper<\/li>\n<li>Fabric: full satin with a satin finish, giving it a sophisticated look<\/li>\n<li>Ideal for festive events, cocktail parties, weddings, or galas<\/li>\n<li>Composition: 98% polyester, 2% elastane<\/li>\n<\/ul>","protected":false},"excerpt":{"rendered":"<p>Rochie asimetric\u0103 f\u0103r\u0103 m\u00e2neci Design asimetric cu un um\u0103r gol Decorat\u0103 cu volane ample pe um\u0103rul drept Partea superioar\u0103 cambrat\u0103 Cambrat\u0103 pe talie Fust\u0103 cu croial\u0103 ampl\u0103, cu pliuri \u00een talie Tiv fust\u0103 asimetric, mai scurt \u00een fa\u021b\u0103 \u0219i mai lung \u00een spate Tiv \u00eent\u0103rit pentru amploare Dublat\u0103 pe partea de bluz\u0103 cu \u021bes\u0103tura satinat\u0103 [&hellip;]<\/p>\n","protected":false},"featured_media":2210,"comment_status":"open","ping_status":"closed","template":"","meta":{"_acf_changed":false,"site-sidebar-layout":"default","site-content-layout":"","ast-site-content-layout":"default","site-content-style":"default","site-sidebar-style":"default","ast-global-header-display":"","ast-banner-title-visibility":"","ast-main-header-display":"","ast-hfb-above-header-display":"","ast-hfb-below-header-display":"","ast-hfb-mobile-header-display":"","site-post-title":"","ast-breadcrumbs-content":"","ast-featured-img":"","footer-sml-layout":"","ast-disable-related-posts":"","theme-transparent-header-meta":"default","adv-header-id-meta":"","stick-header-meta":"","header-above-stick-meta":"","header-main-stick-meta":"","header-below-stick-meta":"","astra-migrate-meta-layouts":"set","ast-page-background-enabled":"default","ast-page-background-meta":{"desktop":{"background-color":"","background-image":"","background-repeat":"repeat","background-position":"center center","background-size":"auto","background-attachment":"scroll","background-type":"","background-media":"","overlay-type":"","overlay-color":"","overlay-opacity":"","overlay-gradient":""},"tablet":{"background-color":"","background-image":"","background-repeat":"repeat","background-position":"center center","background-size":"auto","background-attachment":"scroll","background-type":"","background-media":"","overlay-type":"","overlay-color":"","overlay-opacity":"","overlay-gradient":""},"mobile":{"background-color":"","background-image":"","background-repeat":"repeat","background-position":"center center","background-size":"auto","background-attachment":"scroll","background-type":"","background-media":"","overlay-type":"","overlay-color":"","overlay-opacity":"","overlay-gradient":""}},"ast-content-background-meta":{"desktop":{"background-color":"var(--ast-global-color-5)","background-image":"","background-repeat":"repeat","background-position":"center center","background-size":"auto","background-attachment":"scroll","background-type":"","background-media":"","overlay-type":"","overlay-color":"","overlay-opacity":"","overlay-gradient":""},"tablet":{"background-color":"var(--ast-global-color-5)","background-image":"","background-repeat":"repeat","background-position":"center center","background-size":"auto","background-attachment":"scroll","background-type":"","background-media":"","overlay-type":"","overlay-color":"","overlay-opacity":"","overlay-gradient":""},"mobile":{"background-color":"var(--ast-global-color-5)","background-image":"","background-repeat":"repeat","background-position":"center center","background-size":"auto","background-attachment":"scroll","background-type":"","background-media":"","overlay-type":"","overlay-color":"","overlay-opacity":"","overlay-gradient":""}}},"product_brand":[],"product_cat":[46,48],"product_tag":[],"class_list":{"0":"post-2204","1":"product","2":"type-product","3":"status-publish","4":"has-post-thumbnail","6":"colectii-colectie-capsula","7":"colectii-colectie-noua","8":"public_tinta-femei","9":"tip_produs_general-imbracaminte","10":"product_cat-rochii","11":"product_cat-rochii-de-ocazie","12":"desktop-align-left","13":"tablet-align-left","14":"mobile-align-left","16":"first","17":"instock","18":"taxable","19":"shipping-taxable","20":"purchasable","21":"product-type-variable","22":"add-to-wishlist-before_image","23":"wpzoom-wc-spi-has-enabled"},"acf":[],"yoast_head":"<!-- This site is optimized with the Yoast SEO plugin v26.9 - https:\/\/yoast.com\/product\/yoast-seo-wordpress\/ -->\n<title>Rochie de ocazie AVARO cu un um\u0103r gol \u0219i design asimetric - AVARO Fashion<\/title>\n<meta name=\"description\" content=\"Rochie de ocazie AVARO cu design asimetric, un um\u0103r gol \u0219i volane ample. Croial\u0103 sofisticat\u0103, ideal\u0103 pentru evenimente elegante sau gale.\" \/>\n<meta name=\"robots\" content=\"index, follow, max-snippet:-1, max-image-preview:large, max-video-preview:-1\" \/>\n<link rel=\"canonical\" href=\"https:\/\/avaro-fashion.com\/en\/product\/rochie-de-ocazie-avaro-cu-un-umar-gol-si-design-asimetric-fuchsia\/\" \/>\n<meta property=\"og:locale\" content=\"en_US\" \/>\n<meta property=\"og:type\" content=\"article\" \/>\n<meta property=\"og:title\" content=\"Rochie de ocazie AVARO cu un um\u0103r gol \u0219i design asimetric - AVARO Fashion\" \/>\n<meta property=\"og:description\" content=\"Rochie de ocazie AVARO cu design asimetric, un um\u0103r gol \u0219i volane ample. Croial\u0103 sofisticat\u0103, ideal\u0103 pentru evenimente elegante sau gale.\" \/>\n<meta property=\"og:url\" content=\"https:\/\/avaro-fashion.com\/en\/product\/rochie-de-ocazie-avaro-cu-un-umar-gol-si-design-asimetric-fuchsia\/\" \/>\n<meta property=\"og:site_name\" content=\"AVARO Fashion\" \/>\n<meta property=\"article:publisher\" content=\"https:\/\/m.facebook.com\/profile.php?id=61576779797329\" \/>\n<meta property=\"article:modified_time\" content=\"2025-08-03T15:21:10+00:00\" \/>\n<meta property=\"og:image\" content=\"https:\/\/avaro-fashion.com\/wp-content\/uploads\/2025\/06\/R6687-FUCHSIA-1.jpg\" \/>\n\t<meta property=\"og:image:width\" content=\"1365\" \/>\n\t<meta property=\"og:image:height\" content=\"2048\" \/>\n\t<meta property=\"og:image:type\" content=\"image\/jpeg\" \/>\n<meta name=\"twitter:card\" content=\"summary_large_image\" \/>\n<meta name=\"twitter:label1\" content=\"Est. reading time\" \/>\n\t<meta name=\"twitter:data1\" content=\"1 minute\" \/>\n<script type=\"application\/ld+json\" class=\"yoast-schema-graph\">{\"@context\":\"https:\/\/schema.org\",\"@graph\":[{\"@type\":\"WebPage\",\"@id\":\"https:\/\/avaro-fashion.com\/produs\/rochie-de-ocazie-avaro-cu-un-umar-gol-si-design-asimetric-fuchsia\/\",\"url\":\"https:\/\/avaro-fashion.com\/produs\/rochie-de-ocazie-avaro-cu-un-umar-gol-si-design-asimetric-fuchsia\/\",\"name\":\"Rochie de ocazie AVARO cu un um\u0103r gol \u0219i design asimetric - AVARO Fashion\",\"isPartOf\":{\"@id\":\"https:\/\/avaro-fashion.com\/#website\"},\"primaryImageOfPage\":{\"@id\":\"https:\/\/avaro-fashion.com\/produs\/rochie-de-ocazie-avaro-cu-un-umar-gol-si-design-asimetric-fuchsia\/#primaryimage\"},\"image\":{\"@id\":\"https:\/\/avaro-fashion.com\/produs\/rochie-de-ocazie-avaro-cu-un-umar-gol-si-design-asimetric-fuchsia\/#primaryimage\"},\"thumbnailUrl\":\"https:\/\/avaro-fashion.com\/wp-content\/uploads\/2025\/06\/R6687-FUCHSIA-1.jpg\",\"datePublished\":\"2025-06-26T10:16:17+00:00\",\"dateModified\":\"2025-08-03T15:21:10+00:00\",\"description\":\"Rochie de ocazie AVARO cu design asimetric, un um\u0103r gol \u0219i volane ample. Croial\u0103 sofisticat\u0103, ideal\u0103 pentru evenimente elegante sau gale.\",\"breadcrumb\":{\"@id\":\"https:\/\/avaro-fashion.com\/produs\/rochie-de-ocazie-avaro-cu-un-umar-gol-si-design-asimetric-fuchsia\/#breadcrumb\"},\"inLanguage\":\"en-US\",\"potentialAction\":[{\"@type\":\"ReadAction\",\"target\":[\"https:\/\/avaro-fashion.com\/produs\/rochie-de-ocazie-avaro-cu-un-umar-gol-si-design-asimetric-fuchsia\/\"]}]},{\"@type\":\"ImageObject\",\"inLanguage\":\"en-US\",\"@id\":\"https:\/\/avaro-fashion.com\/produs\/rochie-de-ocazie-avaro-cu-un-umar-gol-si-design-asimetric-fuchsia\/#primaryimage\",\"url\":\"https:\/\/avaro-fashion.com\/wp-content\/uploads\/2025\/06\/R6687-FUCHSIA-1.jpg\",\"contentUrl\":\"https:\/\/avaro-fashion.com\/wp-content\/uploads\/2025\/06\/R6687-FUCHSIA-1.jpg\",\"width\":1365,\"height\":2048},{\"@type\":\"BreadcrumbList\",\"@id\":\"https:\/\/avaro-fashion.com\/produs\/rochie-de-ocazie-avaro-cu-un-umar-gol-si-design-asimetric-fuchsia\/#breadcrumb\",\"itemListElement\":[{\"@type\":\"ListItem\",\"position\":1,\"name\":\"Prima pagin\u0103\",\"item\":\"https:\/\/avaro-fashion.com\/\"},{\"@type\":\"ListItem\",\"position\":2,\"name\":\"Magazin\",\"item\":\"https:\/\/avaro-fashion.com\/magazin\/\"},{\"@type\":\"ListItem\",\"position\":3,\"name\":\"Rochie de ocazie AVARO cu un um\u0103r gol \u0219i design asimetric\"}]},{\"@type\":\"WebSite\",\"@id\":\"https:\/\/avaro-fashion.com\/#website\",\"url\":\"https:\/\/avaro-fashion.com\/\",\"name\":\"AVARO Fashion\",\"description\":\"\",\"publisher\":{\"@id\":\"https:\/\/avaro-fashion.com\/#organization\"},\"potentialAction\":[{\"@type\":\"SearchAction\",\"target\":{\"@type\":\"EntryPoint\",\"urlTemplate\":\"https:\/\/avaro-fashion.com\/?s={search_term_string}\"},\"query-input\":{\"@type\":\"PropertyValueSpecification\",\"valueRequired\":true,\"valueName\":\"search_term_string\"}}],\"inLanguage\":\"en-US\"},{\"@type\":\"Organization\",\"@id\":\"https:\/\/avaro-fashion.com\/#organization\",\"name\":\"AVARO Fashion\",\"url\":\"https:\/\/avaro-fashion.com\/\",\"logo\":{\"@type\":\"ImageObject\",\"inLanguage\":\"en-US\",\"@id\":\"https:\/\/avaro-fashion.com\/#\/schema\/logo\/image\/\",\"url\":\"https:\/\/avaro-fashion.com\/wp-content\/uploads\/2025\/06\/Avaro_Fashion-nobg.png\",\"contentUrl\":\"https:\/\/avaro-fashion.com\/wp-content\/uploads\/2025\/06\/Avaro_Fashion-nobg.png\",\"width\":900,\"height\":277,\"caption\":\"AVARO Fashion\"},\"image\":{\"@id\":\"https:\/\/avaro-fashion.com\/#\/schema\/logo\/image\/\"},\"sameAs\":[\"https:\/\/m.facebook.com\/profile.php?id=61576779797329\"]}]}<\/script>\n<!-- \/ Yoast SEO plugin. -->","yoast_head_json":{"title":"Rochie de ocazie AVARO cu un um\u0103r gol \u0219i design asimetric - AVARO Fashion","description":"Rochie de ocazie AVARO cu design asimetric, un um\u0103r gol \u0219i volane ample. Croial\u0103 sofisticat\u0103, ideal\u0103 pentru evenimente elegante sau gale.","robots":{"index":"index","follow":"follow","max-snippet":"max-snippet:-1","max-image-preview":"max-image-preview:large","max-video-preview":"max-video-preview:-1"},"canonical":"https:\/\/avaro-fashion.com\/en\/product\/rochie-de-ocazie-avaro-cu-un-umar-gol-si-design-asimetric-fuchsia\/","og_locale":"en_US","og_type":"article","og_title":"Rochie de ocazie AVARO cu un um\u0103r gol \u0219i design asimetric - AVARO Fashion","og_description":"Rochie de ocazie AVARO cu design asimetric, un um\u0103r gol \u0219i volane ample. Croial\u0103 sofisticat\u0103, ideal\u0103 pentru evenimente elegante sau gale.","og_url":"https:\/\/avaro-fashion.com\/en\/product\/rochie-de-ocazie-avaro-cu-un-umar-gol-si-design-asimetric-fuchsia\/","og_site_name":"AVARO Fashion","article_publisher":"https:\/\/m.facebook.com\/profile.php?id=61576779797329","article_modified_time":"2025-08-03T15:21:10+00:00","og_image":[{"width":1365,"height":2048,"url":"https:\/\/avaro-fashion.com\/wp-content\/uploads\/2025\/06\/R6687-FUCHSIA-1.jpg","type":"image\/jpeg"}],"twitter_card":"summary_large_image","twitter_misc":{"Est. reading time":"1 minute"},"schema":{"@context":"https:\/\/schema.org","@graph":[{"@type":"WebPage","@id":"https:\/\/avaro-fashion.com\/produs\/rochie-de-ocazie-avaro-cu-un-umar-gol-si-design-asimetric-fuchsia\/","url":"https:\/\/avaro-fashion.com\/produs\/rochie-de-ocazie-avaro-cu-un-umar-gol-si-design-asimetric-fuchsia\/","name":"Rochie de ocazie AVARO cu un um\u0103r gol \u0219i design asimetric - AVARO Fashion","isPartOf":{"@id":"https:\/\/avaro-fashion.com\/#website"},"primaryImageOfPage":{"@id":"https:\/\/avaro-fashion.com\/produs\/rochie-de-ocazie-avaro-cu-un-umar-gol-si-design-asimetric-fuchsia\/#primaryimage"},"image":{"@id":"https:\/\/avaro-fashion.com\/produs\/rochie-de-ocazie-avaro-cu-un-umar-gol-si-design-asimetric-fuchsia\/#primaryimage"},"thumbnailUrl":"https:\/\/avaro-fashion.com\/wp-content\/uploads\/2025\/06\/R6687-FUCHSIA-1.jpg","datePublished":"2025-06-26T10:16:17+00:00","dateModified":"2025-08-03T15:21:10+00:00","description":"Rochie de ocazie AVARO cu design asimetric, un um\u0103r gol \u0219i volane ample. Croial\u0103 sofisticat\u0103, ideal\u0103 pentru evenimente elegante sau gale.","breadcrumb":{"@id":"https:\/\/avaro-fashion.com\/produs\/rochie-de-ocazie-avaro-cu-un-umar-gol-si-design-asimetric-fuchsia\/#breadcrumb"},"inLanguage":"en-US","potentialAction":[{"@type":"ReadAction","target":["https:\/\/avaro-fashion.com\/produs\/rochie-de-ocazie-avaro-cu-un-umar-gol-si-design-asimetric-fuchsia\/"]}]},{"@type":"ImageObject","inLanguage":"en-US","@id":"https:\/\/avaro-fashion.com\/produs\/rochie-de-ocazie-avaro-cu-un-umar-gol-si-design-asimetric-fuchsia\/#primaryimage","url":"https:\/\/avaro-fashion.com\/wp-content\/uploads\/2025\/06\/R6687-FUCHSIA-1.jpg","contentUrl":"https:\/\/avaro-fashion.com\/wp-content\/uploads\/2025\/06\/R6687-FUCHSIA-1.jpg","width":1365,"height":2048},{"@type":"BreadcrumbList","@id":"https:\/\/avaro-fashion.com\/produs\/rochie-de-ocazie-avaro-cu-un-umar-gol-si-design-asimetric-fuchsia\/#breadcrumb","itemListElement":[{"@type":"ListItem","position":1,"name":"Prima pagin\u0103","item":"https:\/\/avaro-fashion.com\/"},{"@type":"ListItem","position":2,"name":"Magazin","item":"https:\/\/avaro-fashion.com\/magazin\/"},{"@type":"ListItem","position":3,"name":"Rochie de ocazie AVARO cu un um\u0103r gol \u0219i design asimetric"}]},{"@type":"WebSite","@id":"https:\/\/avaro-fashion.com\/#website","url":"https:\/\/avaro-fashion.com\/","name":"AVARO Fashion","description":"","publisher":{"@id":"https:\/\/avaro-fashion.com\/#organization"},"potentialAction":[{"@type":"SearchAction","target":{"@type":"EntryPoint","urlTemplate":"https:\/\/avaro-fashion.com\/?s={search_term_string}"},"query-input":{"@type":"PropertyValueSpecification","valueRequired":true,"valueName":"search_term_string"}}],"inLanguage":"en-US"},{"@type":"Organization","@id":"https:\/\/avaro-fashion.com\/#organization","name":"AVARO Fashion","url":"https:\/\/avaro-fashion.com\/","logo":{"@type":"ImageObject","inLanguage":"en-US","@id":"https:\/\/avaro-fashion.com\/#\/schema\/logo\/image\/","url":"https:\/\/avaro-fashion.com\/wp-content\/uploads\/2025\/06\/Avaro_Fashion-nobg.png","contentUrl":"https:\/\/avaro-fashion.com\/wp-content\/uploads\/2025\/06\/Avaro_Fashion-nobg.png","width":900,"height":277,"caption":"AVARO Fashion"},"image":{"@id":"https:\/\/avaro-fashion.com\/#\/schema\/logo\/image\/"},"sameAs":["https:\/\/m.facebook.com\/profile.php?id=61576779797329"]}]}},"_links":{"self":[{"href":"https:\/\/avaro-fashion.com\/en\/wp-json\/wp\/v2\/product\/2204","targetHints":{"allow":["GET"]}}],"collection":[{"href":"https:\/\/avaro-fashion.com\/en\/wp-json\/wp\/v2\/product"}],"about":[{"href":"https:\/\/avaro-fashion.com\/en\/wp-json\/wp\/v2\/types\/product"}],"replies":[{"embeddable":true,"href":"https:\/\/avaro-fashion.com\/en\/wp-json\/wp\/v2\/comments?post=2204"}],"wp:featuredmedia":[{"embeddable":true,"href":"https:\/\/avaro-fashion.com\/en\/wp-json\/wp\/v2\/media\/2210"}],"wp:attachment":[{"href":"https:\/\/avaro-fashion.com\/en\/wp-json\/wp\/v2\/media?parent=2204"}],"wp:term":[{"taxonomy":"product_brand","embeddable":true,"href":"https:\/\/avaro-fashion.com\/en\/wp-json\/wp\/v2\/product_brand?post=2204"},{"taxonomy":"product_cat","embeddable":true,"href":"https:\/\/avaro-fashion.com\/en\/wp-json\/wp\/v2\/product_cat?post=2204"},{"taxonomy":"product_tag","embeddable":true,"href":"https:\/\/avaro-fashion.com\/en\/wp-json\/wp\/v2\/product_tag?post=2204"}],"curies":[{"name":"wp","href":"https:\/\/api.w.org\/{rel}","templated":true}]}}