{"id":2216,"date":"2025-06-26T13:21:01","date_gmt":"2025-06-26T10:21:01","guid":{"rendered":"https:\/\/avaro-fashion.com\/?post_type=product&#038;p=2216"},"modified":"2025-07-21T09:55:55","modified_gmt":"2025-07-21T06:55:55","slug":"rochie-conica-avaro-midi-cu-maneca-bufanta-si-bustul-fronsat","status":"publish","type":"product","link":"https:\/\/avaro-fashion.com\/en\/product\/rochie-conica-avaro-midi-cu-maneca-bufanta-si-bustul-fronsat\/","title":{"rendered":"AVARO midi cone dress with puff sleeves and gathered bust"},"content":{"rendered":"<ul>\n<li>Rochie midi cu bustul fronsat<\/li>\n<li>Puffed sleeve, above the elbow length and cuff at the end<\/li>\n<li>Circular cuff<\/li>\n<li>Accesorizat\u0103 \u00een talie cu bro\u0219\u0103 deta\u0219abil\u0103 tip bijuterie cu strasuri \u0219i perl\u0103<\/li>\n<li>Fust\u0103 conic\u0103 cu volan amplu lateral st\u00e2nga<\/li>\n<li>\u0218li\u021b frontal pe partea st\u00e2ng\u0103 a piciorului<\/li>\n<li>Decolteu stil b\u0103rcu\u021b\u0103 la baza g\u00e2tului<\/li>\n<li>Dublat\u0103 pe dos cu satin u\u0219or elastic<\/li>\n<li>Coloare: mint<\/li>\n<li>Lungime de la um\u0103r fa\u021b\u0103 p\u00e2n\u0103 la tiv: 105 cm pentru m\u0103rimea 36<\/li>\n<li>Back closure with hidden zipper and button at the neck<\/li>\n<li>Compozi\u021bie: 65% bumbac, 32% poliester, 3% spandex; 98% poliester, 2% elastan<\/li>\n<\/ul>","protected":false},"excerpt":{"rendered":"<p>Rochie midi cu bustul fronsat M\u00e2nec\u0103 bufant\u0103, cu lungime deasupra cotului \u0219i man\u0219et\u0103 la termina\u021bie Man\u0219et\u0103 circular\u0103 Accesorizat\u0103 \u00een talie cu bro\u0219\u0103 deta\u0219abil\u0103 tip bijuterie cu strasuri \u0219i perl\u0103 Fust\u0103 conic\u0103 cu volan amplu lateral st\u00e2nga \u0218li\u021b frontal pe partea st\u00e2ng\u0103 a piciorului Decolteu stil b\u0103rcu\u021b\u0103 la baza g\u00e2tului Dublat\u0103 pe dos cu satin u\u0219or [&hellip;]<\/p>\n","protected":false},"featured_media":2221,"comment_status":"open","ping_status":"closed","template":"","meta":{"_acf_changed":false,"site-sidebar-layout":"default","site-content-layout":"","ast-site-content-layout":"default","site-content-style":"default","site-sidebar-style":"default","ast-global-header-display":"","ast-banner-title-visibility":"","ast-main-header-display":"","ast-hfb-above-header-display":"","ast-hfb-below-header-display":"","ast-hfb-mobile-header-display":"","site-post-title":"","ast-breadcrumbs-content":"","ast-featured-img":"","footer-sml-layout":"","ast-disable-related-posts":"","theme-transparent-header-meta":"default","adv-header-id-meta":"","stick-header-meta":"","header-above-stick-meta":"","header-main-stick-meta":"","header-below-stick-meta":"","astra-migrate-meta-layouts":"set","ast-page-background-enabled":"default","ast-page-background-meta":{"desktop":{"background-color":"","background-image":"","background-repeat":"repeat","background-position":"center center","background-size":"auto","background-attachment":"scroll","background-type":"","background-media":"","overlay-type":"","overlay-color":"","overlay-opacity":"","overlay-gradient":""},"tablet":{"background-color":"","background-image":"","background-repeat":"repeat","background-position":"center center","background-size":"auto","background-attachment":"scroll","background-type":"","background-media":"","overlay-type":"","overlay-color":"","overlay-opacity":"","overlay-gradient":""},"mobile":{"background-color":"","background-image":"","background-repeat":"repeat","background-position":"center center","background-size":"auto","background-attachment":"scroll","background-type":"","background-media":"","overlay-type":"","overlay-color":"","overlay-opacity":"","overlay-gradient":""}},"ast-content-background-meta":{"desktop":{"background-color":"var(--ast-global-color-5)","background-image":"","background-repeat":"repeat","background-position":"center center","background-size":"auto","background-attachment":"scroll","background-type":"","background-media":"","overlay-type":"","overlay-color":"","overlay-opacity":"","overlay-gradient":""},"tablet":{"background-color":"var(--ast-global-color-5)","background-image":"","background-repeat":"repeat","background-position":"center center","background-size":"auto","background-attachment":"scroll","background-type":"","background-media":"","overlay-type":"","overlay-color":"","overlay-opacity":"","overlay-gradient":""},"mobile":{"background-color":"var(--ast-global-color-5)","background-image":"","background-repeat":"repeat","background-position":"center center","background-size":"auto","background-attachment":"scroll","background-type":"","background-media":"","overlay-type":"","overlay-color":"","overlay-opacity":"","overlay-gradient":""}}},"product_brand":[],"product_cat":[46],"product_tag":[],"class_list":{"0":"post-2216","1":"product","2":"type-product","3":"status-publish","4":"has-post-thumbnail","6":"colectii-casual-chic","7":"colectii-colectie-capsula","8":"colectii-colectie-noua","9":"colectii-office-looks","10":"public_tinta-femei","11":"tip_produs_general-imbracaminte","12":"product_cat-rochii","13":"desktop-align-left","14":"tablet-align-left","15":"mobile-align-left","17":"first","18":"instock","19":"taxable","20":"shipping-taxable","21":"purchasable","22":"product-type-variable","23":"add-to-wishlist-before_image","24":"wpzoom-wc-spi-has-enabled"},"acf":[],"yoast_head":"<!-- This site is optimized with the Yoast SEO plugin v26.9 - https:\/\/yoast.com\/product\/yoast-seo-wordpress\/ -->\n<title>Rochie conic\u0103 AVARO midi cu m\u00e2nec\u0103 bufant\u0103 \u0219i bustul fronsat - AVARO Fashion<\/title>\n<meta name=\"robots\" content=\"index, follow, max-snippet:-1, max-image-preview:large, max-video-preview:-1\" \/>\n<link rel=\"canonical\" href=\"https:\/\/avaro-fashion.com\/en\/product\/rochie-conica-avaro-midi-cu-maneca-bufanta-si-bustul-fronsat\/\" \/>\n<meta property=\"og:locale\" content=\"en_US\" \/>\n<meta property=\"og:type\" content=\"article\" \/>\n<meta property=\"og:title\" content=\"Rochie conic\u0103 AVARO midi cu m\u00e2nec\u0103 bufant\u0103 \u0219i bustul fronsat - AVARO Fashion\" \/>\n<meta property=\"og:description\" content=\"Rochie midi cu bustul fronsat M\u00e2nec\u0103 bufant\u0103, cu lungime deasupra cotului \u0219i man\u0219et\u0103 la termina\u021bie Man\u0219et\u0103 circular\u0103 Accesorizat\u0103 \u00een talie cu bro\u0219\u0103 deta\u0219abil\u0103 tip bijuterie cu strasuri \u0219i perl\u0103 Fust\u0103 conic\u0103 cu volan amplu lateral st\u00e2nga \u0218li\u021b frontal pe partea st\u00e2ng\u0103 a piciorului Decolteu stil b\u0103rcu\u021b\u0103 la baza g\u00e2tului Dublat\u0103 pe dos cu satin u\u0219or [&hellip;]\" \/>\n<meta property=\"og:url\" content=\"https:\/\/avaro-fashion.com\/en\/product\/rochie-conica-avaro-midi-cu-maneca-bufanta-si-bustul-fronsat\/\" \/>\n<meta property=\"og:site_name\" content=\"AVARO Fashion\" \/>\n<meta property=\"article:publisher\" content=\"https:\/\/m.facebook.com\/profile.php?id=61576779797329\" \/>\n<meta property=\"article:modified_time\" content=\"2025-07-21T06:55:55+00:00\" \/>\n<meta property=\"og:image\" content=\"https:\/\/avaro-fashion.com\/wp-content\/uploads\/2025\/06\/R6838-MINT-1.jpg\" \/>\n\t<meta property=\"og:image:width\" content=\"1365\" \/>\n\t<meta property=\"og:image:height\" content=\"2048\" \/>\n\t<meta property=\"og:image:type\" content=\"image\/jpeg\" \/>\n<meta name=\"twitter:card\" content=\"summary_large_image\" \/>\n<meta name=\"twitter:label1\" content=\"Est. reading time\" \/>\n\t<meta name=\"twitter:data1\" content=\"1 minute\" \/>\n<script type=\"application\/ld+json\" class=\"yoast-schema-graph\">{\"@context\":\"https:\/\/schema.org\",\"@graph\":[{\"@type\":\"WebPage\",\"@id\":\"https:\/\/avaro-fashion.com\/produs\/rochie-conica-avaro-midi-cu-maneca-bufanta-si-bustul-fronsat\/\",\"url\":\"https:\/\/avaro-fashion.com\/produs\/rochie-conica-avaro-midi-cu-maneca-bufanta-si-bustul-fronsat\/\",\"name\":\"Rochie conic\u0103 AVARO midi cu m\u00e2nec\u0103 bufant\u0103 \u0219i bustul fronsat - AVARO Fashion\",\"isPartOf\":{\"@id\":\"https:\/\/avaro-fashion.com\/#website\"},\"primaryImageOfPage\":{\"@id\":\"https:\/\/avaro-fashion.com\/produs\/rochie-conica-avaro-midi-cu-maneca-bufanta-si-bustul-fronsat\/#primaryimage\"},\"image\":{\"@id\":\"https:\/\/avaro-fashion.com\/produs\/rochie-conica-avaro-midi-cu-maneca-bufanta-si-bustul-fronsat\/#primaryimage\"},\"thumbnailUrl\":\"https:\/\/avaro-fashion.com\/wp-content\/uploads\/2025\/06\/R6838-MINT-1.jpg\",\"datePublished\":\"2025-06-26T10:21:01+00:00\",\"dateModified\":\"2025-07-21T06:55:55+00:00\",\"breadcrumb\":{\"@id\":\"https:\/\/avaro-fashion.com\/produs\/rochie-conica-avaro-midi-cu-maneca-bufanta-si-bustul-fronsat\/#breadcrumb\"},\"inLanguage\":\"en-US\",\"potentialAction\":[{\"@type\":\"ReadAction\",\"target\":[\"https:\/\/avaro-fashion.com\/produs\/rochie-conica-avaro-midi-cu-maneca-bufanta-si-bustul-fronsat\/\"]}]},{\"@type\":\"ImageObject\",\"inLanguage\":\"en-US\",\"@id\":\"https:\/\/avaro-fashion.com\/produs\/rochie-conica-avaro-midi-cu-maneca-bufanta-si-bustul-fronsat\/#primaryimage\",\"url\":\"https:\/\/avaro-fashion.com\/wp-content\/uploads\/2025\/06\/R6838-MINT-1.jpg\",\"contentUrl\":\"https:\/\/avaro-fashion.com\/wp-content\/uploads\/2025\/06\/R6838-MINT-1.jpg\",\"width\":1365,\"height\":2048},{\"@type\":\"BreadcrumbList\",\"@id\":\"https:\/\/avaro-fashion.com\/produs\/rochie-conica-avaro-midi-cu-maneca-bufanta-si-bustul-fronsat\/#breadcrumb\",\"itemListElement\":[{\"@type\":\"ListItem\",\"position\":1,\"name\":\"Prima pagin\u0103\",\"item\":\"https:\/\/avaro-fashion.com\/\"},{\"@type\":\"ListItem\",\"position\":2,\"name\":\"Magazin\",\"item\":\"https:\/\/avaro-fashion.com\/magazin\/\"},{\"@type\":\"ListItem\",\"position\":3,\"name\":\"Rochie conic\u0103 AVARO midi cu m\u00e2nec\u0103 bufant\u0103 \u0219i bustul fronsat\"}]},{\"@type\":\"WebSite\",\"@id\":\"https:\/\/avaro-fashion.com\/#website\",\"url\":\"https:\/\/avaro-fashion.com\/\",\"name\":\"AVARO Fashion\",\"description\":\"\",\"publisher\":{\"@id\":\"https:\/\/avaro-fashion.com\/#organization\"},\"potentialAction\":[{\"@type\":\"SearchAction\",\"target\":{\"@type\":\"EntryPoint\",\"urlTemplate\":\"https:\/\/avaro-fashion.com\/?s={search_term_string}\"},\"query-input\":{\"@type\":\"PropertyValueSpecification\",\"valueRequired\":true,\"valueName\":\"search_term_string\"}}],\"inLanguage\":\"en-US\"},{\"@type\":\"Organization\",\"@id\":\"https:\/\/avaro-fashion.com\/#organization\",\"name\":\"AVARO Fashion\",\"url\":\"https:\/\/avaro-fashion.com\/\",\"logo\":{\"@type\":\"ImageObject\",\"inLanguage\":\"en-US\",\"@id\":\"https:\/\/avaro-fashion.com\/#\/schema\/logo\/image\/\",\"url\":\"https:\/\/avaro-fashion.com\/wp-content\/uploads\/2025\/06\/Avaro_Fashion-nobg.png\",\"contentUrl\":\"https:\/\/avaro-fashion.com\/wp-content\/uploads\/2025\/06\/Avaro_Fashion-nobg.png\",\"width\":900,\"height\":277,\"caption\":\"AVARO Fashion\"},\"image\":{\"@id\":\"https:\/\/avaro-fashion.com\/#\/schema\/logo\/image\/\"},\"sameAs\":[\"https:\/\/m.facebook.com\/profile.php?id=61576779797329\"]}]}<\/script>\n<!-- \/ Yoast SEO plugin. -->","yoast_head_json":{"title":"Rochie conic\u0103 AVARO midi cu m\u00e2nec\u0103 bufant\u0103 \u0219i bustul fronsat - AVARO Fashion","robots":{"index":"index","follow":"follow","max-snippet":"max-snippet:-1","max-image-preview":"max-image-preview:large","max-video-preview":"max-video-preview:-1"},"canonical":"https:\/\/avaro-fashion.com\/en\/product\/rochie-conica-avaro-midi-cu-maneca-bufanta-si-bustul-fronsat\/","og_locale":"en_US","og_type":"article","og_title":"Rochie conic\u0103 AVARO midi cu m\u00e2nec\u0103 bufant\u0103 \u0219i bustul fronsat - AVARO Fashion","og_description":"Rochie midi cu bustul fronsat M\u00e2nec\u0103 bufant\u0103, cu lungime deasupra cotului \u0219i man\u0219et\u0103 la termina\u021bie Man\u0219et\u0103 circular\u0103 Accesorizat\u0103 \u00een talie cu bro\u0219\u0103 deta\u0219abil\u0103 tip bijuterie cu strasuri \u0219i perl\u0103 Fust\u0103 conic\u0103 cu volan amplu lateral st\u00e2nga \u0218li\u021b frontal pe partea st\u00e2ng\u0103 a piciorului Decolteu stil b\u0103rcu\u021b\u0103 la baza g\u00e2tului Dublat\u0103 pe dos cu satin u\u0219or [&hellip;]","og_url":"https:\/\/avaro-fashion.com\/en\/product\/rochie-conica-avaro-midi-cu-maneca-bufanta-si-bustul-fronsat\/","og_site_name":"AVARO Fashion","article_publisher":"https:\/\/m.facebook.com\/profile.php?id=61576779797329","article_modified_time":"2025-07-21T06:55:55+00:00","og_image":[{"width":1365,"height":2048,"url":"https:\/\/avaro-fashion.com\/wp-content\/uploads\/2025\/06\/R6838-MINT-1.jpg","type":"image\/jpeg"}],"twitter_card":"summary_large_image","twitter_misc":{"Est. reading time":"1 minute"},"schema":{"@context":"https:\/\/schema.org","@graph":[{"@type":"WebPage","@id":"https:\/\/avaro-fashion.com\/produs\/rochie-conica-avaro-midi-cu-maneca-bufanta-si-bustul-fronsat\/","url":"https:\/\/avaro-fashion.com\/produs\/rochie-conica-avaro-midi-cu-maneca-bufanta-si-bustul-fronsat\/","name":"Rochie conic\u0103 AVARO midi cu m\u00e2nec\u0103 bufant\u0103 \u0219i bustul fronsat - AVARO Fashion","isPartOf":{"@id":"https:\/\/avaro-fashion.com\/#website"},"primaryImageOfPage":{"@id":"https:\/\/avaro-fashion.com\/produs\/rochie-conica-avaro-midi-cu-maneca-bufanta-si-bustul-fronsat\/#primaryimage"},"image":{"@id":"https:\/\/avaro-fashion.com\/produs\/rochie-conica-avaro-midi-cu-maneca-bufanta-si-bustul-fronsat\/#primaryimage"},"thumbnailUrl":"https:\/\/avaro-fashion.com\/wp-content\/uploads\/2025\/06\/R6838-MINT-1.jpg","datePublished":"2025-06-26T10:21:01+00:00","dateModified":"2025-07-21T06:55:55+00:00","breadcrumb":{"@id":"https:\/\/avaro-fashion.com\/produs\/rochie-conica-avaro-midi-cu-maneca-bufanta-si-bustul-fronsat\/#breadcrumb"},"inLanguage":"en-US","potentialAction":[{"@type":"ReadAction","target":["https:\/\/avaro-fashion.com\/produs\/rochie-conica-avaro-midi-cu-maneca-bufanta-si-bustul-fronsat\/"]}]},{"@type":"ImageObject","inLanguage":"en-US","@id":"https:\/\/avaro-fashion.com\/produs\/rochie-conica-avaro-midi-cu-maneca-bufanta-si-bustul-fronsat\/#primaryimage","url":"https:\/\/avaro-fashion.com\/wp-content\/uploads\/2025\/06\/R6838-MINT-1.jpg","contentUrl":"https:\/\/avaro-fashion.com\/wp-content\/uploads\/2025\/06\/R6838-MINT-1.jpg","width":1365,"height":2048},{"@type":"BreadcrumbList","@id":"https:\/\/avaro-fashion.com\/produs\/rochie-conica-avaro-midi-cu-maneca-bufanta-si-bustul-fronsat\/#breadcrumb","itemListElement":[{"@type":"ListItem","position":1,"name":"Prima pagin\u0103","item":"https:\/\/avaro-fashion.com\/"},{"@type":"ListItem","position":2,"name":"Magazin","item":"https:\/\/avaro-fashion.com\/magazin\/"},{"@type":"ListItem","position":3,"name":"Rochie conic\u0103 AVARO midi cu m\u00e2nec\u0103 bufant\u0103 \u0219i bustul fronsat"}]},{"@type":"WebSite","@id":"https:\/\/avaro-fashion.com\/#website","url":"https:\/\/avaro-fashion.com\/","name":"AVARO Fashion","description":"","publisher":{"@id":"https:\/\/avaro-fashion.com\/#organization"},"potentialAction":[{"@type":"SearchAction","target":{"@type":"EntryPoint","urlTemplate":"https:\/\/avaro-fashion.com\/?s={search_term_string}"},"query-input":{"@type":"PropertyValueSpecification","valueRequired":true,"valueName":"search_term_string"}}],"inLanguage":"en-US"},{"@type":"Organization","@id":"https:\/\/avaro-fashion.com\/#organization","name":"AVARO Fashion","url":"https:\/\/avaro-fashion.com\/","logo":{"@type":"ImageObject","inLanguage":"en-US","@id":"https:\/\/avaro-fashion.com\/#\/schema\/logo\/image\/","url":"https:\/\/avaro-fashion.com\/wp-content\/uploads\/2025\/06\/Avaro_Fashion-nobg.png","contentUrl":"https:\/\/avaro-fashion.com\/wp-content\/uploads\/2025\/06\/Avaro_Fashion-nobg.png","width":900,"height":277,"caption":"AVARO Fashion"},"image":{"@id":"https:\/\/avaro-fashion.com\/#\/schema\/logo\/image\/"},"sameAs":["https:\/\/m.facebook.com\/profile.php?id=61576779797329"]}]}},"_links":{"self":[{"href":"https:\/\/avaro-fashion.com\/en\/wp-json\/wp\/v2\/product\/2216","targetHints":{"allow":["GET"]}}],"collection":[{"href":"https:\/\/avaro-fashion.com\/en\/wp-json\/wp\/v2\/product"}],"about":[{"href":"https:\/\/avaro-fashion.com\/en\/wp-json\/wp\/v2\/types\/product"}],"replies":[{"embeddable":true,"href":"https:\/\/avaro-fashion.com\/en\/wp-json\/wp\/v2\/comments?post=2216"}],"wp:featuredmedia":[{"embeddable":true,"href":"https:\/\/avaro-fashion.com\/en\/wp-json\/wp\/v2\/media\/2221"}],"wp:attachment":[{"href":"https:\/\/avaro-fashion.com\/en\/wp-json\/wp\/v2\/media?parent=2216"}],"wp:term":[{"taxonomy":"product_brand","embeddable":true,"href":"https:\/\/avaro-fashion.com\/en\/wp-json\/wp\/v2\/product_brand?post=2216"},{"taxonomy":"product_cat","embeddable":true,"href":"https:\/\/avaro-fashion.com\/en\/wp-json\/wp\/v2\/product_cat?post=2216"},{"taxonomy":"product_tag","embeddable":true,"href":"https:\/\/avaro-fashion.com\/en\/wp-json\/wp\/v2\/product_tag?post=2216"}],"curies":[{"name":"wp","href":"https:\/\/api.w.org\/{rel}","templated":true}]}}