{"id":3350,"date":"2025-07-18T07:02:24","date_gmt":"2025-07-18T04:02:24","guid":{"rendered":"https:\/\/avaro-fashion.com\/?post_type=product&#038;p=3350"},"modified":"2025-07-21T09:28:59","modified_gmt":"2025-07-21T06:28:59","slug":"rochie-lunga-avaro-de-ocazie-cu-design-petrecut-si-umarul-gol-cu-floare-maxi-negru","status":"publish","type":"product","link":"https:\/\/avaro-fashion.com\/en\/product\/rochie-lunga-avaro-de-ocazie-cu-design-petrecut-si-umarul-gol-cu-floare-maxi-negru\/","title":{"rendered":"AVARO long dress with a flowing design and off-the-shoulder neckline with maxi flower"},"content":{"rendered":"<ul>\n<li>Long dress made of thin taffeta<\/li>\n<li>Diagonal neckline with bare shoulder<\/li>\n<li>Skirt with pleats at the waist<\/li>\n<li>Lined with slightly stretchy satin fabric<\/li>\n<li>Draping from shoulder to waist<\/li>\n<li>Accessorized on the right shoulder with a detachable maxi flower brooch<\/li>\n<li>Left side closure with hidden zipper<\/li>\n<li>Fabric: thin, slightly elastic taffeta with a matte sheen<\/li>\n<li>Composition: 98% polyester, 2% elastane<\/li>\n<\/ul>","protected":false},"excerpt":{"rendered":"<p>Rochie lung\u0103 din tafta sub\u021bire Decolteu diagonal cu um\u0103rul gol Fust\u0103 petrecut\u0103 cu pliuri \u00een talie C\u0103ptu\u0219it\u0103 cu \u021bes\u0103tur\u0103 satinat\u0103 u\u0219or elastic\u0103 Drapaj din um\u0103r spre talie Accesorizat\u0103 pe um\u0103rul drept cu bro\u0219\u0103 deta\u0219abil\u0103 floare maxi \u00cenchidere lateral st\u00e2nga cu fermoar ascuns \u021aes\u0103tur\u0103: tafta sub\u021bire, u\u0219or elastic\u0103, cu luciu mat Compozi\u021bie: 98% poliester, 2% elastan<\/p>","protected":false},"featured_media":2171,"comment_status":"open","ping_status":"closed","template":"","meta":{"_acf_changed":false,"site-sidebar-layout":"default","site-content-layout":"","ast-site-content-layout":"default","site-content-style":"default","site-sidebar-style":"default","ast-global-header-display":"","ast-banner-title-visibility":"","ast-main-header-display":"","ast-hfb-above-header-display":"","ast-hfb-below-header-display":"","ast-hfb-mobile-header-display":"","site-post-title":"","ast-breadcrumbs-content":"","ast-featured-img":"","footer-sml-layout":"","ast-disable-related-posts":"","theme-transparent-header-meta":"default","adv-header-id-meta":"","stick-header-meta":"","header-above-stick-meta":"","header-main-stick-meta":"","header-below-stick-meta":"","astra-migrate-meta-layouts":"set","ast-page-background-enabled":"default","ast-page-background-meta":{"desktop":{"background-color":"","background-image":"","background-repeat":"repeat","background-position":"center center","background-size":"auto","background-attachment":"scroll","background-type":"","background-media":"","overlay-type":"","overlay-color":"","overlay-opacity":"","overlay-gradient":""},"tablet":{"background-color":"","background-image":"","background-repeat":"repeat","background-position":"center center","background-size":"auto","background-attachment":"scroll","background-type":"","background-media":"","overlay-type":"","overlay-color":"","overlay-opacity":"","overlay-gradient":""},"mobile":{"background-color":"","background-image":"","background-repeat":"repeat","background-position":"center center","background-size":"auto","background-attachment":"scroll","background-type":"","background-media":"","overlay-type":"","overlay-color":"","overlay-opacity":"","overlay-gradient":""}},"ast-content-background-meta":{"desktop":{"background-color":"var(--ast-global-color-5)","background-image":"","background-repeat":"repeat","background-position":"center center","background-size":"auto","background-attachment":"scroll","background-type":"","background-media":"","overlay-type":"","overlay-color":"","overlay-opacity":"","overlay-gradient":""},"tablet":{"background-color":"var(--ast-global-color-5)","background-image":"","background-repeat":"repeat","background-position":"center center","background-size":"auto","background-attachment":"scroll","background-type":"","background-media":"","overlay-type":"","overlay-color":"","overlay-opacity":"","overlay-gradient":""},"mobile":{"background-color":"var(--ast-global-color-5)","background-image":"","background-repeat":"repeat","background-position":"center center","background-size":"auto","background-attachment":"scroll","background-type":"","background-media":"","overlay-type":"","overlay-color":"","overlay-opacity":"","overlay-gradient":""}}},"product_brand":[],"product_cat":[46,48],"product_tag":[],"class_list":{"0":"post-3350","1":"product","2":"type-product","3":"status-publish","4":"has-post-thumbnail","6":"public_tinta-femei","7":"tip_produs_general-imbracaminte","8":"product_cat-rochii","9":"product_cat-rochii-de-ocazie","10":"desktop-align-left","11":"tablet-align-left","12":"mobile-align-left","14":"first","15":"instock","16":"taxable","17":"shipping-taxable","18":"purchasable","19":"product-type-variable","20":"add-to-wishlist-before_image","21":"wpzoom-wc-spi-has-enabled"},"acf":[],"yoast_head":"<!-- This site is optimized with the Yoast SEO plugin v26.9 - https:\/\/yoast.com\/product\/yoast-seo-wordpress\/ -->\n<title>Rochie lung\u0103 AVARO de ocazie cu design petrecut \u0219i um\u0103rul gol cu floare maxi - AVARO Fashion<\/title>\n<meta name=\"description\" content=\"Rochie lung\u0103 de ocazie AVARO, cu design petrecut, um\u0103rul gol \u0219i floare maxi decorativ\u0103. Elegant\u0103, rafinat\u0103, perfect\u0103 pentru evenimente speciale.\" \/>\n<meta name=\"robots\" content=\"index, follow, max-snippet:-1, max-image-preview:large, max-video-preview:-1\" \/>\n<link rel=\"canonical\" href=\"https:\/\/avaro-fashion.com\/en\/product\/rochie-lunga-avaro-de-ocazie-cu-design-petrecut-si-umarul-gol-cu-floare-maxi-negru\/\" \/>\n<meta property=\"og:locale\" content=\"en_US\" \/>\n<meta property=\"og:type\" content=\"article\" \/>\n<meta property=\"og:title\" content=\"Rochie lung\u0103 AVARO de ocazie cu design petrecut \u0219i um\u0103rul gol cu floare maxi - AVARO Fashion\" \/>\n<meta property=\"og:description\" content=\"Rochie lung\u0103 de ocazie AVARO, cu design petrecut, um\u0103rul gol \u0219i floare maxi decorativ\u0103. Elegant\u0103, rafinat\u0103, perfect\u0103 pentru evenimente speciale.\" \/>\n<meta property=\"og:url\" content=\"https:\/\/avaro-fashion.com\/en\/product\/rochie-lunga-avaro-de-ocazie-cu-design-petrecut-si-umarul-gol-cu-floare-maxi-negru\/\" \/>\n<meta property=\"og:site_name\" content=\"AVARO Fashion\" \/>\n<meta property=\"article:publisher\" content=\"https:\/\/m.facebook.com\/profile.php?id=61576779797329\" \/>\n<meta property=\"article:modified_time\" content=\"2025-07-21T06:28:59+00:00\" \/>\n<meta property=\"og:image\" content=\"https:\/\/avaro-fashion.com\/wp-content\/uploads\/2025\/06\/R6355_NEGRU-1.jpg\" \/>\n\t<meta property=\"og:image:width\" content=\"1365\" \/>\n\t<meta property=\"og:image:height\" content=\"2048\" \/>\n\t<meta property=\"og:image:type\" content=\"image\/jpeg\" \/>\n<meta name=\"twitter:card\" content=\"summary_large_image\" \/>\n<meta name=\"twitter:label1\" content=\"Est. reading time\" \/>\n\t<meta name=\"twitter:data1\" content=\"1 minute\" \/>\n<script type=\"application\/ld+json\" class=\"yoast-schema-graph\">{\"@context\":\"https:\/\/schema.org\",\"@graph\":[{\"@type\":\"WebPage\",\"@id\":\"https:\/\/avaro-fashion.com\/produs\/rochie-lunga-avaro-de-ocazie-cu-design-petrecut-si-umarul-gol-cu-floare-maxi-negru\/\",\"url\":\"https:\/\/avaro-fashion.com\/produs\/rochie-lunga-avaro-de-ocazie-cu-design-petrecut-si-umarul-gol-cu-floare-maxi-negru\/\",\"name\":\"Rochie lung\u0103 AVARO de ocazie cu design petrecut \u0219i um\u0103rul gol cu floare maxi - AVARO Fashion\",\"isPartOf\":{\"@id\":\"https:\/\/avaro-fashion.com\/#website\"},\"primaryImageOfPage\":{\"@id\":\"https:\/\/avaro-fashion.com\/produs\/rochie-lunga-avaro-de-ocazie-cu-design-petrecut-si-umarul-gol-cu-floare-maxi-negru\/#primaryimage\"},\"image\":{\"@id\":\"https:\/\/avaro-fashion.com\/produs\/rochie-lunga-avaro-de-ocazie-cu-design-petrecut-si-umarul-gol-cu-floare-maxi-negru\/#primaryimage\"},\"thumbnailUrl\":\"https:\/\/avaro-fashion.com\/wp-content\/uploads\/2025\/06\/R6355_NEGRU-1.jpg\",\"datePublished\":\"2025-07-18T04:02:24+00:00\",\"dateModified\":\"2025-07-21T06:28:59+00:00\",\"description\":\"Rochie lung\u0103 de ocazie AVARO, cu design petrecut, um\u0103rul gol \u0219i floare maxi decorativ\u0103. Elegant\u0103, rafinat\u0103, perfect\u0103 pentru evenimente speciale.\",\"breadcrumb\":{\"@id\":\"https:\/\/avaro-fashion.com\/produs\/rochie-lunga-avaro-de-ocazie-cu-design-petrecut-si-umarul-gol-cu-floare-maxi-negru\/#breadcrumb\"},\"inLanguage\":\"en-US\",\"potentialAction\":[{\"@type\":\"ReadAction\",\"target\":[\"https:\/\/avaro-fashion.com\/produs\/rochie-lunga-avaro-de-ocazie-cu-design-petrecut-si-umarul-gol-cu-floare-maxi-negru\/\"]}]},{\"@type\":\"ImageObject\",\"inLanguage\":\"en-US\",\"@id\":\"https:\/\/avaro-fashion.com\/produs\/rochie-lunga-avaro-de-ocazie-cu-design-petrecut-si-umarul-gol-cu-floare-maxi-negru\/#primaryimage\",\"url\":\"https:\/\/avaro-fashion.com\/wp-content\/uploads\/2025\/06\/R6355_NEGRU-1.jpg\",\"contentUrl\":\"https:\/\/avaro-fashion.com\/wp-content\/uploads\/2025\/06\/R6355_NEGRU-1.jpg\",\"width\":1365,\"height\":2048},{\"@type\":\"BreadcrumbList\",\"@id\":\"https:\/\/avaro-fashion.com\/produs\/rochie-lunga-avaro-de-ocazie-cu-design-petrecut-si-umarul-gol-cu-floare-maxi-negru\/#breadcrumb\",\"itemListElement\":[{\"@type\":\"ListItem\",\"position\":1,\"name\":\"Prima pagin\u0103\",\"item\":\"https:\/\/avaro-fashion.com\/\"},{\"@type\":\"ListItem\",\"position\":2,\"name\":\"Magazin\",\"item\":\"https:\/\/avaro-fashion.com\/magazin\/\"},{\"@type\":\"ListItem\",\"position\":3,\"name\":\"Rochie lung\u0103 AVARO de ocazie cu design petrecut \u0219i um\u0103rul gol cu floare maxi\"}]},{\"@type\":\"WebSite\",\"@id\":\"https:\/\/avaro-fashion.com\/#website\",\"url\":\"https:\/\/avaro-fashion.com\/\",\"name\":\"AVARO Fashion\",\"description\":\"\",\"publisher\":{\"@id\":\"https:\/\/avaro-fashion.com\/#organization\"},\"potentialAction\":[{\"@type\":\"SearchAction\",\"target\":{\"@type\":\"EntryPoint\",\"urlTemplate\":\"https:\/\/avaro-fashion.com\/?s={search_term_string}\"},\"query-input\":{\"@type\":\"PropertyValueSpecification\",\"valueRequired\":true,\"valueName\":\"search_term_string\"}}],\"inLanguage\":\"en-US\"},{\"@type\":\"Organization\",\"@id\":\"https:\/\/avaro-fashion.com\/#organization\",\"name\":\"AVARO Fashion\",\"url\":\"https:\/\/avaro-fashion.com\/\",\"logo\":{\"@type\":\"ImageObject\",\"inLanguage\":\"en-US\",\"@id\":\"https:\/\/avaro-fashion.com\/#\/schema\/logo\/image\/\",\"url\":\"https:\/\/avaro-fashion.com\/wp-content\/uploads\/2025\/06\/Avaro_Fashion-nobg.png\",\"contentUrl\":\"https:\/\/avaro-fashion.com\/wp-content\/uploads\/2025\/06\/Avaro_Fashion-nobg.png\",\"width\":900,\"height\":277,\"caption\":\"AVARO Fashion\"},\"image\":{\"@id\":\"https:\/\/avaro-fashion.com\/#\/schema\/logo\/image\/\"},\"sameAs\":[\"https:\/\/m.facebook.com\/profile.php?id=61576779797329\"]}]}<\/script>\n<!-- \/ Yoast SEO plugin. -->","yoast_head_json":{"title":"Rochie lung\u0103 AVARO de ocazie cu design petrecut \u0219i um\u0103rul gol cu floare maxi - AVARO Fashion","description":"Rochie lung\u0103 de ocazie AVARO, cu design petrecut, um\u0103rul gol \u0219i floare maxi decorativ\u0103. Elegant\u0103, rafinat\u0103, perfect\u0103 pentru evenimente speciale.","robots":{"index":"index","follow":"follow","max-snippet":"max-snippet:-1","max-image-preview":"max-image-preview:large","max-video-preview":"max-video-preview:-1"},"canonical":"https:\/\/avaro-fashion.com\/en\/product\/rochie-lunga-avaro-de-ocazie-cu-design-petrecut-si-umarul-gol-cu-floare-maxi-negru\/","og_locale":"en_US","og_type":"article","og_title":"Rochie lung\u0103 AVARO de ocazie cu design petrecut \u0219i um\u0103rul gol cu floare maxi - AVARO Fashion","og_description":"Rochie lung\u0103 de ocazie AVARO, cu design petrecut, um\u0103rul gol \u0219i floare maxi decorativ\u0103. Elegant\u0103, rafinat\u0103, perfect\u0103 pentru evenimente speciale.","og_url":"https:\/\/avaro-fashion.com\/en\/product\/rochie-lunga-avaro-de-ocazie-cu-design-petrecut-si-umarul-gol-cu-floare-maxi-negru\/","og_site_name":"AVARO Fashion","article_publisher":"https:\/\/m.facebook.com\/profile.php?id=61576779797329","article_modified_time":"2025-07-21T06:28:59+00:00","og_image":[{"width":1365,"height":2048,"url":"https:\/\/avaro-fashion.com\/wp-content\/uploads\/2025\/06\/R6355_NEGRU-1.jpg","type":"image\/jpeg"}],"twitter_card":"summary_large_image","twitter_misc":{"Est. reading time":"1 minute"},"schema":{"@context":"https:\/\/schema.org","@graph":[{"@type":"WebPage","@id":"https:\/\/avaro-fashion.com\/produs\/rochie-lunga-avaro-de-ocazie-cu-design-petrecut-si-umarul-gol-cu-floare-maxi-negru\/","url":"https:\/\/avaro-fashion.com\/produs\/rochie-lunga-avaro-de-ocazie-cu-design-petrecut-si-umarul-gol-cu-floare-maxi-negru\/","name":"Rochie lung\u0103 AVARO de ocazie cu design petrecut \u0219i um\u0103rul gol cu floare maxi - AVARO Fashion","isPartOf":{"@id":"https:\/\/avaro-fashion.com\/#website"},"primaryImageOfPage":{"@id":"https:\/\/avaro-fashion.com\/produs\/rochie-lunga-avaro-de-ocazie-cu-design-petrecut-si-umarul-gol-cu-floare-maxi-negru\/#primaryimage"},"image":{"@id":"https:\/\/avaro-fashion.com\/produs\/rochie-lunga-avaro-de-ocazie-cu-design-petrecut-si-umarul-gol-cu-floare-maxi-negru\/#primaryimage"},"thumbnailUrl":"https:\/\/avaro-fashion.com\/wp-content\/uploads\/2025\/06\/R6355_NEGRU-1.jpg","datePublished":"2025-07-18T04:02:24+00:00","dateModified":"2025-07-21T06:28:59+00:00","description":"Rochie lung\u0103 de ocazie AVARO, cu design petrecut, um\u0103rul gol \u0219i floare maxi decorativ\u0103. Elegant\u0103, rafinat\u0103, perfect\u0103 pentru evenimente speciale.","breadcrumb":{"@id":"https:\/\/avaro-fashion.com\/produs\/rochie-lunga-avaro-de-ocazie-cu-design-petrecut-si-umarul-gol-cu-floare-maxi-negru\/#breadcrumb"},"inLanguage":"en-US","potentialAction":[{"@type":"ReadAction","target":["https:\/\/avaro-fashion.com\/produs\/rochie-lunga-avaro-de-ocazie-cu-design-petrecut-si-umarul-gol-cu-floare-maxi-negru\/"]}]},{"@type":"ImageObject","inLanguage":"en-US","@id":"https:\/\/avaro-fashion.com\/produs\/rochie-lunga-avaro-de-ocazie-cu-design-petrecut-si-umarul-gol-cu-floare-maxi-negru\/#primaryimage","url":"https:\/\/avaro-fashion.com\/wp-content\/uploads\/2025\/06\/R6355_NEGRU-1.jpg","contentUrl":"https:\/\/avaro-fashion.com\/wp-content\/uploads\/2025\/06\/R6355_NEGRU-1.jpg","width":1365,"height":2048},{"@type":"BreadcrumbList","@id":"https:\/\/avaro-fashion.com\/produs\/rochie-lunga-avaro-de-ocazie-cu-design-petrecut-si-umarul-gol-cu-floare-maxi-negru\/#breadcrumb","itemListElement":[{"@type":"ListItem","position":1,"name":"Prima pagin\u0103","item":"https:\/\/avaro-fashion.com\/"},{"@type":"ListItem","position":2,"name":"Magazin","item":"https:\/\/avaro-fashion.com\/magazin\/"},{"@type":"ListItem","position":3,"name":"Rochie lung\u0103 AVARO de ocazie cu design petrecut \u0219i um\u0103rul gol cu floare maxi"}]},{"@type":"WebSite","@id":"https:\/\/avaro-fashion.com\/#website","url":"https:\/\/avaro-fashion.com\/","name":"AVARO Fashion","description":"","publisher":{"@id":"https:\/\/avaro-fashion.com\/#organization"},"potentialAction":[{"@type":"SearchAction","target":{"@type":"EntryPoint","urlTemplate":"https:\/\/avaro-fashion.com\/?s={search_term_string}"},"query-input":{"@type":"PropertyValueSpecification","valueRequired":true,"valueName":"search_term_string"}}],"inLanguage":"en-US"},{"@type":"Organization","@id":"https:\/\/avaro-fashion.com\/#organization","name":"AVARO Fashion","url":"https:\/\/avaro-fashion.com\/","logo":{"@type":"ImageObject","inLanguage":"en-US","@id":"https:\/\/avaro-fashion.com\/#\/schema\/logo\/image\/","url":"https:\/\/avaro-fashion.com\/wp-content\/uploads\/2025\/06\/Avaro_Fashion-nobg.png","contentUrl":"https:\/\/avaro-fashion.com\/wp-content\/uploads\/2025\/06\/Avaro_Fashion-nobg.png","width":900,"height":277,"caption":"AVARO Fashion"},"image":{"@id":"https:\/\/avaro-fashion.com\/#\/schema\/logo\/image\/"},"sameAs":["https:\/\/m.facebook.com\/profile.php?id=61576779797329"]}]}},"_links":{"self":[{"href":"https:\/\/avaro-fashion.com\/en\/wp-json\/wp\/v2\/product\/3350","targetHints":{"allow":["GET"]}}],"collection":[{"href":"https:\/\/avaro-fashion.com\/en\/wp-json\/wp\/v2\/product"}],"about":[{"href":"https:\/\/avaro-fashion.com\/en\/wp-json\/wp\/v2\/types\/product"}],"replies":[{"embeddable":true,"href":"https:\/\/avaro-fashion.com\/en\/wp-json\/wp\/v2\/comments?post=3350"}],"wp:featuredmedia":[{"embeddable":true,"href":"https:\/\/avaro-fashion.com\/en\/wp-json\/wp\/v2\/media\/2171"}],"wp:attachment":[{"href":"https:\/\/avaro-fashion.com\/en\/wp-json\/wp\/v2\/media?parent=3350"}],"wp:term":[{"taxonomy":"product_brand","embeddable":true,"href":"https:\/\/avaro-fashion.com\/en\/wp-json\/wp\/v2\/product_brand?post=3350"},{"taxonomy":"product_cat","embeddable":true,"href":"https:\/\/avaro-fashion.com\/en\/wp-json\/wp\/v2\/product_cat?post=3350"},{"taxonomy":"product_tag","embeddable":true,"href":"https:\/\/avaro-fashion.com\/en\/wp-json\/wp\/v2\/product_tag?post=3350"}],"curies":[{"name":"wp","href":"https:\/\/api.w.org\/{rel}","templated":true}]}}