{"id":3455,"date":"2025-07-18T08:09:11","date_gmt":"2025-07-18T05:09:11","guid":{"rendered":"https:\/\/avaro-fashion.com\/?post_type=product&#038;p=3455"},"modified":"2026-01-26T12:51:08","modified_gmt":"2026-01-26T09:51:08","slug":"fusta-office-avaro-conica-cu-detaliu-cu-pliuri-la-spate-mint","status":"publish","type":"product","link":"https:\/\/avaro-fashion.com\/en\/product\/fusta-office-avaro-conica-cu-detaliu-cu-pliuri-la-spate-mint\/","title":{"rendered":"AVARO tapered office skirt with pleated detail at the back"},"content":{"rendered":"<ul>\n<li>Office and day skirt with pleated detail at the back<\/li>\n<li>Tapered cut<\/li>\n<li>Slit in the middle of the back<\/li>\n<li>Hidden zipper closure at the back<\/li>\n<li>Slightly elastic fabric<\/li>\n<li>Product length: 59 cm from waist to hem<\/li>\n<li>Lined with satin lining, slightly elastic<\/li>\n<li>Composition: 65% cotton, 32% polyester, 3% spandex<\/li>\n<li>Lining composition: 98% polyester, 2% elastane<\/li>\n<\/ul>","protected":false},"excerpt":{"rendered":"<p>Fust\u0103 office \u0219i de zi cu detaliu cu pliuri la spate Croial\u0103 conic\u0103 \u0218li\u021b pe mijlocul spatelui \u00cenchidere cu fermoar ascuns la spate \u021aes\u0103tur\u0103 u\u0219or elastic\u0103 Lungime produs: 59 cm din talie p\u00e2n\u0103 la tiv C\u0103ptu\u0219it\u0103 cu dublur\u0103 satinat\u0103, u\u0219or elastic\u0103 Compozi\u021bie: 65% bumbac, 32% poliester, 3% spandex Compozi\u021bie dublur\u0103: 98% poliester, 2% elastan<\/p>","protected":false},"featured_media":2020,"comment_status":"open","ping_status":"closed","template":"","meta":{"_acf_changed":false,"site-sidebar-layout":"default","site-content-layout":"","ast-site-content-layout":"default","site-content-style":"default","site-sidebar-style":"default","ast-global-header-display":"","ast-banner-title-visibility":"","ast-main-header-display":"","ast-hfb-above-header-display":"","ast-hfb-below-header-display":"","ast-hfb-mobile-header-display":"","site-post-title":"","ast-breadcrumbs-content":"","ast-featured-img":"","footer-sml-layout":"","ast-disable-related-posts":"","theme-transparent-header-meta":"default","adv-header-id-meta":"","stick-header-meta":"","header-above-stick-meta":"","header-main-stick-meta":"","header-below-stick-meta":"","astra-migrate-meta-layouts":"set","ast-page-background-enabled":"default","ast-page-background-meta":{"desktop":{"background-color":"","background-image":"","background-repeat":"repeat","background-position":"center center","background-size":"auto","background-attachment":"scroll","background-type":"","background-media":"","overlay-type":"","overlay-color":"","overlay-opacity":"","overlay-gradient":""},"tablet":{"background-color":"","background-image":"","background-repeat":"repeat","background-position":"center center","background-size":"auto","background-attachment":"scroll","background-type":"","background-media":"","overlay-type":"","overlay-color":"","overlay-opacity":"","overlay-gradient":""},"mobile":{"background-color":"","background-image":"","background-repeat":"repeat","background-position":"center center","background-size":"auto","background-attachment":"scroll","background-type":"","background-media":"","overlay-type":"","overlay-color":"","overlay-opacity":"","overlay-gradient":""}},"ast-content-background-meta":{"desktop":{"background-color":"var(--ast-global-color-5)","background-image":"","background-repeat":"repeat","background-position":"center center","background-size":"auto","background-attachment":"scroll","background-type":"","background-media":"","overlay-type":"","overlay-color":"","overlay-opacity":"","overlay-gradient":""},"tablet":{"background-color":"var(--ast-global-color-5)","background-image":"","background-repeat":"repeat","background-position":"center center","background-size":"auto","background-attachment":"scroll","background-type":"","background-media":"","overlay-type":"","overlay-color":"","overlay-opacity":"","overlay-gradient":""},"mobile":{"background-color":"var(--ast-global-color-5)","background-image":"","background-repeat":"repeat","background-position":"center center","background-size":"auto","background-attachment":"scroll","background-type":"","background-media":"","overlay-type":"","overlay-color":"","overlay-opacity":"","overlay-gradient":""}}},"product_brand":[],"product_cat":[43],"product_tag":[],"class_list":{"0":"post-3455","1":"product","2":"type-product","3":"status-publish","4":"has-post-thumbnail","6":"public_tinta-femei","7":"tip_produs_general-imbracaminte","8":"product_cat-fuste","9":"desktop-align-left","10":"tablet-align-left","11":"mobile-align-left","13":"first","14":"instock","15":"sale","16":"taxable","17":"shipping-taxable","18":"purchasable","19":"product-type-variable","20":"add-to-wishlist-before_image","21":"wpzoom-wc-spi-has-enabled"},"acf":[],"yoast_head":"<!-- This site is optimized with the Yoast SEO plugin v26.9 - https:\/\/yoast.com\/product\/yoast-seo-wordpress\/ -->\n<title>Fust\u0103 office AVARO conic\u0103 cu detaliu cu pliuri la spate - AVARO Fashion<\/title>\n<meta name=\"description\" content=\"Fust\u0103 office conic\u0103 AVARO, cu pliuri la spate \u0219i \u0219li\u021b central. \u021aes\u0103tur\u0103 elastic\u0103, c\u0103ptu\u0219it\u0103, ideal\u0103 pentru birou sau \u021binute smart casual.\" \/>\n<meta name=\"robots\" content=\"index, follow, max-snippet:-1, max-image-preview:large, max-video-preview:-1\" \/>\n<link rel=\"canonical\" href=\"https:\/\/avaro-fashion.com\/en\/product\/fusta-office-avaro-conica-cu-detaliu-cu-pliuri-la-spate-mint\/\" \/>\n<meta property=\"og:locale\" content=\"en_US\" \/>\n<meta property=\"og:type\" content=\"article\" \/>\n<meta property=\"og:title\" content=\"Fust\u0103 office AVARO conic\u0103 cu detaliu cu pliuri la spate - AVARO Fashion\" \/>\n<meta property=\"og:description\" content=\"Fust\u0103 office conic\u0103 AVARO, cu pliuri la spate \u0219i \u0219li\u021b central. \u021aes\u0103tur\u0103 elastic\u0103, c\u0103ptu\u0219it\u0103, ideal\u0103 pentru birou sau \u021binute smart casual.\" \/>\n<meta property=\"og:url\" content=\"https:\/\/avaro-fashion.com\/en\/product\/fusta-office-avaro-conica-cu-detaliu-cu-pliuri-la-spate-mint\/\" \/>\n<meta property=\"og:site_name\" content=\"AVARO Fashion\" \/>\n<meta property=\"article:publisher\" content=\"https:\/\/m.facebook.com\/profile.php?id=61576779797329\" \/>\n<meta property=\"article:modified_time\" content=\"2026-01-26T09:51:08+00:00\" \/>\n<meta property=\"og:image\" content=\"https:\/\/avaro-fashion.com\/wp-content\/uploads\/2025\/06\/C6839-TURCOAZ-F6692-MINT-1-1.jpg\" \/>\n\t<meta property=\"og:image:width\" content=\"1365\" \/>\n\t<meta property=\"og:image:height\" content=\"2048\" \/>\n\t<meta property=\"og:image:type\" content=\"image\/jpeg\" \/>\n<meta name=\"twitter:card\" content=\"summary_large_image\" \/>\n<meta name=\"twitter:label1\" content=\"Est. reading time\" \/>\n\t<meta name=\"twitter:data1\" content=\"1 minute\" \/>\n<script type=\"application\/ld+json\" class=\"yoast-schema-graph\">{\"@context\":\"https:\/\/schema.org\",\"@graph\":[{\"@type\":\"WebPage\",\"@id\":\"https:\/\/avaro-fashion.com\/produs\/fusta-office-avaro-conica-cu-detaliu-cu-pliuri-la-spate-mint\/\",\"url\":\"https:\/\/avaro-fashion.com\/produs\/fusta-office-avaro-conica-cu-detaliu-cu-pliuri-la-spate-mint\/\",\"name\":\"Fust\u0103 office AVARO conic\u0103 cu detaliu cu pliuri la spate - AVARO Fashion\",\"isPartOf\":{\"@id\":\"https:\/\/avaro-fashion.com\/#website\"},\"primaryImageOfPage\":{\"@id\":\"https:\/\/avaro-fashion.com\/produs\/fusta-office-avaro-conica-cu-detaliu-cu-pliuri-la-spate-mint\/#primaryimage\"},\"image\":{\"@id\":\"https:\/\/avaro-fashion.com\/produs\/fusta-office-avaro-conica-cu-detaliu-cu-pliuri-la-spate-mint\/#primaryimage\"},\"thumbnailUrl\":\"https:\/\/avaro-fashion.com\/wp-content\/uploads\/2025\/06\/C6839-TURCOAZ-F6692-MINT-1-1.jpg\",\"datePublished\":\"2025-07-18T05:09:11+00:00\",\"dateModified\":\"2026-01-26T09:51:08+00:00\",\"description\":\"Fust\u0103 office conic\u0103 AVARO, cu pliuri la spate \u0219i \u0219li\u021b central. \u021aes\u0103tur\u0103 elastic\u0103, c\u0103ptu\u0219it\u0103, ideal\u0103 pentru birou sau \u021binute smart casual.\",\"breadcrumb\":{\"@id\":\"https:\/\/avaro-fashion.com\/produs\/fusta-office-avaro-conica-cu-detaliu-cu-pliuri-la-spate-mint\/#breadcrumb\"},\"inLanguage\":\"en-US\",\"potentialAction\":[{\"@type\":\"ReadAction\",\"target\":[\"https:\/\/avaro-fashion.com\/produs\/fusta-office-avaro-conica-cu-detaliu-cu-pliuri-la-spate-mint\/\"]}]},{\"@type\":\"ImageObject\",\"inLanguage\":\"en-US\",\"@id\":\"https:\/\/avaro-fashion.com\/produs\/fusta-office-avaro-conica-cu-detaliu-cu-pliuri-la-spate-mint\/#primaryimage\",\"url\":\"https:\/\/avaro-fashion.com\/wp-content\/uploads\/2025\/06\/C6839-TURCOAZ-F6692-MINT-1-1.jpg\",\"contentUrl\":\"https:\/\/avaro-fashion.com\/wp-content\/uploads\/2025\/06\/C6839-TURCOAZ-F6692-MINT-1-1.jpg\",\"width\":1365,\"height\":2048},{\"@type\":\"BreadcrumbList\",\"@id\":\"https:\/\/avaro-fashion.com\/produs\/fusta-office-avaro-conica-cu-detaliu-cu-pliuri-la-spate-mint\/#breadcrumb\",\"itemListElement\":[{\"@type\":\"ListItem\",\"position\":1,\"name\":\"Prima pagin\u0103\",\"item\":\"https:\/\/avaro-fashion.com\/\"},{\"@type\":\"ListItem\",\"position\":2,\"name\":\"Magazin\",\"item\":\"https:\/\/avaro-fashion.com\/magazin\/\"},{\"@type\":\"ListItem\",\"position\":3,\"name\":\"Fust\u0103 office AVARO conic\u0103 cu detaliu cu pliuri la spate\"}]},{\"@type\":\"WebSite\",\"@id\":\"https:\/\/avaro-fashion.com\/#website\",\"url\":\"https:\/\/avaro-fashion.com\/\",\"name\":\"AVARO Fashion\",\"description\":\"\",\"publisher\":{\"@id\":\"https:\/\/avaro-fashion.com\/#organization\"},\"potentialAction\":[{\"@type\":\"SearchAction\",\"target\":{\"@type\":\"EntryPoint\",\"urlTemplate\":\"https:\/\/avaro-fashion.com\/?s={search_term_string}\"},\"query-input\":{\"@type\":\"PropertyValueSpecification\",\"valueRequired\":true,\"valueName\":\"search_term_string\"}}],\"inLanguage\":\"en-US\"},{\"@type\":\"Organization\",\"@id\":\"https:\/\/avaro-fashion.com\/#organization\",\"name\":\"AVARO Fashion\",\"url\":\"https:\/\/avaro-fashion.com\/\",\"logo\":{\"@type\":\"ImageObject\",\"inLanguage\":\"en-US\",\"@id\":\"https:\/\/avaro-fashion.com\/#\/schema\/logo\/image\/\",\"url\":\"https:\/\/avaro-fashion.com\/wp-content\/uploads\/2025\/06\/Avaro_Fashion-nobg.png\",\"contentUrl\":\"https:\/\/avaro-fashion.com\/wp-content\/uploads\/2025\/06\/Avaro_Fashion-nobg.png\",\"width\":900,\"height\":277,\"caption\":\"AVARO Fashion\"},\"image\":{\"@id\":\"https:\/\/avaro-fashion.com\/#\/schema\/logo\/image\/\"},\"sameAs\":[\"https:\/\/m.facebook.com\/profile.php?id=61576779797329\"]}]}<\/script>\n<!-- \/ Yoast SEO plugin. -->","yoast_head_json":{"title":"Fust\u0103 office AVARO conic\u0103 cu detaliu cu pliuri la spate - AVARO Fashion","description":"Fust\u0103 office conic\u0103 AVARO, cu pliuri la spate \u0219i \u0219li\u021b central. \u021aes\u0103tur\u0103 elastic\u0103, c\u0103ptu\u0219it\u0103, ideal\u0103 pentru birou sau \u021binute smart casual.","robots":{"index":"index","follow":"follow","max-snippet":"max-snippet:-1","max-image-preview":"max-image-preview:large","max-video-preview":"max-video-preview:-1"},"canonical":"https:\/\/avaro-fashion.com\/en\/product\/fusta-office-avaro-conica-cu-detaliu-cu-pliuri-la-spate-mint\/","og_locale":"en_US","og_type":"article","og_title":"Fust\u0103 office AVARO conic\u0103 cu detaliu cu pliuri la spate - AVARO Fashion","og_description":"Fust\u0103 office conic\u0103 AVARO, cu pliuri la spate \u0219i \u0219li\u021b central. \u021aes\u0103tur\u0103 elastic\u0103, c\u0103ptu\u0219it\u0103, ideal\u0103 pentru birou sau \u021binute smart casual.","og_url":"https:\/\/avaro-fashion.com\/en\/product\/fusta-office-avaro-conica-cu-detaliu-cu-pliuri-la-spate-mint\/","og_site_name":"AVARO Fashion","article_publisher":"https:\/\/m.facebook.com\/profile.php?id=61576779797329","article_modified_time":"2026-01-26T09:51:08+00:00","og_image":[{"width":1365,"height":2048,"url":"https:\/\/avaro-fashion.com\/wp-content\/uploads\/2025\/06\/C6839-TURCOAZ-F6692-MINT-1-1.jpg","type":"image\/jpeg"}],"twitter_card":"summary_large_image","twitter_misc":{"Est. reading time":"1 minute"},"schema":{"@context":"https:\/\/schema.org","@graph":[{"@type":"WebPage","@id":"https:\/\/avaro-fashion.com\/produs\/fusta-office-avaro-conica-cu-detaliu-cu-pliuri-la-spate-mint\/","url":"https:\/\/avaro-fashion.com\/produs\/fusta-office-avaro-conica-cu-detaliu-cu-pliuri-la-spate-mint\/","name":"Fust\u0103 office AVARO conic\u0103 cu detaliu cu pliuri la spate - AVARO Fashion","isPartOf":{"@id":"https:\/\/avaro-fashion.com\/#website"},"primaryImageOfPage":{"@id":"https:\/\/avaro-fashion.com\/produs\/fusta-office-avaro-conica-cu-detaliu-cu-pliuri-la-spate-mint\/#primaryimage"},"image":{"@id":"https:\/\/avaro-fashion.com\/produs\/fusta-office-avaro-conica-cu-detaliu-cu-pliuri-la-spate-mint\/#primaryimage"},"thumbnailUrl":"https:\/\/avaro-fashion.com\/wp-content\/uploads\/2025\/06\/C6839-TURCOAZ-F6692-MINT-1-1.jpg","datePublished":"2025-07-18T05:09:11+00:00","dateModified":"2026-01-26T09:51:08+00:00","description":"Fust\u0103 office conic\u0103 AVARO, cu pliuri la spate \u0219i \u0219li\u021b central. \u021aes\u0103tur\u0103 elastic\u0103, c\u0103ptu\u0219it\u0103, ideal\u0103 pentru birou sau \u021binute smart casual.","breadcrumb":{"@id":"https:\/\/avaro-fashion.com\/produs\/fusta-office-avaro-conica-cu-detaliu-cu-pliuri-la-spate-mint\/#breadcrumb"},"inLanguage":"en-US","potentialAction":[{"@type":"ReadAction","target":["https:\/\/avaro-fashion.com\/produs\/fusta-office-avaro-conica-cu-detaliu-cu-pliuri-la-spate-mint\/"]}]},{"@type":"ImageObject","inLanguage":"en-US","@id":"https:\/\/avaro-fashion.com\/produs\/fusta-office-avaro-conica-cu-detaliu-cu-pliuri-la-spate-mint\/#primaryimage","url":"https:\/\/avaro-fashion.com\/wp-content\/uploads\/2025\/06\/C6839-TURCOAZ-F6692-MINT-1-1.jpg","contentUrl":"https:\/\/avaro-fashion.com\/wp-content\/uploads\/2025\/06\/C6839-TURCOAZ-F6692-MINT-1-1.jpg","width":1365,"height":2048},{"@type":"BreadcrumbList","@id":"https:\/\/avaro-fashion.com\/produs\/fusta-office-avaro-conica-cu-detaliu-cu-pliuri-la-spate-mint\/#breadcrumb","itemListElement":[{"@type":"ListItem","position":1,"name":"Prima pagin\u0103","item":"https:\/\/avaro-fashion.com\/"},{"@type":"ListItem","position":2,"name":"Magazin","item":"https:\/\/avaro-fashion.com\/magazin\/"},{"@type":"ListItem","position":3,"name":"Fust\u0103 office AVARO conic\u0103 cu detaliu cu pliuri la spate"}]},{"@type":"WebSite","@id":"https:\/\/avaro-fashion.com\/#website","url":"https:\/\/avaro-fashion.com\/","name":"AVARO Fashion","description":"","publisher":{"@id":"https:\/\/avaro-fashion.com\/#organization"},"potentialAction":[{"@type":"SearchAction","target":{"@type":"EntryPoint","urlTemplate":"https:\/\/avaro-fashion.com\/?s={search_term_string}"},"query-input":{"@type":"PropertyValueSpecification","valueRequired":true,"valueName":"search_term_string"}}],"inLanguage":"en-US"},{"@type":"Organization","@id":"https:\/\/avaro-fashion.com\/#organization","name":"AVARO Fashion","url":"https:\/\/avaro-fashion.com\/","logo":{"@type":"ImageObject","inLanguage":"en-US","@id":"https:\/\/avaro-fashion.com\/#\/schema\/logo\/image\/","url":"https:\/\/avaro-fashion.com\/wp-content\/uploads\/2025\/06\/Avaro_Fashion-nobg.png","contentUrl":"https:\/\/avaro-fashion.com\/wp-content\/uploads\/2025\/06\/Avaro_Fashion-nobg.png","width":900,"height":277,"caption":"AVARO Fashion"},"image":{"@id":"https:\/\/avaro-fashion.com\/#\/schema\/logo\/image\/"},"sameAs":["https:\/\/m.facebook.com\/profile.php?id=61576779797329"]}]}},"_links":{"self":[{"href":"https:\/\/avaro-fashion.com\/en\/wp-json\/wp\/v2\/product\/3455","targetHints":{"allow":["GET"]}}],"collection":[{"href":"https:\/\/avaro-fashion.com\/en\/wp-json\/wp\/v2\/product"}],"about":[{"href":"https:\/\/avaro-fashion.com\/en\/wp-json\/wp\/v2\/types\/product"}],"replies":[{"embeddable":true,"href":"https:\/\/avaro-fashion.com\/en\/wp-json\/wp\/v2\/comments?post=3455"}],"wp:featuredmedia":[{"embeddable":true,"href":"https:\/\/avaro-fashion.com\/en\/wp-json\/wp\/v2\/media\/2020"}],"wp:attachment":[{"href":"https:\/\/avaro-fashion.com\/en\/wp-json\/wp\/v2\/media?parent=3455"}],"wp:term":[{"taxonomy":"product_brand","embeddable":true,"href":"https:\/\/avaro-fashion.com\/en\/wp-json\/wp\/v2\/product_brand?post=3455"},{"taxonomy":"product_cat","embeddable":true,"href":"https:\/\/avaro-fashion.com\/en\/wp-json\/wp\/v2\/product_cat?post=3455"},{"taxonomy":"product_tag","embeddable":true,"href":"https:\/\/avaro-fashion.com\/en\/wp-json\/wp\/v2\/product_tag?post=3455"}],"curies":[{"name":"wp","href":"https:\/\/api.w.org\/{rel}","templated":true}]}}