{"id":3746,"date":"2026-01-22T10:31:10","date_gmt":"2026-01-22T07:31:10","guid":{"rendered":"https:\/\/avaro-fashion.com\/?post_type=product&#038;p=3746"},"modified":"2026-02-26T10:50:38","modified_gmt":"2026-02-26T07:50:38","slug":"rochie-casual-cu-talie-cambrata-valencia-copie","status":"publish","type":"product","link":"https:\/\/avaro-fashion.com\/en\/product\/rochie-casual-cu-talie-cambrata-valencia-copie\/","title":{"rendered":"Rochie casual cu talie cambrat\u0103 \u2013 Valencia"},"content":{"rendered":"<p>Rochia Valencia este o rochie casual, cu croial\u0103 dreapt\u0103 \u0219i talie cambrat\u0103, conceput\u0103 pentru o purtare confortabil\u0103. Modelul are lungime midi, m\u00e2neci lungi \u0219i \u00eenchidere cu fermoar ascuns. Designul include un guler contrastant, integrat \u00een structura produsului. Rochia este destinat\u0103 purt\u0103rii zilnice \u0219i poate fi utilizat\u0103 \u00een contexte casual sau office.<\/p>\n<p data-start=\"273\" data-end=\"328\"><strong data-start=\"273\" data-end=\"288\">Compozi\u021bie:<\/strong> 64% poliester, 34% viscoz\u0103, 2% elastan.<\/p>","protected":false},"excerpt":{"rendered":"<p>Rochia Valencia este o rochie casual, cu croial\u0103 dreapt\u0103 \u0219i talie cambrat\u0103, conceput\u0103 pentru o purtare confortabil\u0103. Modelul are lungime midi, m\u00e2neci lungi \u0219i \u00eenchidere cu fermoar ascuns. Designul include un guler contrastant, integrat \u00een structura produsului. Rochia este destinat\u0103 purt\u0103rii zilnice \u0219i poate fi utilizat\u0103 \u00een contexte casual sau office. Compozi\u021bie: 64% poliester, 34% [&hellip;]<\/p>\n","protected":false},"featured_media":4004,"comment_status":"open","ping_status":"closed","template":"","meta":{"_acf_changed":false,"site-sidebar-layout":"default","site-content-layout":"","ast-site-content-layout":"default","site-content-style":"default","site-sidebar-style":"default","ast-global-header-display":"","ast-banner-title-visibility":"","ast-main-header-display":"","ast-hfb-above-header-display":"","ast-hfb-below-header-display":"","ast-hfb-mobile-header-display":"","site-post-title":"","ast-breadcrumbs-content":"","ast-featured-img":"","footer-sml-layout":"","ast-disable-related-posts":"","theme-transparent-header-meta":"default","adv-header-id-meta":"","stick-header-meta":"","header-above-stick-meta":"","header-main-stick-meta":"","header-below-stick-meta":"","astra-migrate-meta-layouts":"set","ast-page-background-enabled":"default","ast-page-background-meta":{"desktop":{"background-color":"","background-image":"","background-repeat":"repeat","background-position":"center center","background-size":"auto","background-attachment":"scroll","background-type":"","background-media":"","overlay-type":"","overlay-color":"","overlay-opacity":"","overlay-gradient":""},"tablet":{"background-color":"","background-image":"","background-repeat":"repeat","background-position":"center center","background-size":"auto","background-attachment":"scroll","background-type":"","background-media":"","overlay-type":"","overlay-color":"","overlay-opacity":"","overlay-gradient":""},"mobile":{"background-color":"","background-image":"","background-repeat":"repeat","background-position":"center center","background-size":"auto","background-attachment":"scroll","background-type":"","background-media":"","overlay-type":"","overlay-color":"","overlay-opacity":"","overlay-gradient":""}},"ast-content-background-meta":{"desktop":{"background-color":"var(--ast-global-color-5)","background-image":"","background-repeat":"repeat","background-position":"center center","background-size":"auto","background-attachment":"scroll","background-type":"","background-media":"","overlay-type":"","overlay-color":"","overlay-opacity":"","overlay-gradient":""},"tablet":{"background-color":"var(--ast-global-color-5)","background-image":"","background-repeat":"repeat","background-position":"center center","background-size":"auto","background-attachment":"scroll","background-type":"","background-media":"","overlay-type":"","overlay-color":"","overlay-opacity":"","overlay-gradient":""},"mobile":{"background-color":"var(--ast-global-color-5)","background-image":"","background-repeat":"repeat","background-position":"center center","background-size":"auto","background-attachment":"scroll","background-type":"","background-media":"","overlay-type":"","overlay-color":"","overlay-opacity":"","overlay-gradient":""}}},"product_brand":[],"product_cat":[46],"product_tag":[],"class_list":{"0":"post-3746","1":"product","2":"type-product","3":"status-publish","4":"has-post-thumbnail","6":"product_cat-rochii","7":"desktop-align-left","8":"tablet-align-left","9":"mobile-align-left","11":"first","12":"instock","13":"sale","14":"featured","15":"taxable","16":"shipping-taxable","17":"purchasable","18":"product-type-variable","19":"has-default-attributes","20":"add-to-wishlist-before_image","21":"wpzoom-wc-spi-has-enabled"},"acf":[],"yoast_head":"<!-- This site is optimized with the Yoast SEO plugin v26.9 - https:\/\/yoast.com\/product\/yoast-seo-wordpress\/ -->\n<title>Rochie casual cu talie cambrat\u0103 \u2013 Valencia - AVARO Fashion<\/title>\n<meta name=\"description\" content=\"Rochia Valencia este o rochie casual, cu croial\u0103 dreapt\u0103 \u0219i talie cambrat\u0103, conceput\u0103 pentru o purtare confortabil\u0103 \u0219i o potrivire echilibrat\u0103.\" \/>\n<meta name=\"robots\" content=\"index, follow, max-snippet:-1, max-image-preview:large, max-video-preview:-1\" \/>\n<link rel=\"canonical\" href=\"https:\/\/avaro-fashion.com\/en\/product\/rochie-casual-cu-talie-cambrata-valencia-copie\/\" \/>\n<meta property=\"og:locale\" content=\"en_US\" \/>\n<meta property=\"og:type\" content=\"article\" \/>\n<meta property=\"og:title\" content=\"Rochie casual cu talie cambrat\u0103 \u2013 Valencia - AVARO Fashion\" \/>\n<meta property=\"og:description\" content=\"Rochia Valencia este o rochie casual, cu croial\u0103 dreapt\u0103 \u0219i talie cambrat\u0103, conceput\u0103 pentru o purtare confortabil\u0103 \u0219i o potrivire echilibrat\u0103.\" \/>\n<meta property=\"og:url\" content=\"https:\/\/avaro-fashion.com\/en\/product\/rochie-casual-cu-talie-cambrata-valencia-copie\/\" \/>\n<meta property=\"og:site_name\" content=\"AVARO Fashion\" \/>\n<meta property=\"article:publisher\" content=\"https:\/\/m.facebook.com\/profile.php?id=61576779797329\" \/>\n<meta property=\"article:modified_time\" content=\"2026-02-26T07:50:38+00:00\" \/>\n<meta property=\"og:image\" content=\"https:\/\/avaro-fashion.com\/wp-content\/uploads\/2026\/01\/IMG_0532.png\" \/>\n\t<meta property=\"og:image:width\" content=\"1024\" \/>\n\t<meta property=\"og:image:height\" content=\"1536\" \/>\n\t<meta property=\"og:image:type\" content=\"image\/png\" \/>\n<meta name=\"twitter:card\" content=\"summary_large_image\" \/>\n<meta name=\"twitter:label1\" content=\"Est. reading time\" \/>\n\t<meta name=\"twitter:data1\" content=\"1 minute\" \/>\n<script type=\"application\/ld+json\" class=\"yoast-schema-graph\">{\"@context\":\"https:\/\/schema.org\",\"@graph\":[{\"@type\":\"WebPage\",\"@id\":\"https:\/\/avaro-fashion.com\/produs\/rochie-casual-cu-talie-cambrata-valencia-copie\/\",\"url\":\"https:\/\/avaro-fashion.com\/produs\/rochie-casual-cu-talie-cambrata-valencia-copie\/\",\"name\":\"Rochie casual cu talie cambrat\u0103 \u2013 Valencia - AVARO Fashion\",\"isPartOf\":{\"@id\":\"https:\/\/avaro-fashion.com\/#website\"},\"primaryImageOfPage\":{\"@id\":\"https:\/\/avaro-fashion.com\/produs\/rochie-casual-cu-talie-cambrata-valencia-copie\/#primaryimage\"},\"image\":{\"@id\":\"https:\/\/avaro-fashion.com\/produs\/rochie-casual-cu-talie-cambrata-valencia-copie\/#primaryimage\"},\"thumbnailUrl\":\"https:\/\/avaro-fashion.com\/wp-content\/uploads\/2026\/01\/IMG_0532.png\",\"datePublished\":\"2026-01-22T07:31:10+00:00\",\"dateModified\":\"2026-02-26T07:50:38+00:00\",\"description\":\"Rochia Valencia este o rochie casual, cu croial\u0103 dreapt\u0103 \u0219i talie cambrat\u0103, conceput\u0103 pentru o purtare confortabil\u0103 \u0219i o potrivire echilibrat\u0103.\",\"breadcrumb\":{\"@id\":\"https:\/\/avaro-fashion.com\/produs\/rochie-casual-cu-talie-cambrata-valencia-copie\/#breadcrumb\"},\"inLanguage\":\"en-US\",\"potentialAction\":[{\"@type\":\"ReadAction\",\"target\":[\"https:\/\/avaro-fashion.com\/produs\/rochie-casual-cu-talie-cambrata-valencia-copie\/\"]}]},{\"@type\":\"ImageObject\",\"inLanguage\":\"en-US\",\"@id\":\"https:\/\/avaro-fashion.com\/produs\/rochie-casual-cu-talie-cambrata-valencia-copie\/#primaryimage\",\"url\":\"https:\/\/avaro-fashion.com\/wp-content\/uploads\/2026\/01\/IMG_0532.png\",\"contentUrl\":\"https:\/\/avaro-fashion.com\/wp-content\/uploads\/2026\/01\/IMG_0532.png\",\"width\":1024,\"height\":1536},{\"@type\":\"BreadcrumbList\",\"@id\":\"https:\/\/avaro-fashion.com\/produs\/rochie-casual-cu-talie-cambrata-valencia-copie\/#breadcrumb\",\"itemListElement\":[{\"@type\":\"ListItem\",\"position\":1,\"name\":\"Prima pagin\u0103\",\"item\":\"https:\/\/avaro-fashion.com\/\"},{\"@type\":\"ListItem\",\"position\":2,\"name\":\"Magazin\",\"item\":\"https:\/\/avaro-fashion.com\/magazin\/\"},{\"@type\":\"ListItem\",\"position\":3,\"name\":\"Rochie casual cu talie cambrat\u0103 \u2013 Valencia\"}]},{\"@type\":\"WebSite\",\"@id\":\"https:\/\/avaro-fashion.com\/#website\",\"url\":\"https:\/\/avaro-fashion.com\/\",\"name\":\"AVARO Fashion\",\"description\":\"\",\"publisher\":{\"@id\":\"https:\/\/avaro-fashion.com\/#organization\"},\"potentialAction\":[{\"@type\":\"SearchAction\",\"target\":{\"@type\":\"EntryPoint\",\"urlTemplate\":\"https:\/\/avaro-fashion.com\/?s={search_term_string}\"},\"query-input\":{\"@type\":\"PropertyValueSpecification\",\"valueRequired\":true,\"valueName\":\"search_term_string\"}}],\"inLanguage\":\"en-US\"},{\"@type\":\"Organization\",\"@id\":\"https:\/\/avaro-fashion.com\/#organization\",\"name\":\"AVARO Fashion\",\"url\":\"https:\/\/avaro-fashion.com\/\",\"logo\":{\"@type\":\"ImageObject\",\"inLanguage\":\"en-US\",\"@id\":\"https:\/\/avaro-fashion.com\/#\/schema\/logo\/image\/\",\"url\":\"https:\/\/avaro-fashion.com\/wp-content\/uploads\/2025\/06\/Avaro_Fashion-nobg.png\",\"contentUrl\":\"https:\/\/avaro-fashion.com\/wp-content\/uploads\/2025\/06\/Avaro_Fashion-nobg.png\",\"width\":900,\"height\":277,\"caption\":\"AVARO Fashion\"},\"image\":{\"@id\":\"https:\/\/avaro-fashion.com\/#\/schema\/logo\/image\/\"},\"sameAs\":[\"https:\/\/m.facebook.com\/profile.php?id=61576779797329\"]}]}<\/script>\n<!-- \/ Yoast SEO plugin. -->","yoast_head_json":{"title":"Rochie casual cu talie cambrat\u0103 \u2013 Valencia - AVARO Fashion","description":"Rochia Valencia este o rochie casual, cu croial\u0103 dreapt\u0103 \u0219i talie cambrat\u0103, conceput\u0103 pentru o purtare confortabil\u0103 \u0219i o potrivire echilibrat\u0103.","robots":{"index":"index","follow":"follow","max-snippet":"max-snippet:-1","max-image-preview":"max-image-preview:large","max-video-preview":"max-video-preview:-1"},"canonical":"https:\/\/avaro-fashion.com\/en\/product\/rochie-casual-cu-talie-cambrata-valencia-copie\/","og_locale":"en_US","og_type":"article","og_title":"Rochie casual cu talie cambrat\u0103 \u2013 Valencia - AVARO Fashion","og_description":"Rochia Valencia este o rochie casual, cu croial\u0103 dreapt\u0103 \u0219i talie cambrat\u0103, conceput\u0103 pentru o purtare confortabil\u0103 \u0219i o potrivire echilibrat\u0103.","og_url":"https:\/\/avaro-fashion.com\/en\/product\/rochie-casual-cu-talie-cambrata-valencia-copie\/","og_site_name":"AVARO Fashion","article_publisher":"https:\/\/m.facebook.com\/profile.php?id=61576779797329","article_modified_time":"2026-02-26T07:50:38+00:00","og_image":[{"width":1024,"height":1536,"url":"https:\/\/avaro-fashion.com\/wp-content\/uploads\/2026\/01\/IMG_0532.png","type":"image\/png"}],"twitter_card":"summary_large_image","twitter_misc":{"Est. reading time":"1 minute"},"schema":{"@context":"https:\/\/schema.org","@graph":[{"@type":"WebPage","@id":"https:\/\/avaro-fashion.com\/produs\/rochie-casual-cu-talie-cambrata-valencia-copie\/","url":"https:\/\/avaro-fashion.com\/produs\/rochie-casual-cu-talie-cambrata-valencia-copie\/","name":"Rochie casual cu talie cambrat\u0103 \u2013 Valencia - AVARO Fashion","isPartOf":{"@id":"https:\/\/avaro-fashion.com\/#website"},"primaryImageOfPage":{"@id":"https:\/\/avaro-fashion.com\/produs\/rochie-casual-cu-talie-cambrata-valencia-copie\/#primaryimage"},"image":{"@id":"https:\/\/avaro-fashion.com\/produs\/rochie-casual-cu-talie-cambrata-valencia-copie\/#primaryimage"},"thumbnailUrl":"https:\/\/avaro-fashion.com\/wp-content\/uploads\/2026\/01\/IMG_0532.png","datePublished":"2026-01-22T07:31:10+00:00","dateModified":"2026-02-26T07:50:38+00:00","description":"Rochia Valencia este o rochie casual, cu croial\u0103 dreapt\u0103 \u0219i talie cambrat\u0103, conceput\u0103 pentru o purtare confortabil\u0103 \u0219i o potrivire echilibrat\u0103.","breadcrumb":{"@id":"https:\/\/avaro-fashion.com\/produs\/rochie-casual-cu-talie-cambrata-valencia-copie\/#breadcrumb"},"inLanguage":"en-US","potentialAction":[{"@type":"ReadAction","target":["https:\/\/avaro-fashion.com\/produs\/rochie-casual-cu-talie-cambrata-valencia-copie\/"]}]},{"@type":"ImageObject","inLanguage":"en-US","@id":"https:\/\/avaro-fashion.com\/produs\/rochie-casual-cu-talie-cambrata-valencia-copie\/#primaryimage","url":"https:\/\/avaro-fashion.com\/wp-content\/uploads\/2026\/01\/IMG_0532.png","contentUrl":"https:\/\/avaro-fashion.com\/wp-content\/uploads\/2026\/01\/IMG_0532.png","width":1024,"height":1536},{"@type":"BreadcrumbList","@id":"https:\/\/avaro-fashion.com\/produs\/rochie-casual-cu-talie-cambrata-valencia-copie\/#breadcrumb","itemListElement":[{"@type":"ListItem","position":1,"name":"Prima pagin\u0103","item":"https:\/\/avaro-fashion.com\/"},{"@type":"ListItem","position":2,"name":"Magazin","item":"https:\/\/avaro-fashion.com\/magazin\/"},{"@type":"ListItem","position":3,"name":"Rochie casual cu talie cambrat\u0103 \u2013 Valencia"}]},{"@type":"WebSite","@id":"https:\/\/avaro-fashion.com\/#website","url":"https:\/\/avaro-fashion.com\/","name":"AVARO Fashion","description":"","publisher":{"@id":"https:\/\/avaro-fashion.com\/#organization"},"potentialAction":[{"@type":"SearchAction","target":{"@type":"EntryPoint","urlTemplate":"https:\/\/avaro-fashion.com\/?s={search_term_string}"},"query-input":{"@type":"PropertyValueSpecification","valueRequired":true,"valueName":"search_term_string"}}],"inLanguage":"en-US"},{"@type":"Organization","@id":"https:\/\/avaro-fashion.com\/#organization","name":"AVARO Fashion","url":"https:\/\/avaro-fashion.com\/","logo":{"@type":"ImageObject","inLanguage":"en-US","@id":"https:\/\/avaro-fashion.com\/#\/schema\/logo\/image\/","url":"https:\/\/avaro-fashion.com\/wp-content\/uploads\/2025\/06\/Avaro_Fashion-nobg.png","contentUrl":"https:\/\/avaro-fashion.com\/wp-content\/uploads\/2025\/06\/Avaro_Fashion-nobg.png","width":900,"height":277,"caption":"AVARO Fashion"},"image":{"@id":"https:\/\/avaro-fashion.com\/#\/schema\/logo\/image\/"},"sameAs":["https:\/\/m.facebook.com\/profile.php?id=61576779797329"]}]}},"_links":{"self":[{"href":"https:\/\/avaro-fashion.com\/en\/wp-json\/wp\/v2\/product\/3746","targetHints":{"allow":["GET"]}}],"collection":[{"href":"https:\/\/avaro-fashion.com\/en\/wp-json\/wp\/v2\/product"}],"about":[{"href":"https:\/\/avaro-fashion.com\/en\/wp-json\/wp\/v2\/types\/product"}],"replies":[{"embeddable":true,"href":"https:\/\/avaro-fashion.com\/en\/wp-json\/wp\/v2\/comments?post=3746"}],"wp:featuredmedia":[{"embeddable":true,"href":"https:\/\/avaro-fashion.com\/en\/wp-json\/wp\/v2\/media\/4004"}],"wp:attachment":[{"href":"https:\/\/avaro-fashion.com\/en\/wp-json\/wp\/v2\/media?parent=3746"}],"wp:term":[{"taxonomy":"product_brand","embeddable":true,"href":"https:\/\/avaro-fashion.com\/en\/wp-json\/wp\/v2\/product_brand?post=3746"},{"taxonomy":"product_cat","embeddable":true,"href":"https:\/\/avaro-fashion.com\/en\/wp-json\/wp\/v2\/product_cat?post=3746"},{"taxonomy":"product_tag","embeddable":true,"href":"https:\/\/avaro-fashion.com\/en\/wp-json\/wp\/v2\/product_tag?post=3746"}],"curies":[{"name":"wp","href":"https:\/\/api.w.org\/{rel}","templated":true}]}}