{"id":3837,"date":"2026-01-31T15:07:32","date_gmt":"2026-01-31T12:07:32","guid":{"rendered":"https:\/\/avaro-fashion.com\/?post_type=product&#038;p=3837"},"modified":"2026-02-11T12:29:53","modified_gmt":"2026-02-11T09:29:53","slug":"avaro-serenity-rochie-mini-cu-detaliu-tip-funda","status":"publish","type":"product","link":"https:\/\/avaro-fashion.com\/en\/product\/avaro-serenity-rochie-mini-cu-detaliu-tip-funda\/","title":{"rendered":"AVARO &#8222;Serenity&#8221; &#8211; Rochie mini cu detaliu tip funda"},"content":{"rendered":"<p><strong>Model: Rochie scurt\u0103, croi A-line (evazat\u0103).<\/p>\n<p>Decolteu: Tip b\u0103rcu\u021b\u0103, elegant \u0219i clasic.<\/p>\n<p>Detalii speciale: Fund\u0103 decorativ\u0103 pe um\u0103r \u0219i cordon fix \u00een talie cu aplica\u021bii de perle \u0219i strasuri.<\/p>\n<p>M\u00e2neci: Trei sferturi, u\u0219or bufante la umeri.<\/p>\n<p>Sistem de \u00eenchidere: Fermoar ascuns la spate.<\/p>\n<p>Spate: Croial\u0103 simpl\u0103, curat\u0103.<\/strong><strong><\/p>\n<p>Compozi\u021bie: 64% poliester, 34% viscoz\u0103, 2% elastan<\/p>","protected":false},"excerpt":{"rendered":"<p>Model: Rochie scurt\u0103, croi A-line (evazat\u0103). Decolteu: Tip b\u0103rcu\u021b\u0103, elegant \u0219i clasic. Detalii speciale: Fund\u0103 decorativ\u0103 pe um\u0103r \u0219i cordon fix \u00een talie cu aplica\u021bii de perle \u0219i strasuri. M\u00e2neci: Trei sferturi, u\u0219or bufante la umeri. Sistem de \u00eenchidere: Fermoar ascuns la spate. Spate: Croial\u0103 simpl\u0103, curat\u0103. Compozi\u021bie: 64% poliester, 34% viscoz\u0103, 2% elastan<\/p>","protected":false},"featured_media":3982,"comment_status":"open","ping_status":"closed","template":"","meta":{"_acf_changed":false,"site-sidebar-layout":"default","site-content-layout":"","ast-site-content-layout":"default","site-content-style":"default","site-sidebar-style":"default","ast-global-header-display":"","ast-banner-title-visibility":"","ast-main-header-display":"","ast-hfb-above-header-display":"","ast-hfb-below-header-display":"","ast-hfb-mobile-header-display":"","site-post-title":"","ast-breadcrumbs-content":"","ast-featured-img":"","footer-sml-layout":"","ast-disable-related-posts":"","theme-transparent-header-meta":"default","adv-header-id-meta":"","stick-header-meta":"","header-above-stick-meta":"","header-main-stick-meta":"","header-below-stick-meta":"","astra-migrate-meta-layouts":"set","ast-page-background-enabled":"default","ast-page-background-meta":{"desktop":{"background-color":"","background-image":"","background-repeat":"repeat","background-position":"center center","background-size":"auto","background-attachment":"scroll","background-type":"","background-media":"","overlay-type":"","overlay-color":"","overlay-opacity":"","overlay-gradient":""},"tablet":{"background-color":"","background-image":"","background-repeat":"repeat","background-position":"center center","background-size":"auto","background-attachment":"scroll","background-type":"","background-media":"","overlay-type":"","overlay-color":"","overlay-opacity":"","overlay-gradient":""},"mobile":{"background-color":"","background-image":"","background-repeat":"repeat","background-position":"center center","background-size":"auto","background-attachment":"scroll","background-type":"","background-media":"","overlay-type":"","overlay-color":"","overlay-opacity":"","overlay-gradient":""}},"ast-content-background-meta":{"desktop":{"background-color":"var(--ast-global-color-5)","background-image":"","background-repeat":"repeat","background-position":"center center","background-size":"auto","background-attachment":"scroll","background-type":"","background-media":"","overlay-type":"","overlay-color":"","overlay-opacity":"","overlay-gradient":""},"tablet":{"background-color":"var(--ast-global-color-5)","background-image":"","background-repeat":"repeat","background-position":"center center","background-size":"auto","background-attachment":"scroll","background-type":"","background-media":"","overlay-type":"","overlay-color":"","overlay-opacity":"","overlay-gradient":""},"mobile":{"background-color":"var(--ast-global-color-5)","background-image":"","background-repeat":"repeat","background-position":"center center","background-size":"auto","background-attachment":"scroll","background-type":"","background-media":"","overlay-type":"","overlay-color":"","overlay-opacity":"","overlay-gradient":""}}},"product_brand":[],"product_cat":[46],"product_tag":[],"class_list":{"0":"post-3837","1":"product","2":"type-product","3":"status-publish","4":"has-post-thumbnail","6":"colectii-casual-chic","7":"colectii-cocktail-dresses","8":"colectii-colectie-capsula","9":"colectii-colectie-noua","10":"colectii-occasion-wear","11":"colectii-office-looks","12":"colectii-party-events","13":"public_tinta-barbati","14":"public_tinta-femei","15":"tip_produs_general-imbracaminte","16":"product_cat-rochii","17":"desktop-align-left","18":"tablet-align-left","19":"mobile-align-left","21":"first","22":"instock","23":"sale","24":"taxable","25":"shipping-taxable","26":"purchasable","27":"product-type-variable","28":"add-to-wishlist-before_image","29":"wpzoom-wc-spi-has-enabled"},"acf":[],"yoast_head":"<!-- This site is optimized with the Yoast SEO plugin v26.9 - https:\/\/yoast.com\/product\/yoast-seo-wordpress\/ -->\n<title>AVARO &quot;Serenity&quot; - Rochie mini cu detaliu tip funda - AVARO Fashion<\/title>\n<meta name=\"description\" content=\"Model: Rochie scurt\u0103, croi A-line (evazat\u0103).Decolteu: Tip b\u0103rcu\u021b\u0103, elegant \u0219i clasic.Detalii speciale: Fund\u0103 decorativ\u0103 pe um\u0103r \u0219i cordon fix \u00een talie cu aplica\u021bii de perle \u0219i strasuri.M\u00e2neci: Trei sferturi, u\u0219or bufante la umeri.Sistem de \u00eenchidere: Fermoar ascuns la spate.Spate: Croial\u0103 simpl\u0103, curat\u0103.\" \/>\n<meta name=\"robots\" content=\"index, follow, max-snippet:-1, max-image-preview:large, max-video-preview:-1\" \/>\n<link rel=\"canonical\" href=\"https:\/\/avaro-fashion.com\/en\/product\/avaro-serenity-rochie-mini-cu-detaliu-tip-funda\/\" \/>\n<meta property=\"og:locale\" content=\"en_US\" \/>\n<meta property=\"og:type\" content=\"article\" \/>\n<meta property=\"og:title\" content=\"AVARO &quot;Serenity&quot; - Rochie mini cu detaliu tip funda - AVARO Fashion\" \/>\n<meta property=\"og:description\" content=\"Model: Rochie scurt\u0103, croi A-line (evazat\u0103).Decolteu: Tip b\u0103rcu\u021b\u0103, elegant \u0219i clasic.Detalii speciale: Fund\u0103 decorativ\u0103 pe um\u0103r \u0219i cordon fix \u00een talie cu aplica\u021bii de perle \u0219i strasuri.M\u00e2neci: Trei sferturi, u\u0219or bufante la umeri.Sistem de \u00eenchidere: Fermoar ascuns la spate.Spate: Croial\u0103 simpl\u0103, curat\u0103.\" \/>\n<meta property=\"og:url\" content=\"https:\/\/avaro-fashion.com\/en\/product\/avaro-serenity-rochie-mini-cu-detaliu-tip-funda\/\" \/>\n<meta property=\"og:site_name\" content=\"AVARO Fashion\" \/>\n<meta property=\"article:publisher\" content=\"https:\/\/m.facebook.com\/profile.php?id=61576779797329\" \/>\n<meta property=\"article:modified_time\" content=\"2026-02-11T09:29:53+00:00\" \/>\n<meta property=\"og:image\" content=\"https:\/\/avaro-fashion.com\/wp-content\/uploads\/2026\/01\/1.png\" \/>\n\t<meta property=\"og:image:width\" content=\"1024\" \/>\n\t<meta property=\"og:image:height\" content=\"1536\" \/>\n\t<meta property=\"og:image:type\" content=\"image\/png\" \/>\n<meta name=\"twitter:card\" content=\"summary_large_image\" \/>\n<meta name=\"twitter:label1\" content=\"Est. reading time\" \/>\n\t<meta name=\"twitter:data1\" content=\"1 minute\" \/>\n<script type=\"application\/ld+json\" class=\"yoast-schema-graph\">{\"@context\":\"https:\/\/schema.org\",\"@graph\":[{\"@type\":\"WebPage\",\"@id\":\"https:\/\/avaro-fashion.com\/produs\/avaro-serenity-rochie-mini-cu-detaliu-tip-funda\/\",\"url\":\"https:\/\/avaro-fashion.com\/produs\/avaro-serenity-rochie-mini-cu-detaliu-tip-funda\/\",\"name\":\"AVARO \\\"Serenity\\\" - Rochie mini cu detaliu tip funda - AVARO Fashion\",\"isPartOf\":{\"@id\":\"https:\/\/avaro-fashion.com\/#website\"},\"primaryImageOfPage\":{\"@id\":\"https:\/\/avaro-fashion.com\/produs\/avaro-serenity-rochie-mini-cu-detaliu-tip-funda\/#primaryimage\"},\"image\":{\"@id\":\"https:\/\/avaro-fashion.com\/produs\/avaro-serenity-rochie-mini-cu-detaliu-tip-funda\/#primaryimage\"},\"thumbnailUrl\":\"https:\/\/avaro-fashion.com\/wp-content\/uploads\/2026\/01\/1.png\",\"datePublished\":\"2026-01-31T12:07:32+00:00\",\"dateModified\":\"2026-02-11T09:29:53+00:00\",\"description\":\"Model: Rochie scurt\u0103, croi A-line (evazat\u0103).Decolteu: Tip b\u0103rcu\u021b\u0103, elegant \u0219i clasic.Detalii speciale: Fund\u0103 decorativ\u0103 pe um\u0103r \u0219i cordon fix \u00een talie cu aplica\u021bii de perle \u0219i strasuri.M\u00e2neci: Trei sferturi, u\u0219or bufante la umeri.Sistem de \u00eenchidere: Fermoar ascuns la spate.Spate: Croial\u0103 simpl\u0103, curat\u0103.\",\"breadcrumb\":{\"@id\":\"https:\/\/avaro-fashion.com\/produs\/avaro-serenity-rochie-mini-cu-detaliu-tip-funda\/#breadcrumb\"},\"inLanguage\":\"en-US\",\"potentialAction\":[{\"@type\":\"ReadAction\",\"target\":[\"https:\/\/avaro-fashion.com\/produs\/avaro-serenity-rochie-mini-cu-detaliu-tip-funda\/\"]}]},{\"@type\":\"ImageObject\",\"inLanguage\":\"en-US\",\"@id\":\"https:\/\/avaro-fashion.com\/produs\/avaro-serenity-rochie-mini-cu-detaliu-tip-funda\/#primaryimage\",\"url\":\"https:\/\/avaro-fashion.com\/wp-content\/uploads\/2026\/01\/1.png\",\"contentUrl\":\"https:\/\/avaro-fashion.com\/wp-content\/uploads\/2026\/01\/1.png\",\"width\":1024,\"height\":1536},{\"@type\":\"BreadcrumbList\",\"@id\":\"https:\/\/avaro-fashion.com\/produs\/avaro-serenity-rochie-mini-cu-detaliu-tip-funda\/#breadcrumb\",\"itemListElement\":[{\"@type\":\"ListItem\",\"position\":1,\"name\":\"Prima pagin\u0103\",\"item\":\"https:\/\/avaro-fashion.com\/\"},{\"@type\":\"ListItem\",\"position\":2,\"name\":\"Magazin\",\"item\":\"https:\/\/avaro-fashion.com\/magazin\/\"},{\"@type\":\"ListItem\",\"position\":3,\"name\":\"AVARO &#8222;Serenity&#8221; &#8211; Rochie mini cu detaliu tip funda\"}]},{\"@type\":\"WebSite\",\"@id\":\"https:\/\/avaro-fashion.com\/#website\",\"url\":\"https:\/\/avaro-fashion.com\/\",\"name\":\"AVARO Fashion\",\"description\":\"\",\"publisher\":{\"@id\":\"https:\/\/avaro-fashion.com\/#organization\"},\"potentialAction\":[{\"@type\":\"SearchAction\",\"target\":{\"@type\":\"EntryPoint\",\"urlTemplate\":\"https:\/\/avaro-fashion.com\/?s={search_term_string}\"},\"query-input\":{\"@type\":\"PropertyValueSpecification\",\"valueRequired\":true,\"valueName\":\"search_term_string\"}}],\"inLanguage\":\"en-US\"},{\"@type\":\"Organization\",\"@id\":\"https:\/\/avaro-fashion.com\/#organization\",\"name\":\"AVARO Fashion\",\"url\":\"https:\/\/avaro-fashion.com\/\",\"logo\":{\"@type\":\"ImageObject\",\"inLanguage\":\"en-US\",\"@id\":\"https:\/\/avaro-fashion.com\/#\/schema\/logo\/image\/\",\"url\":\"https:\/\/avaro-fashion.com\/wp-content\/uploads\/2025\/06\/Avaro_Fashion-nobg.png\",\"contentUrl\":\"https:\/\/avaro-fashion.com\/wp-content\/uploads\/2025\/06\/Avaro_Fashion-nobg.png\",\"width\":900,\"height\":277,\"caption\":\"AVARO Fashion\"},\"image\":{\"@id\":\"https:\/\/avaro-fashion.com\/#\/schema\/logo\/image\/\"},\"sameAs\":[\"https:\/\/m.facebook.com\/profile.php?id=61576779797329\"]}]}<\/script>\n<!-- \/ Yoast SEO plugin. -->","yoast_head_json":{"title":"AVARO \"Serenity\" - Rochie mini cu detaliu tip funda - AVARO Fashion","description":"Model: Rochie scurt\u0103, croi A-line (evazat\u0103).Decolteu: Tip b\u0103rcu\u021b\u0103, elegant \u0219i clasic.Detalii speciale: Fund\u0103 decorativ\u0103 pe um\u0103r \u0219i cordon fix \u00een talie cu aplica\u021bii de perle \u0219i strasuri.M\u00e2neci: Trei sferturi, u\u0219or bufante la umeri.Sistem de \u00eenchidere: Fermoar ascuns la spate.Spate: Croial\u0103 simpl\u0103, curat\u0103.","robots":{"index":"index","follow":"follow","max-snippet":"max-snippet:-1","max-image-preview":"max-image-preview:large","max-video-preview":"max-video-preview:-1"},"canonical":"https:\/\/avaro-fashion.com\/en\/product\/avaro-serenity-rochie-mini-cu-detaliu-tip-funda\/","og_locale":"en_US","og_type":"article","og_title":"AVARO \"Serenity\" - Rochie mini cu detaliu tip funda - AVARO Fashion","og_description":"Model: Rochie scurt\u0103, croi A-line (evazat\u0103).Decolteu: Tip b\u0103rcu\u021b\u0103, elegant \u0219i clasic.Detalii speciale: Fund\u0103 decorativ\u0103 pe um\u0103r \u0219i cordon fix \u00een talie cu aplica\u021bii de perle \u0219i strasuri.M\u00e2neci: Trei sferturi, u\u0219or bufante la umeri.Sistem de \u00eenchidere: Fermoar ascuns la spate.Spate: Croial\u0103 simpl\u0103, curat\u0103.","og_url":"https:\/\/avaro-fashion.com\/en\/product\/avaro-serenity-rochie-mini-cu-detaliu-tip-funda\/","og_site_name":"AVARO Fashion","article_publisher":"https:\/\/m.facebook.com\/profile.php?id=61576779797329","article_modified_time":"2026-02-11T09:29:53+00:00","og_image":[{"width":1024,"height":1536,"url":"https:\/\/avaro-fashion.com\/wp-content\/uploads\/2026\/01\/1.png","type":"image\/png"}],"twitter_card":"summary_large_image","twitter_misc":{"Est. reading time":"1 minute"},"schema":{"@context":"https:\/\/schema.org","@graph":[{"@type":"WebPage","@id":"https:\/\/avaro-fashion.com\/produs\/avaro-serenity-rochie-mini-cu-detaliu-tip-funda\/","url":"https:\/\/avaro-fashion.com\/produs\/avaro-serenity-rochie-mini-cu-detaliu-tip-funda\/","name":"AVARO \"Serenity\" - Rochie mini cu detaliu tip funda - AVARO Fashion","isPartOf":{"@id":"https:\/\/avaro-fashion.com\/#website"},"primaryImageOfPage":{"@id":"https:\/\/avaro-fashion.com\/produs\/avaro-serenity-rochie-mini-cu-detaliu-tip-funda\/#primaryimage"},"image":{"@id":"https:\/\/avaro-fashion.com\/produs\/avaro-serenity-rochie-mini-cu-detaliu-tip-funda\/#primaryimage"},"thumbnailUrl":"https:\/\/avaro-fashion.com\/wp-content\/uploads\/2026\/01\/1.png","datePublished":"2026-01-31T12:07:32+00:00","dateModified":"2026-02-11T09:29:53+00:00","description":"Model: Rochie scurt\u0103, croi A-line (evazat\u0103).Decolteu: Tip b\u0103rcu\u021b\u0103, elegant \u0219i clasic.Detalii speciale: Fund\u0103 decorativ\u0103 pe um\u0103r \u0219i cordon fix \u00een talie cu aplica\u021bii de perle \u0219i strasuri.M\u00e2neci: Trei sferturi, u\u0219or bufante la umeri.Sistem de \u00eenchidere: Fermoar ascuns la spate.Spate: Croial\u0103 simpl\u0103, curat\u0103.","breadcrumb":{"@id":"https:\/\/avaro-fashion.com\/produs\/avaro-serenity-rochie-mini-cu-detaliu-tip-funda\/#breadcrumb"},"inLanguage":"en-US","potentialAction":[{"@type":"ReadAction","target":["https:\/\/avaro-fashion.com\/produs\/avaro-serenity-rochie-mini-cu-detaliu-tip-funda\/"]}]},{"@type":"ImageObject","inLanguage":"en-US","@id":"https:\/\/avaro-fashion.com\/produs\/avaro-serenity-rochie-mini-cu-detaliu-tip-funda\/#primaryimage","url":"https:\/\/avaro-fashion.com\/wp-content\/uploads\/2026\/01\/1.png","contentUrl":"https:\/\/avaro-fashion.com\/wp-content\/uploads\/2026\/01\/1.png","width":1024,"height":1536},{"@type":"BreadcrumbList","@id":"https:\/\/avaro-fashion.com\/produs\/avaro-serenity-rochie-mini-cu-detaliu-tip-funda\/#breadcrumb","itemListElement":[{"@type":"ListItem","position":1,"name":"Prima pagin\u0103","item":"https:\/\/avaro-fashion.com\/"},{"@type":"ListItem","position":2,"name":"Magazin","item":"https:\/\/avaro-fashion.com\/magazin\/"},{"@type":"ListItem","position":3,"name":"AVARO &#8222;Serenity&#8221; &#8211; Rochie mini cu detaliu tip funda"}]},{"@type":"WebSite","@id":"https:\/\/avaro-fashion.com\/#website","url":"https:\/\/avaro-fashion.com\/","name":"AVARO Fashion","description":"","publisher":{"@id":"https:\/\/avaro-fashion.com\/#organization"},"potentialAction":[{"@type":"SearchAction","target":{"@type":"EntryPoint","urlTemplate":"https:\/\/avaro-fashion.com\/?s={search_term_string}"},"query-input":{"@type":"PropertyValueSpecification","valueRequired":true,"valueName":"search_term_string"}}],"inLanguage":"en-US"},{"@type":"Organization","@id":"https:\/\/avaro-fashion.com\/#organization","name":"AVARO Fashion","url":"https:\/\/avaro-fashion.com\/","logo":{"@type":"ImageObject","inLanguage":"en-US","@id":"https:\/\/avaro-fashion.com\/#\/schema\/logo\/image\/","url":"https:\/\/avaro-fashion.com\/wp-content\/uploads\/2025\/06\/Avaro_Fashion-nobg.png","contentUrl":"https:\/\/avaro-fashion.com\/wp-content\/uploads\/2025\/06\/Avaro_Fashion-nobg.png","width":900,"height":277,"caption":"AVARO Fashion"},"image":{"@id":"https:\/\/avaro-fashion.com\/#\/schema\/logo\/image\/"},"sameAs":["https:\/\/m.facebook.com\/profile.php?id=61576779797329"]}]}},"_links":{"self":[{"href":"https:\/\/avaro-fashion.com\/en\/wp-json\/wp\/v2\/product\/3837","targetHints":{"allow":["GET"]}}],"collection":[{"href":"https:\/\/avaro-fashion.com\/en\/wp-json\/wp\/v2\/product"}],"about":[{"href":"https:\/\/avaro-fashion.com\/en\/wp-json\/wp\/v2\/types\/product"}],"replies":[{"embeddable":true,"href":"https:\/\/avaro-fashion.com\/en\/wp-json\/wp\/v2\/comments?post=3837"}],"wp:featuredmedia":[{"embeddable":true,"href":"https:\/\/avaro-fashion.com\/en\/wp-json\/wp\/v2\/media\/3982"}],"wp:attachment":[{"href":"https:\/\/avaro-fashion.com\/en\/wp-json\/wp\/v2\/media?parent=3837"}],"wp:term":[{"taxonomy":"product_brand","embeddable":true,"href":"https:\/\/avaro-fashion.com\/en\/wp-json\/wp\/v2\/product_brand?post=3837"},{"taxonomy":"product_cat","embeddable":true,"href":"https:\/\/avaro-fashion.com\/en\/wp-json\/wp\/v2\/product_cat?post=3837"},{"taxonomy":"product_tag","embeddable":true,"href":"https:\/\/avaro-fashion.com\/en\/wp-json\/wp\/v2\/product_tag?post=3837"}],"curies":[{"name":"wp","href":"https:\/\/api.w.org\/{rel}","templated":true}]}}