{"id":3854,"date":"2026-02-01T17:34:30","date_gmt":"2026-02-01T14:34:30","guid":{"rendered":"https:\/\/avaro-fashion.com\/?post_type=product&#038;p=3854"},"modified":"2026-02-26T10:48:11","modified_gmt":"2026-02-26T07:48:11","slug":"avaro-pamplona-rochie-mini-cu-accesoriu-in-talie","status":"publish","type":"product","link":"https:\/\/avaro-fashion.com\/en\/product\/avaro-pamplona-rochie-mini-cu-accesoriu-in-talie\/","title":{"rendered":"AVARO  \u201cPamplona\u201d Rochie mini cu accesoriu \u00een talie"},"content":{"rendered":"<p data-start=\"350\" data-end=\"637\">Croiala \u00een <strong data-start=\"361\" data-end=\"372\">linie A<\/strong> eviden\u021biaz\u0103 talia \u0219i alunge\u0219te silueta, \u00een timp ce fusta u\u0219or evazat\u0103 ofer\u0103 lejeritate \u0219i gra\u021bie la fiecare pas. M\u00e2necile \u00be cu volum discret \u00een zona umerilor adaug\u0103 un aer sofisticat, potrivit at\u00e2t pentru evenimente de zi, c\u00e2t \u0219i pentru apari\u021bii elegante de sear\u0103.<\/p>\n<p data-start=\"639\" data-end=\"871\">Piesa central\u0103 este <strong data-start=\"659\" data-end=\"701\">centura pre\u021bioas\u0103 cu perle \u0219i cristale<\/strong>, care marcheaz\u0103 talia \u0219i aduce un accent couture subtil, f\u0103r\u0103 a \u00eenc\u0103rca designul. Buzunarele decorative cu funde fine adaug\u0103 un detaliu feminin, specific stilului AVARO.<\/p>\n<p data-start=\"873\" data-end=\"1090\">Rochia este realizat\u0103 dintr-un material cu \u021binut\u0103, pl\u0103cut la atingere, care p\u0103streaz\u0103 forma impecabil pe durata purt\u0103rii. La spate, \u00eenchiderea este realizat\u0103 prin <strong data-start=\"1036\" data-end=\"1054\">fermoar ascuns<\/strong>, pentru un aspect curat \u0219i elegant.<\/p>\n<p>Compozi\u021bie: 64% poliester, 34% viscoz\u0103, 2% elastan<\/p>\n<p data-start=\"873\" data-end=\"1090\">","protected":false},"excerpt":{"rendered":"<p>Croiala \u00een linie A eviden\u021biaz\u0103 talia \u0219i alunge\u0219te silueta, \u00een timp ce fusta u\u0219or evazat\u0103 ofer\u0103 lejeritate \u0219i gra\u021bie la fiecare pas. M\u00e2necile \u00be cu volum discret \u00een zona umerilor adaug\u0103 un aer sofisticat, potrivit at\u00e2t pentru evenimente de zi, c\u00e2t \u0219i pentru apari\u021bii elegante de sear\u0103. Piesa central\u0103 este centura pre\u021bioas\u0103 cu perle \u0219i [&hellip;]<\/p>\n","protected":false},"featured_media":3977,"comment_status":"open","ping_status":"closed","template":"","meta":{"_acf_changed":false,"site-sidebar-layout":"default","site-content-layout":"","ast-site-content-layout":"default","site-content-style":"default","site-sidebar-style":"default","ast-global-header-display":"","ast-banner-title-visibility":"","ast-main-header-display":"","ast-hfb-above-header-display":"","ast-hfb-below-header-display":"","ast-hfb-mobile-header-display":"","site-post-title":"","ast-breadcrumbs-content":"","ast-featured-img":"","footer-sml-layout":"","ast-disable-related-posts":"","theme-transparent-header-meta":"default","adv-header-id-meta":"","stick-header-meta":"","header-above-stick-meta":"","header-main-stick-meta":"","header-below-stick-meta":"","astra-migrate-meta-layouts":"set","ast-page-background-enabled":"default","ast-page-background-meta":{"desktop":{"background-color":"","background-image":"","background-repeat":"repeat","background-position":"center center","background-size":"auto","background-attachment":"scroll","background-type":"","background-media":"","overlay-type":"","overlay-color":"","overlay-opacity":"","overlay-gradient":""},"tablet":{"background-color":"","background-image":"","background-repeat":"repeat","background-position":"center center","background-size":"auto","background-attachment":"scroll","background-type":"","background-media":"","overlay-type":"","overlay-color":"","overlay-opacity":"","overlay-gradient":""},"mobile":{"background-color":"","background-image":"","background-repeat":"repeat","background-position":"center center","background-size":"auto","background-attachment":"scroll","background-type":"","background-media":"","overlay-type":"","overlay-color":"","overlay-opacity":"","overlay-gradient":""}},"ast-content-background-meta":{"desktop":{"background-color":"var(--ast-global-color-5)","background-image":"","background-repeat":"repeat","background-position":"center center","background-size":"auto","background-attachment":"scroll","background-type":"","background-media":"","overlay-type":"","overlay-color":"","overlay-opacity":"","overlay-gradient":""},"tablet":{"background-color":"var(--ast-global-color-5)","background-image":"","background-repeat":"repeat","background-position":"center center","background-size":"auto","background-attachment":"scroll","background-type":"","background-media":"","overlay-type":"","overlay-color":"","overlay-opacity":"","overlay-gradient":""},"mobile":{"background-color":"var(--ast-global-color-5)","background-image":"","background-repeat":"repeat","background-position":"center center","background-size":"auto","background-attachment":"scroll","background-type":"","background-media":"","overlay-type":"","overlay-color":"","overlay-opacity":"","overlay-gradient":""}}},"product_brand":[],"product_cat":[15,46],"product_tag":[],"class_list":{"0":"post-3854","1":"product","2":"type-product","3":"status-publish","4":"has-post-thumbnail","6":"colectii-casual-chic","7":"colectii-colectie-capsula","8":"colectii-colectie-noua","9":"colectii-occasion-wear","10":"public_tinta-femei","11":"tip_produs_general-imbracaminte","12":"product_cat-white-edition","13":"product_cat-rochii","14":"desktop-align-left","15":"tablet-align-left","16":"mobile-align-left","18":"first","19":"instock","20":"sale","21":"taxable","22":"shipping-taxable","23":"purchasable","24":"product-type-variable","25":"add-to-wishlist-before_image","26":"wpzoom-wc-spi-has-enabled"},"acf":[],"yoast_head":"<!-- This site is optimized with the Yoast SEO plugin v26.9 - https:\/\/yoast.com\/product\/yoast-seo-wordpress\/ -->\n<title>AVARO \u201cPamplona\u201d Rochie mini cu accesoriu \u00een talie - AVARO Fashion<\/title>\n<meta name=\"robots\" content=\"index, follow, max-snippet:-1, max-image-preview:large, max-video-preview:-1\" \/>\n<link rel=\"canonical\" href=\"https:\/\/avaro-fashion.com\/en\/product\/avaro-pamplona-rochie-mini-cu-accesoriu-in-talie\/\" \/>\n<meta property=\"og:locale\" content=\"en_US\" \/>\n<meta property=\"og:type\" content=\"article\" \/>\n<meta property=\"og:title\" content=\"AVARO \u201cPamplona\u201d Rochie mini cu accesoriu \u00een talie - AVARO Fashion\" \/>\n<meta property=\"og:description\" content=\"Croiala \u00een linie A eviden\u021biaz\u0103 talia \u0219i alunge\u0219te silueta, \u00een timp ce fusta u\u0219or evazat\u0103 ofer\u0103 lejeritate \u0219i gra\u021bie la fiecare pas. M\u00e2necile \u00be cu volum discret \u00een zona umerilor adaug\u0103 un aer sofisticat, potrivit at\u00e2t pentru evenimente de zi, c\u00e2t \u0219i pentru apari\u021bii elegante de sear\u0103. Piesa central\u0103 este centura pre\u021bioas\u0103 cu perle \u0219i [&hellip;]\" \/>\n<meta property=\"og:url\" content=\"https:\/\/avaro-fashion.com\/en\/product\/avaro-pamplona-rochie-mini-cu-accesoriu-in-talie\/\" \/>\n<meta property=\"og:site_name\" content=\"AVARO Fashion\" \/>\n<meta property=\"article:publisher\" content=\"https:\/\/m.facebook.com\/profile.php?id=61576779797329\" \/>\n<meta property=\"article:modified_time\" content=\"2026-02-26T07:48:11+00:00\" \/>\n<meta property=\"og:image\" content=\"https:\/\/avaro-fashion.com\/wp-content\/uploads\/2026\/02\/1-2.png\" \/>\n\t<meta property=\"og:image:width\" content=\"1024\" \/>\n\t<meta property=\"og:image:height\" content=\"1536\" \/>\n\t<meta property=\"og:image:type\" content=\"image\/png\" \/>\n<meta name=\"twitter:card\" content=\"summary_large_image\" \/>\n<meta name=\"twitter:label1\" content=\"Est. reading time\" \/>\n\t<meta name=\"twitter:data1\" content=\"1 minute\" \/>\n<script type=\"application\/ld+json\" class=\"yoast-schema-graph\">{\"@context\":\"https:\/\/schema.org\",\"@graph\":[{\"@type\":\"WebPage\",\"@id\":\"https:\/\/avaro-fashion.com\/produs\/avaro-pamplona-rochie-mini-cu-accesoriu-in-talie\/\",\"url\":\"https:\/\/avaro-fashion.com\/produs\/avaro-pamplona-rochie-mini-cu-accesoriu-in-talie\/\",\"name\":\"AVARO \u201cPamplona\u201d Rochie mini cu accesoriu \u00een talie - AVARO Fashion\",\"isPartOf\":{\"@id\":\"https:\/\/avaro-fashion.com\/#website\"},\"primaryImageOfPage\":{\"@id\":\"https:\/\/avaro-fashion.com\/produs\/avaro-pamplona-rochie-mini-cu-accesoriu-in-talie\/#primaryimage\"},\"image\":{\"@id\":\"https:\/\/avaro-fashion.com\/produs\/avaro-pamplona-rochie-mini-cu-accesoriu-in-talie\/#primaryimage\"},\"thumbnailUrl\":\"https:\/\/avaro-fashion.com\/wp-content\/uploads\/2026\/02\/1-2.png\",\"datePublished\":\"2026-02-01T14:34:30+00:00\",\"dateModified\":\"2026-02-26T07:48:11+00:00\",\"breadcrumb\":{\"@id\":\"https:\/\/avaro-fashion.com\/produs\/avaro-pamplona-rochie-mini-cu-accesoriu-in-talie\/#breadcrumb\"},\"inLanguage\":\"en-US\",\"potentialAction\":[{\"@type\":\"ReadAction\",\"target\":[\"https:\/\/avaro-fashion.com\/produs\/avaro-pamplona-rochie-mini-cu-accesoriu-in-talie\/\"]}]},{\"@type\":\"ImageObject\",\"inLanguage\":\"en-US\",\"@id\":\"https:\/\/avaro-fashion.com\/produs\/avaro-pamplona-rochie-mini-cu-accesoriu-in-talie\/#primaryimage\",\"url\":\"https:\/\/avaro-fashion.com\/wp-content\/uploads\/2026\/02\/1-2.png\",\"contentUrl\":\"https:\/\/avaro-fashion.com\/wp-content\/uploads\/2026\/02\/1-2.png\",\"width\":1024,\"height\":1536},{\"@type\":\"BreadcrumbList\",\"@id\":\"https:\/\/avaro-fashion.com\/produs\/avaro-pamplona-rochie-mini-cu-accesoriu-in-talie\/#breadcrumb\",\"itemListElement\":[{\"@type\":\"ListItem\",\"position\":1,\"name\":\"Prima pagin\u0103\",\"item\":\"https:\/\/avaro-fashion.com\/\"},{\"@type\":\"ListItem\",\"position\":2,\"name\":\"Magazin\",\"item\":\"https:\/\/avaro-fashion.com\/magazin\/\"},{\"@type\":\"ListItem\",\"position\":3,\"name\":\"AVARO \u201cPamplona\u201d Rochie mini cu accesoriu \u00een talie\"}]},{\"@type\":\"WebSite\",\"@id\":\"https:\/\/avaro-fashion.com\/#website\",\"url\":\"https:\/\/avaro-fashion.com\/\",\"name\":\"AVARO Fashion\",\"description\":\"\",\"publisher\":{\"@id\":\"https:\/\/avaro-fashion.com\/#organization\"},\"potentialAction\":[{\"@type\":\"SearchAction\",\"target\":{\"@type\":\"EntryPoint\",\"urlTemplate\":\"https:\/\/avaro-fashion.com\/?s={search_term_string}\"},\"query-input\":{\"@type\":\"PropertyValueSpecification\",\"valueRequired\":true,\"valueName\":\"search_term_string\"}}],\"inLanguage\":\"en-US\"},{\"@type\":\"Organization\",\"@id\":\"https:\/\/avaro-fashion.com\/#organization\",\"name\":\"AVARO Fashion\",\"url\":\"https:\/\/avaro-fashion.com\/\",\"logo\":{\"@type\":\"ImageObject\",\"inLanguage\":\"en-US\",\"@id\":\"https:\/\/avaro-fashion.com\/#\/schema\/logo\/image\/\",\"url\":\"https:\/\/avaro-fashion.com\/wp-content\/uploads\/2025\/06\/Avaro_Fashion-nobg.png\",\"contentUrl\":\"https:\/\/avaro-fashion.com\/wp-content\/uploads\/2025\/06\/Avaro_Fashion-nobg.png\",\"width\":900,\"height\":277,\"caption\":\"AVARO Fashion\"},\"image\":{\"@id\":\"https:\/\/avaro-fashion.com\/#\/schema\/logo\/image\/\"},\"sameAs\":[\"https:\/\/m.facebook.com\/profile.php?id=61576779797329\"]}]}<\/script>\n<!-- \/ Yoast SEO plugin. -->","yoast_head_json":{"title":"AVARO \u201cPamplona\u201d Rochie mini cu accesoriu \u00een talie - AVARO Fashion","robots":{"index":"index","follow":"follow","max-snippet":"max-snippet:-1","max-image-preview":"max-image-preview:large","max-video-preview":"max-video-preview:-1"},"canonical":"https:\/\/avaro-fashion.com\/en\/product\/avaro-pamplona-rochie-mini-cu-accesoriu-in-talie\/","og_locale":"en_US","og_type":"article","og_title":"AVARO \u201cPamplona\u201d Rochie mini cu accesoriu \u00een talie - AVARO Fashion","og_description":"Croiala \u00een linie A eviden\u021biaz\u0103 talia \u0219i alunge\u0219te silueta, \u00een timp ce fusta u\u0219or evazat\u0103 ofer\u0103 lejeritate \u0219i gra\u021bie la fiecare pas. M\u00e2necile \u00be cu volum discret \u00een zona umerilor adaug\u0103 un aer sofisticat, potrivit at\u00e2t pentru evenimente de zi, c\u00e2t \u0219i pentru apari\u021bii elegante de sear\u0103. Piesa central\u0103 este centura pre\u021bioas\u0103 cu perle \u0219i [&hellip;]","og_url":"https:\/\/avaro-fashion.com\/en\/product\/avaro-pamplona-rochie-mini-cu-accesoriu-in-talie\/","og_site_name":"AVARO Fashion","article_publisher":"https:\/\/m.facebook.com\/profile.php?id=61576779797329","article_modified_time":"2026-02-26T07:48:11+00:00","og_image":[{"width":1024,"height":1536,"url":"https:\/\/avaro-fashion.com\/wp-content\/uploads\/2026\/02\/1-2.png","type":"image\/png"}],"twitter_card":"summary_large_image","twitter_misc":{"Est. reading time":"1 minute"},"schema":{"@context":"https:\/\/schema.org","@graph":[{"@type":"WebPage","@id":"https:\/\/avaro-fashion.com\/produs\/avaro-pamplona-rochie-mini-cu-accesoriu-in-talie\/","url":"https:\/\/avaro-fashion.com\/produs\/avaro-pamplona-rochie-mini-cu-accesoriu-in-talie\/","name":"AVARO \u201cPamplona\u201d Rochie mini cu accesoriu \u00een talie - AVARO Fashion","isPartOf":{"@id":"https:\/\/avaro-fashion.com\/#website"},"primaryImageOfPage":{"@id":"https:\/\/avaro-fashion.com\/produs\/avaro-pamplona-rochie-mini-cu-accesoriu-in-talie\/#primaryimage"},"image":{"@id":"https:\/\/avaro-fashion.com\/produs\/avaro-pamplona-rochie-mini-cu-accesoriu-in-talie\/#primaryimage"},"thumbnailUrl":"https:\/\/avaro-fashion.com\/wp-content\/uploads\/2026\/02\/1-2.png","datePublished":"2026-02-01T14:34:30+00:00","dateModified":"2026-02-26T07:48:11+00:00","breadcrumb":{"@id":"https:\/\/avaro-fashion.com\/produs\/avaro-pamplona-rochie-mini-cu-accesoriu-in-talie\/#breadcrumb"},"inLanguage":"en-US","potentialAction":[{"@type":"ReadAction","target":["https:\/\/avaro-fashion.com\/produs\/avaro-pamplona-rochie-mini-cu-accesoriu-in-talie\/"]}]},{"@type":"ImageObject","inLanguage":"en-US","@id":"https:\/\/avaro-fashion.com\/produs\/avaro-pamplona-rochie-mini-cu-accesoriu-in-talie\/#primaryimage","url":"https:\/\/avaro-fashion.com\/wp-content\/uploads\/2026\/02\/1-2.png","contentUrl":"https:\/\/avaro-fashion.com\/wp-content\/uploads\/2026\/02\/1-2.png","width":1024,"height":1536},{"@type":"BreadcrumbList","@id":"https:\/\/avaro-fashion.com\/produs\/avaro-pamplona-rochie-mini-cu-accesoriu-in-talie\/#breadcrumb","itemListElement":[{"@type":"ListItem","position":1,"name":"Prima pagin\u0103","item":"https:\/\/avaro-fashion.com\/"},{"@type":"ListItem","position":2,"name":"Magazin","item":"https:\/\/avaro-fashion.com\/magazin\/"},{"@type":"ListItem","position":3,"name":"AVARO \u201cPamplona\u201d Rochie mini cu accesoriu \u00een talie"}]},{"@type":"WebSite","@id":"https:\/\/avaro-fashion.com\/#website","url":"https:\/\/avaro-fashion.com\/","name":"AVARO Fashion","description":"","publisher":{"@id":"https:\/\/avaro-fashion.com\/#organization"},"potentialAction":[{"@type":"SearchAction","target":{"@type":"EntryPoint","urlTemplate":"https:\/\/avaro-fashion.com\/?s={search_term_string}"},"query-input":{"@type":"PropertyValueSpecification","valueRequired":true,"valueName":"search_term_string"}}],"inLanguage":"en-US"},{"@type":"Organization","@id":"https:\/\/avaro-fashion.com\/#organization","name":"AVARO Fashion","url":"https:\/\/avaro-fashion.com\/","logo":{"@type":"ImageObject","inLanguage":"en-US","@id":"https:\/\/avaro-fashion.com\/#\/schema\/logo\/image\/","url":"https:\/\/avaro-fashion.com\/wp-content\/uploads\/2025\/06\/Avaro_Fashion-nobg.png","contentUrl":"https:\/\/avaro-fashion.com\/wp-content\/uploads\/2025\/06\/Avaro_Fashion-nobg.png","width":900,"height":277,"caption":"AVARO Fashion"},"image":{"@id":"https:\/\/avaro-fashion.com\/#\/schema\/logo\/image\/"},"sameAs":["https:\/\/m.facebook.com\/profile.php?id=61576779797329"]}]}},"_links":{"self":[{"href":"https:\/\/avaro-fashion.com\/en\/wp-json\/wp\/v2\/product\/3854","targetHints":{"allow":["GET"]}}],"collection":[{"href":"https:\/\/avaro-fashion.com\/en\/wp-json\/wp\/v2\/product"}],"about":[{"href":"https:\/\/avaro-fashion.com\/en\/wp-json\/wp\/v2\/types\/product"}],"replies":[{"embeddable":true,"href":"https:\/\/avaro-fashion.com\/en\/wp-json\/wp\/v2\/comments?post=3854"}],"wp:featuredmedia":[{"embeddable":true,"href":"https:\/\/avaro-fashion.com\/en\/wp-json\/wp\/v2\/media\/3977"}],"wp:attachment":[{"href":"https:\/\/avaro-fashion.com\/en\/wp-json\/wp\/v2\/media?parent=3854"}],"wp:term":[{"taxonomy":"product_brand","embeddable":true,"href":"https:\/\/avaro-fashion.com\/en\/wp-json\/wp\/v2\/product_brand?post=3854"},{"taxonomy":"product_cat","embeddable":true,"href":"https:\/\/avaro-fashion.com\/en\/wp-json\/wp\/v2\/product_cat?post=3854"},{"taxonomy":"product_tag","embeddable":true,"href":"https:\/\/avaro-fashion.com\/en\/wp-json\/wp\/v2\/product_tag?post=3854"}],"curies":[{"name":"wp","href":"https:\/\/api.w.org\/{rel}","templated":true}]}}