{"id":3868,"date":"2026-02-03T14:43:18","date_gmt":"2026-02-03T11:43:18","guid":{"rendered":"https:\/\/avaro-fashion.com\/?post_type=product&#038;p=3868"},"modified":"2026-02-26T10:44:10","modified_gmt":"2026-02-26T07:44:10","slug":"avaro-grace-rochie-mini-cu-drapaje-frontale","status":"publish","type":"product","link":"https:\/\/avaro-fashion.com\/en\/product\/avaro-grace-rochie-mini-cu-drapaje-frontale\/","title":{"rendered":"AVARO \u201cGrace\u201d &#8211; Rochie mini cu drapaje frontale"},"content":{"rendered":"<p>Detalii care fac diferen\u021ba:<\/p>\n<p>\u2022 Design asimetric: Drapajele lucrate cu precizie ofer\u0103 textur\u0103 \u0219i un look premium.<\/p>\n<p>\u2022 Croial\u0103 tip creion: Accentueaz\u0103 talia \u0219i urmeaz\u0103 liniile corpului \u00eentr-un mod flatant.<\/p>\n<p>\u2022 Versatilitate: O po\u021bi asorta cu sandale minimaliste pentru un look delicat sau cu pantofi stiletto pentru un plus de putere.<\/p>\n<p>Specifica\u021bii \u0219i Compozi\u021bie:<\/p>\n<p>Materialul este ales special pentru a men\u021bine forma impecabil\u0103 a drapajelor, oferind \u00een acela\u0219i timp confort pe parcursul \u00eentregii purt\u0103ri datorit\u0103 amestecului cu viscoz\u0103 \u0219i elastan.<\/p>\n<p>\u2022 Compozi\u021bie: 64% poliester, 34% viscoz\u0103, 2% elastan.<\/p>\n<p>\u2022 Sistem de \u00eenchidere: Fermoar ascuns la spate.<\/p>\n<p>\u2022 Lungime: Mini.<\/p>\n<p>\u2022 \u00centre\u021binere: Cur\u0103\u021bare delicat\u0103 \/ C\u0103lcare la temperatur\u0103 joas\u0103.<\/p>","protected":false},"excerpt":{"rendered":"<p>Detalii care fac diferen\u021ba: \u2022 Design asimetric: Drapajele lucrate cu precizie ofer\u0103 textur\u0103 \u0219i un look premium. \u2022 Croial\u0103 tip creion: Accentueaz\u0103 talia \u0219i urmeaz\u0103 liniile corpului \u00eentr-un mod flatant. \u2022 Versatilitate: O po\u021bi asorta cu sandale minimaliste pentru un look delicat sau cu pantofi stiletto pentru un plus de putere. Specifica\u021bii \u0219i Compozi\u021bie: Materialul [&hellip;]<\/p>\n","protected":false},"featured_media":3975,"comment_status":"open","ping_status":"closed","template":"","meta":{"_acf_changed":false,"site-sidebar-layout":"default","site-content-layout":"","ast-site-content-layout":"default","site-content-style":"default","site-sidebar-style":"default","ast-global-header-display":"","ast-banner-title-visibility":"","ast-main-header-display":"","ast-hfb-above-header-display":"","ast-hfb-below-header-display":"","ast-hfb-mobile-header-display":"","site-post-title":"","ast-breadcrumbs-content":"","ast-featured-img":"","footer-sml-layout":"","ast-disable-related-posts":"","theme-transparent-header-meta":"default","adv-header-id-meta":"","stick-header-meta":"","header-above-stick-meta":"","header-main-stick-meta":"","header-below-stick-meta":"","astra-migrate-meta-layouts":"set","ast-page-background-enabled":"default","ast-page-background-meta":{"desktop":{"background-color":"","background-image":"","background-repeat":"repeat","background-position":"center center","background-size":"auto","background-attachment":"scroll","background-type":"","background-media":"","overlay-type":"","overlay-color":"","overlay-opacity":"","overlay-gradient":""},"tablet":{"background-color":"","background-image":"","background-repeat":"repeat","background-position":"center center","background-size":"auto","background-attachment":"scroll","background-type":"","background-media":"","overlay-type":"","overlay-color":"","overlay-opacity":"","overlay-gradient":""},"mobile":{"background-color":"","background-image":"","background-repeat":"repeat","background-position":"center center","background-size":"auto","background-attachment":"scroll","background-type":"","background-media":"","overlay-type":"","overlay-color":"","overlay-opacity":"","overlay-gradient":""}},"ast-content-background-meta":{"desktop":{"background-color":"var(--ast-global-color-5)","background-image":"","background-repeat":"repeat","background-position":"center center","background-size":"auto","background-attachment":"scroll","background-type":"","background-media":"","overlay-type":"","overlay-color":"","overlay-opacity":"","overlay-gradient":""},"tablet":{"background-color":"var(--ast-global-color-5)","background-image":"","background-repeat":"repeat","background-position":"center center","background-size":"auto","background-attachment":"scroll","background-type":"","background-media":"","overlay-type":"","overlay-color":"","overlay-opacity":"","overlay-gradient":""},"mobile":{"background-color":"var(--ast-global-color-5)","background-image":"","background-repeat":"repeat","background-position":"center center","background-size":"auto","background-attachment":"scroll","background-type":"","background-media":"","overlay-type":"","overlay-color":"","overlay-opacity":"","overlay-gradient":""}}},"product_brand":[],"product_cat":[46],"product_tag":[],"class_list":{"0":"post-3868","1":"product","2":"type-product","3":"status-publish","4":"has-post-thumbnail","6":"product_cat-rochii","7":"desktop-align-left","8":"tablet-align-left","9":"mobile-align-left","11":"first","12":"instock","13":"sale","14":"taxable","15":"shipping-taxable","16":"purchasable","17":"product-type-variable","18":"add-to-wishlist-before_image","19":"wpzoom-wc-spi-has-enabled"},"acf":[],"yoast_head":"<!-- This site is optimized with the Yoast SEO plugin v26.9 - https:\/\/yoast.com\/product\/yoast-seo-wordpress\/ -->\n<title>AVARO \u201cGrace\u201d - Rochie mini cu drapaje frontale - AVARO Fashion<\/title>\n<meta name=\"description\" content=\"Rochiile elegante pe care le cau\u021bi sunt aici! Alege designul ideal pentru a str\u0103luci \u00een ziua ta special\u0103. \u00censcrie-te pentru oferte!\" \/>\n<meta name=\"robots\" content=\"index, follow, max-snippet:-1, max-image-preview:large, max-video-preview:-1\" \/>\n<link rel=\"canonical\" href=\"https:\/\/avaro-fashion.com\/en\/product\/avaro-grace-rochie-mini-cu-drapaje-frontale\/\" \/>\n<meta property=\"og:locale\" content=\"en_US\" \/>\n<meta property=\"og:type\" content=\"article\" \/>\n<meta property=\"og:title\" content=\"AVARO \u201cGrace\u201d - Rochie mini cu drapaje frontale - AVARO Fashion\" \/>\n<meta property=\"og:description\" content=\"Rochiile elegante pe care le cau\u021bi sunt aici! Alege designul ideal pentru a str\u0103luci \u00een ziua ta special\u0103. \u00censcrie-te pentru oferte!\" \/>\n<meta property=\"og:url\" content=\"https:\/\/avaro-fashion.com\/en\/product\/avaro-grace-rochie-mini-cu-drapaje-frontale\/\" \/>\n<meta property=\"og:site_name\" content=\"AVARO Fashion\" \/>\n<meta property=\"article:publisher\" content=\"https:\/\/m.facebook.com\/profile.php?id=61576779797329\" \/>\n<meta property=\"article:modified_time\" content=\"2026-02-26T07:44:10+00:00\" \/>\n<meta property=\"og:image\" content=\"https:\/\/avaro-fashion.com\/wp-content\/uploads\/2026\/02\/1-1.png\" \/>\n\t<meta property=\"og:image:width\" content=\"1024\" \/>\n\t<meta property=\"og:image:height\" content=\"1536\" \/>\n\t<meta property=\"og:image:type\" content=\"image\/png\" \/>\n<meta name=\"twitter:card\" content=\"summary_large_image\" \/>\n<meta name=\"twitter:label1\" content=\"Est. reading time\" \/>\n\t<meta name=\"twitter:data1\" content=\"1 minute\" \/>\n<script type=\"application\/ld+json\" class=\"yoast-schema-graph\">{\"@context\":\"https:\/\/schema.org\",\"@graph\":[{\"@type\":\"WebPage\",\"@id\":\"https:\/\/avaro-fashion.com\/produs\/avaro-grace-rochie-mini-cu-drapaje-frontale\/\",\"url\":\"https:\/\/avaro-fashion.com\/produs\/avaro-grace-rochie-mini-cu-drapaje-frontale\/\",\"name\":\"AVARO \u201cGrace\u201d - Rochie mini cu drapaje frontale - AVARO Fashion\",\"isPartOf\":{\"@id\":\"https:\/\/avaro-fashion.com\/#website\"},\"primaryImageOfPage\":{\"@id\":\"https:\/\/avaro-fashion.com\/produs\/avaro-grace-rochie-mini-cu-drapaje-frontale\/#primaryimage\"},\"image\":{\"@id\":\"https:\/\/avaro-fashion.com\/produs\/avaro-grace-rochie-mini-cu-drapaje-frontale\/#primaryimage\"},\"thumbnailUrl\":\"https:\/\/avaro-fashion.com\/wp-content\/uploads\/2026\/02\/1-1.png\",\"datePublished\":\"2026-02-03T11:43:18+00:00\",\"dateModified\":\"2026-02-26T07:44:10+00:00\",\"description\":\"Rochiile elegante pe care le cau\u021bi sunt aici! Alege designul ideal pentru a str\u0103luci \u00een ziua ta special\u0103. \u00censcrie-te pentru oferte!\",\"breadcrumb\":{\"@id\":\"https:\/\/avaro-fashion.com\/produs\/avaro-grace-rochie-mini-cu-drapaje-frontale\/#breadcrumb\"},\"inLanguage\":\"en-US\",\"potentialAction\":[{\"@type\":\"ReadAction\",\"target\":[\"https:\/\/avaro-fashion.com\/produs\/avaro-grace-rochie-mini-cu-drapaje-frontale\/\"]}]},{\"@type\":\"ImageObject\",\"inLanguage\":\"en-US\",\"@id\":\"https:\/\/avaro-fashion.com\/produs\/avaro-grace-rochie-mini-cu-drapaje-frontale\/#primaryimage\",\"url\":\"https:\/\/avaro-fashion.com\/wp-content\/uploads\/2026\/02\/1-1.png\",\"contentUrl\":\"https:\/\/avaro-fashion.com\/wp-content\/uploads\/2026\/02\/1-1.png\",\"width\":1024,\"height\":1536},{\"@type\":\"BreadcrumbList\",\"@id\":\"https:\/\/avaro-fashion.com\/produs\/avaro-grace-rochie-mini-cu-drapaje-frontale\/#breadcrumb\",\"itemListElement\":[{\"@type\":\"ListItem\",\"position\":1,\"name\":\"Prima pagin\u0103\",\"item\":\"https:\/\/avaro-fashion.com\/\"},{\"@type\":\"ListItem\",\"position\":2,\"name\":\"Magazin\",\"item\":\"https:\/\/avaro-fashion.com\/magazin\/\"},{\"@type\":\"ListItem\",\"position\":3,\"name\":\"AVARO \u201cGrace\u201d &#8211; Rochie mini cu drapaje frontale\"}]},{\"@type\":\"WebSite\",\"@id\":\"https:\/\/avaro-fashion.com\/#website\",\"url\":\"https:\/\/avaro-fashion.com\/\",\"name\":\"AVARO Fashion\",\"description\":\"\",\"publisher\":{\"@id\":\"https:\/\/avaro-fashion.com\/#organization\"},\"potentialAction\":[{\"@type\":\"SearchAction\",\"target\":{\"@type\":\"EntryPoint\",\"urlTemplate\":\"https:\/\/avaro-fashion.com\/?s={search_term_string}\"},\"query-input\":{\"@type\":\"PropertyValueSpecification\",\"valueRequired\":true,\"valueName\":\"search_term_string\"}}],\"inLanguage\":\"en-US\"},{\"@type\":\"Organization\",\"@id\":\"https:\/\/avaro-fashion.com\/#organization\",\"name\":\"AVARO Fashion\",\"url\":\"https:\/\/avaro-fashion.com\/\",\"logo\":{\"@type\":\"ImageObject\",\"inLanguage\":\"en-US\",\"@id\":\"https:\/\/avaro-fashion.com\/#\/schema\/logo\/image\/\",\"url\":\"https:\/\/avaro-fashion.com\/wp-content\/uploads\/2025\/06\/Avaro_Fashion-nobg.png\",\"contentUrl\":\"https:\/\/avaro-fashion.com\/wp-content\/uploads\/2025\/06\/Avaro_Fashion-nobg.png\",\"width\":900,\"height\":277,\"caption\":\"AVARO Fashion\"},\"image\":{\"@id\":\"https:\/\/avaro-fashion.com\/#\/schema\/logo\/image\/\"},\"sameAs\":[\"https:\/\/m.facebook.com\/profile.php?id=61576779797329\"]}]}<\/script>\n<!-- \/ Yoast SEO plugin. -->","yoast_head_json":{"title":"AVARO \u201cGrace\u201d - Rochie mini cu drapaje frontale - AVARO Fashion","description":"Rochiile elegante pe care le cau\u021bi sunt aici! Alege designul ideal pentru a str\u0103luci \u00een ziua ta special\u0103. \u00censcrie-te pentru oferte!","robots":{"index":"index","follow":"follow","max-snippet":"max-snippet:-1","max-image-preview":"max-image-preview:large","max-video-preview":"max-video-preview:-1"},"canonical":"https:\/\/avaro-fashion.com\/en\/product\/avaro-grace-rochie-mini-cu-drapaje-frontale\/","og_locale":"en_US","og_type":"article","og_title":"AVARO \u201cGrace\u201d - Rochie mini cu drapaje frontale - AVARO Fashion","og_description":"Rochiile elegante pe care le cau\u021bi sunt aici! Alege designul ideal pentru a str\u0103luci \u00een ziua ta special\u0103. \u00censcrie-te pentru oferte!","og_url":"https:\/\/avaro-fashion.com\/en\/product\/avaro-grace-rochie-mini-cu-drapaje-frontale\/","og_site_name":"AVARO Fashion","article_publisher":"https:\/\/m.facebook.com\/profile.php?id=61576779797329","article_modified_time":"2026-02-26T07:44:10+00:00","og_image":[{"width":1024,"height":1536,"url":"https:\/\/avaro-fashion.com\/wp-content\/uploads\/2026\/02\/1-1.png","type":"image\/png"}],"twitter_card":"summary_large_image","twitter_misc":{"Est. reading time":"1 minute"},"schema":{"@context":"https:\/\/schema.org","@graph":[{"@type":"WebPage","@id":"https:\/\/avaro-fashion.com\/produs\/avaro-grace-rochie-mini-cu-drapaje-frontale\/","url":"https:\/\/avaro-fashion.com\/produs\/avaro-grace-rochie-mini-cu-drapaje-frontale\/","name":"AVARO \u201cGrace\u201d - Rochie mini cu drapaje frontale - AVARO Fashion","isPartOf":{"@id":"https:\/\/avaro-fashion.com\/#website"},"primaryImageOfPage":{"@id":"https:\/\/avaro-fashion.com\/produs\/avaro-grace-rochie-mini-cu-drapaje-frontale\/#primaryimage"},"image":{"@id":"https:\/\/avaro-fashion.com\/produs\/avaro-grace-rochie-mini-cu-drapaje-frontale\/#primaryimage"},"thumbnailUrl":"https:\/\/avaro-fashion.com\/wp-content\/uploads\/2026\/02\/1-1.png","datePublished":"2026-02-03T11:43:18+00:00","dateModified":"2026-02-26T07:44:10+00:00","description":"Rochiile elegante pe care le cau\u021bi sunt aici! Alege designul ideal pentru a str\u0103luci \u00een ziua ta special\u0103. \u00censcrie-te pentru oferte!","breadcrumb":{"@id":"https:\/\/avaro-fashion.com\/produs\/avaro-grace-rochie-mini-cu-drapaje-frontale\/#breadcrumb"},"inLanguage":"en-US","potentialAction":[{"@type":"ReadAction","target":["https:\/\/avaro-fashion.com\/produs\/avaro-grace-rochie-mini-cu-drapaje-frontale\/"]}]},{"@type":"ImageObject","inLanguage":"en-US","@id":"https:\/\/avaro-fashion.com\/produs\/avaro-grace-rochie-mini-cu-drapaje-frontale\/#primaryimage","url":"https:\/\/avaro-fashion.com\/wp-content\/uploads\/2026\/02\/1-1.png","contentUrl":"https:\/\/avaro-fashion.com\/wp-content\/uploads\/2026\/02\/1-1.png","width":1024,"height":1536},{"@type":"BreadcrumbList","@id":"https:\/\/avaro-fashion.com\/produs\/avaro-grace-rochie-mini-cu-drapaje-frontale\/#breadcrumb","itemListElement":[{"@type":"ListItem","position":1,"name":"Prima pagin\u0103","item":"https:\/\/avaro-fashion.com\/"},{"@type":"ListItem","position":2,"name":"Magazin","item":"https:\/\/avaro-fashion.com\/magazin\/"},{"@type":"ListItem","position":3,"name":"AVARO \u201cGrace\u201d &#8211; Rochie mini cu drapaje frontale"}]},{"@type":"WebSite","@id":"https:\/\/avaro-fashion.com\/#website","url":"https:\/\/avaro-fashion.com\/","name":"AVARO Fashion","description":"","publisher":{"@id":"https:\/\/avaro-fashion.com\/#organization"},"potentialAction":[{"@type":"SearchAction","target":{"@type":"EntryPoint","urlTemplate":"https:\/\/avaro-fashion.com\/?s={search_term_string}"},"query-input":{"@type":"PropertyValueSpecification","valueRequired":true,"valueName":"search_term_string"}}],"inLanguage":"en-US"},{"@type":"Organization","@id":"https:\/\/avaro-fashion.com\/#organization","name":"AVARO Fashion","url":"https:\/\/avaro-fashion.com\/","logo":{"@type":"ImageObject","inLanguage":"en-US","@id":"https:\/\/avaro-fashion.com\/#\/schema\/logo\/image\/","url":"https:\/\/avaro-fashion.com\/wp-content\/uploads\/2025\/06\/Avaro_Fashion-nobg.png","contentUrl":"https:\/\/avaro-fashion.com\/wp-content\/uploads\/2025\/06\/Avaro_Fashion-nobg.png","width":900,"height":277,"caption":"AVARO Fashion"},"image":{"@id":"https:\/\/avaro-fashion.com\/#\/schema\/logo\/image\/"},"sameAs":["https:\/\/m.facebook.com\/profile.php?id=61576779797329"]}]}},"_links":{"self":[{"href":"https:\/\/avaro-fashion.com\/en\/wp-json\/wp\/v2\/product\/3868","targetHints":{"allow":["GET"]}}],"collection":[{"href":"https:\/\/avaro-fashion.com\/en\/wp-json\/wp\/v2\/product"}],"about":[{"href":"https:\/\/avaro-fashion.com\/en\/wp-json\/wp\/v2\/types\/product"}],"replies":[{"embeddable":true,"href":"https:\/\/avaro-fashion.com\/en\/wp-json\/wp\/v2\/comments?post=3868"}],"wp:featuredmedia":[{"embeddable":true,"href":"https:\/\/avaro-fashion.com\/en\/wp-json\/wp\/v2\/media\/3975"}],"wp:attachment":[{"href":"https:\/\/avaro-fashion.com\/en\/wp-json\/wp\/v2\/media?parent=3868"}],"wp:term":[{"taxonomy":"product_brand","embeddable":true,"href":"https:\/\/avaro-fashion.com\/en\/wp-json\/wp\/v2\/product_brand?post=3868"},{"taxonomy":"product_cat","embeddable":true,"href":"https:\/\/avaro-fashion.com\/en\/wp-json\/wp\/v2\/product_cat?post=3868"},{"taxonomy":"product_tag","embeddable":true,"href":"https:\/\/avaro-fashion.com\/en\/wp-json\/wp\/v2\/product_tag?post=3868"}],"curies":[{"name":"wp","href":"https:\/\/api.w.org\/{rel}","templated":true}]}}