{"id":3880,"date":"2026-02-03T14:56:56","date_gmt":"2026-02-03T11:56:56","guid":{"rendered":"https:\/\/avaro-fashion.com\/?post_type=product&#038;p=3880"},"modified":"2026-02-26T10:42:35","modified_gmt":"2026-02-26T07:42:35","slug":"avaro-lady-in-red-rochie-mini-cu-corset-si-fusta-in-clos","status":"publish","type":"product","link":"https:\/\/avaro-fashion.com\/en\/product\/avaro-lady-in-red-rochie-mini-cu-corset-si-fusta-in-clos\/","title":{"rendered":"AVARO \u201eLady in Red\u201d \u2013 Rochie mini cu corset \u0219i fust\u0103 \u00een clo\u0219"},"content":{"rendered":"<p>Seduc\u021bie \u0219i feminitate \u00eentr-o croial\u0103 iconic\u0103.<\/p>\n<p>Rochia AVARO \u201eLady in Red\u201d este defini\u021bia farmecului feminin. Cu un bust tip corset, structurat pentru a oferi sus\u021binere \u0219i a pune \u00een eviden\u021b\u0103 decolteul, \u0219i o fust\u0103 \u00een clo\u0219 care adaug\u0103 volum \u0219i juc\u0103u\u0219enie, aceast\u0103 pies\u0103 este conceput\u0103 pentru a te face s\u0103 str\u0103luce\u0219ti. Culoarea ro\u0219u intens \u0219i bretelele fine subliniaz\u0103 elegan\u021ba unui look atemporal, perfect pentru petreceri, anivers\u0103ri sau evenimente de tip cocktail.<\/p>\n<p>Detalii Produs:<\/p>\n<p>\u2022 Bustier\u0103 structurat\u0103: Cupe preformate \u0219i cus\u0103turi verticale.<\/p>\n<p>\u2022 Croial\u0103 A-line (clo\u0219): Fusta voluminoas\u0103 ofer\u0103 libertate de mi\u0219care \u0219i o alur\u0103 romantic\u0103.<\/p>\n<p>\u2022 Material cu aspect satinat: O textur\u0103 fin\u0103 care reflect\u0103 discret lumina, oferind un aspect luxos.<\/p>\n<p><strong>Specifica\u021bii Tehnice:<\/strong><\/p>\n<p>\u2022 Sistem de \u00eenchidere: Fermoar la spate.<\/p>\n<p>\u2022 Bretele: Fixe, pentru o sus\u021binere optim\u0103.<\/p>\n<p>\u2022 Lungime: Mini.<\/p>\n<p>\u2022 Ocazie: Party, Prom, Cocktail, Date Night.<\/p>\n<p>Compozi\u021bie: 64% poliester, 34% viscoz\u0103, 2% elastan.<\/p>\n<p>&nbsp;<\/p>","protected":false},"excerpt":{"rendered":"<p>Seduc\u021bie \u0219i feminitate \u00eentr-o croial\u0103 iconic\u0103. Rochia AVARO \u201eLady in Red\u201d este defini\u021bia farmecului feminin. Cu un bust tip corset, structurat pentru a oferi sus\u021binere \u0219i a pune \u00een eviden\u021b\u0103 decolteul, \u0219i o fust\u0103 \u00een clo\u0219 care adaug\u0103 volum \u0219i juc\u0103u\u0219enie, aceast\u0103 pies\u0103 este conceput\u0103 pentru a te face s\u0103 str\u0103luce\u0219ti. Culoarea ro\u0219u intens \u0219i [&hellip;]<\/p>\n","protected":false},"featured_media":3973,"comment_status":"open","ping_status":"closed","template":"","meta":{"_acf_changed":false,"site-sidebar-layout":"default","site-content-layout":"","ast-site-content-layout":"default","site-content-style":"default","site-sidebar-style":"default","ast-global-header-display":"","ast-banner-title-visibility":"","ast-main-header-display":"","ast-hfb-above-header-display":"","ast-hfb-below-header-display":"","ast-hfb-mobile-header-display":"","site-post-title":"","ast-breadcrumbs-content":"","ast-featured-img":"","footer-sml-layout":"","ast-disable-related-posts":"","theme-transparent-header-meta":"default","adv-header-id-meta":"","stick-header-meta":"","header-above-stick-meta":"","header-main-stick-meta":"","header-below-stick-meta":"","astra-migrate-meta-layouts":"set","ast-page-background-enabled":"default","ast-page-background-meta":{"desktop":{"background-color":"","background-image":"","background-repeat":"repeat","background-position":"center center","background-size":"auto","background-attachment":"scroll","background-type":"","background-media":"","overlay-type":"","overlay-color":"","overlay-opacity":"","overlay-gradient":""},"tablet":{"background-color":"","background-image":"","background-repeat":"repeat","background-position":"center center","background-size":"auto","background-attachment":"scroll","background-type":"","background-media":"","overlay-type":"","overlay-color":"","overlay-opacity":"","overlay-gradient":""},"mobile":{"background-color":"","background-image":"","background-repeat":"repeat","background-position":"center center","background-size":"auto","background-attachment":"scroll","background-type":"","background-media":"","overlay-type":"","overlay-color":"","overlay-opacity":"","overlay-gradient":""}},"ast-content-background-meta":{"desktop":{"background-color":"var(--ast-global-color-5)","background-image":"","background-repeat":"repeat","background-position":"center center","background-size":"auto","background-attachment":"scroll","background-type":"","background-media":"","overlay-type":"","overlay-color":"","overlay-opacity":"","overlay-gradient":""},"tablet":{"background-color":"var(--ast-global-color-5)","background-image":"","background-repeat":"repeat","background-position":"center center","background-size":"auto","background-attachment":"scroll","background-type":"","background-media":"","overlay-type":"","overlay-color":"","overlay-opacity":"","overlay-gradient":""},"mobile":{"background-color":"var(--ast-global-color-5)","background-image":"","background-repeat":"repeat","background-position":"center center","background-size":"auto","background-attachment":"scroll","background-type":"","background-media":"","overlay-type":"","overlay-color":"","overlay-opacity":"","overlay-gradient":""}}},"product_brand":[],"product_cat":[46],"product_tag":[],"class_list":{"0":"post-3880","1":"product","2":"type-product","3":"status-publish","4":"has-post-thumbnail","6":"colectii-casual-chic","7":"colectii-colectie-noua","8":"public_tinta-femei","9":"tip_produs_general-imbracaminte","10":"product_cat-rochii","11":"desktop-align-left","12":"tablet-align-left","13":"mobile-align-left","15":"first","16":"instock","17":"sale","18":"taxable","19":"shipping-taxable","20":"purchasable","21":"product-type-variable","22":"add-to-wishlist-before_image","23":"wpzoom-wc-spi-has-enabled"},"acf":[],"yoast_head":"<!-- This site is optimized with the Yoast SEO plugin v26.9 - https:\/\/yoast.com\/product\/yoast-seo-wordpress\/ -->\n<title>AVARO \u201eLady in Red\u201d \u2013 Rochie mini cu corset \u0219i fust\u0103 \u00een clo\u0219 - AVARO Fashion<\/title>\n<meta name=\"description\" content=\"Str\u0103luce\u0219te \u00een rochia perfect\u0103 pentru Valentine&#039;s! Rochia AVARO \u201eLady in Red\u201d \u00eembin\u0103 seduc\u021bia cu feminitatea. \u00cencearc\u0103-o acum!\" \/>\n<meta name=\"robots\" content=\"index, follow, max-snippet:-1, max-image-preview:large, max-video-preview:-1\" \/>\n<link rel=\"canonical\" href=\"https:\/\/avaro-fashion.com\/en\/product\/avaro-lady-in-red-rochie-mini-cu-corset-si-fusta-in-clos\/\" \/>\n<meta property=\"og:locale\" content=\"en_US\" \/>\n<meta property=\"og:type\" content=\"article\" \/>\n<meta property=\"og:title\" content=\"AVARO \u201eLady in Red\u201d \u2013 Rochie mini cu corset \u0219i fust\u0103 \u00een clo\u0219 - AVARO Fashion\" \/>\n<meta property=\"og:description\" content=\"Str\u0103luce\u0219te \u00een rochia perfect\u0103 pentru Valentine&#039;s! Rochia AVARO \u201eLady in Red\u201d \u00eembin\u0103 seduc\u021bia cu feminitatea. \u00cencearc\u0103-o acum!\" \/>\n<meta property=\"og:url\" content=\"https:\/\/avaro-fashion.com\/en\/product\/avaro-lady-in-red-rochie-mini-cu-corset-si-fusta-in-clos\/\" \/>\n<meta property=\"og:site_name\" content=\"AVARO Fashion\" \/>\n<meta property=\"article:publisher\" content=\"https:\/\/m.facebook.com\/profile.php?id=61576779797329\" \/>\n<meta property=\"article:modified_time\" content=\"2026-02-26T07:42:35+00:00\" \/>\n<meta property=\"og:image\" content=\"https:\/\/avaro-fashion.com\/wp-content\/uploads\/2026\/02\/1.png\" \/>\n\t<meta property=\"og:image:width\" content=\"1024\" \/>\n\t<meta property=\"og:image:height\" content=\"1536\" \/>\n\t<meta property=\"og:image:type\" content=\"image\/png\" \/>\n<meta name=\"twitter:card\" content=\"summary_large_image\" \/>\n<meta name=\"twitter:label1\" content=\"Est. reading time\" \/>\n\t<meta name=\"twitter:data1\" content=\"1 minute\" \/>\n<script type=\"application\/ld+json\" class=\"yoast-schema-graph\">{\"@context\":\"https:\/\/schema.org\",\"@graph\":[{\"@type\":\"WebPage\",\"@id\":\"https:\/\/avaro-fashion.com\/produs\/avaro-lady-in-red-rochie-mini-cu-corset-si-fusta-in-clos\/\",\"url\":\"https:\/\/avaro-fashion.com\/produs\/avaro-lady-in-red-rochie-mini-cu-corset-si-fusta-in-clos\/\",\"name\":\"AVARO \u201eLady in Red\u201d \u2013 Rochie mini cu corset \u0219i fust\u0103 \u00een clo\u0219 - AVARO Fashion\",\"isPartOf\":{\"@id\":\"https:\/\/avaro-fashion.com\/#website\"},\"primaryImageOfPage\":{\"@id\":\"https:\/\/avaro-fashion.com\/produs\/avaro-lady-in-red-rochie-mini-cu-corset-si-fusta-in-clos\/#primaryimage\"},\"image\":{\"@id\":\"https:\/\/avaro-fashion.com\/produs\/avaro-lady-in-red-rochie-mini-cu-corset-si-fusta-in-clos\/#primaryimage\"},\"thumbnailUrl\":\"https:\/\/avaro-fashion.com\/wp-content\/uploads\/2026\/02\/1.png\",\"datePublished\":\"2026-02-03T11:56:56+00:00\",\"dateModified\":\"2026-02-26T07:42:35+00:00\",\"description\":\"Str\u0103luce\u0219te \u00een rochia perfect\u0103 pentru Valentine's! Rochia AVARO \u201eLady in Red\u201d \u00eembin\u0103 seduc\u021bia cu feminitatea. \u00cencearc\u0103-o acum!\",\"breadcrumb\":{\"@id\":\"https:\/\/avaro-fashion.com\/produs\/avaro-lady-in-red-rochie-mini-cu-corset-si-fusta-in-clos\/#breadcrumb\"},\"inLanguage\":\"en-US\",\"potentialAction\":[{\"@type\":\"ReadAction\",\"target\":[\"https:\/\/avaro-fashion.com\/produs\/avaro-lady-in-red-rochie-mini-cu-corset-si-fusta-in-clos\/\"]}]},{\"@type\":\"ImageObject\",\"inLanguage\":\"en-US\",\"@id\":\"https:\/\/avaro-fashion.com\/produs\/avaro-lady-in-red-rochie-mini-cu-corset-si-fusta-in-clos\/#primaryimage\",\"url\":\"https:\/\/avaro-fashion.com\/wp-content\/uploads\/2026\/02\/1.png\",\"contentUrl\":\"https:\/\/avaro-fashion.com\/wp-content\/uploads\/2026\/02\/1.png\",\"width\":1024,\"height\":1536},{\"@type\":\"BreadcrumbList\",\"@id\":\"https:\/\/avaro-fashion.com\/produs\/avaro-lady-in-red-rochie-mini-cu-corset-si-fusta-in-clos\/#breadcrumb\",\"itemListElement\":[{\"@type\":\"ListItem\",\"position\":1,\"name\":\"Prima pagin\u0103\",\"item\":\"https:\/\/avaro-fashion.com\/\"},{\"@type\":\"ListItem\",\"position\":2,\"name\":\"Magazin\",\"item\":\"https:\/\/avaro-fashion.com\/magazin\/\"},{\"@type\":\"ListItem\",\"position\":3,\"name\":\"AVARO \u201eLady in Red\u201d \u2013 Rochie mini cu corset \u0219i fust\u0103 \u00een clo\u0219\"}]},{\"@type\":\"WebSite\",\"@id\":\"https:\/\/avaro-fashion.com\/#website\",\"url\":\"https:\/\/avaro-fashion.com\/\",\"name\":\"AVARO Fashion\",\"description\":\"\",\"publisher\":{\"@id\":\"https:\/\/avaro-fashion.com\/#organization\"},\"potentialAction\":[{\"@type\":\"SearchAction\",\"target\":{\"@type\":\"EntryPoint\",\"urlTemplate\":\"https:\/\/avaro-fashion.com\/?s={search_term_string}\"},\"query-input\":{\"@type\":\"PropertyValueSpecification\",\"valueRequired\":true,\"valueName\":\"search_term_string\"}}],\"inLanguage\":\"en-US\"},{\"@type\":\"Organization\",\"@id\":\"https:\/\/avaro-fashion.com\/#organization\",\"name\":\"AVARO Fashion\",\"url\":\"https:\/\/avaro-fashion.com\/\",\"logo\":{\"@type\":\"ImageObject\",\"inLanguage\":\"en-US\",\"@id\":\"https:\/\/avaro-fashion.com\/#\/schema\/logo\/image\/\",\"url\":\"https:\/\/avaro-fashion.com\/wp-content\/uploads\/2025\/06\/Avaro_Fashion-nobg.png\",\"contentUrl\":\"https:\/\/avaro-fashion.com\/wp-content\/uploads\/2025\/06\/Avaro_Fashion-nobg.png\",\"width\":900,\"height\":277,\"caption\":\"AVARO Fashion\"},\"image\":{\"@id\":\"https:\/\/avaro-fashion.com\/#\/schema\/logo\/image\/\"},\"sameAs\":[\"https:\/\/m.facebook.com\/profile.php?id=61576779797329\"]}]}<\/script>\n<!-- \/ Yoast SEO plugin. -->","yoast_head_json":{"title":"AVARO \u201eLady in Red\u201d \u2013 Rochie mini cu corset \u0219i fust\u0103 \u00een clo\u0219 - AVARO Fashion","description":"Str\u0103luce\u0219te \u00een rochia perfect\u0103 pentru Valentine's! Rochia AVARO \u201eLady in Red\u201d \u00eembin\u0103 seduc\u021bia cu feminitatea. \u00cencearc\u0103-o acum!","robots":{"index":"index","follow":"follow","max-snippet":"max-snippet:-1","max-image-preview":"max-image-preview:large","max-video-preview":"max-video-preview:-1"},"canonical":"https:\/\/avaro-fashion.com\/en\/product\/avaro-lady-in-red-rochie-mini-cu-corset-si-fusta-in-clos\/","og_locale":"en_US","og_type":"article","og_title":"AVARO \u201eLady in Red\u201d \u2013 Rochie mini cu corset \u0219i fust\u0103 \u00een clo\u0219 - AVARO Fashion","og_description":"Str\u0103luce\u0219te \u00een rochia perfect\u0103 pentru Valentine's! Rochia AVARO \u201eLady in Red\u201d \u00eembin\u0103 seduc\u021bia cu feminitatea. \u00cencearc\u0103-o acum!","og_url":"https:\/\/avaro-fashion.com\/en\/product\/avaro-lady-in-red-rochie-mini-cu-corset-si-fusta-in-clos\/","og_site_name":"AVARO Fashion","article_publisher":"https:\/\/m.facebook.com\/profile.php?id=61576779797329","article_modified_time":"2026-02-26T07:42:35+00:00","og_image":[{"width":1024,"height":1536,"url":"https:\/\/avaro-fashion.com\/wp-content\/uploads\/2026\/02\/1.png","type":"image\/png"}],"twitter_card":"summary_large_image","twitter_misc":{"Est. reading time":"1 minute"},"schema":{"@context":"https:\/\/schema.org","@graph":[{"@type":"WebPage","@id":"https:\/\/avaro-fashion.com\/produs\/avaro-lady-in-red-rochie-mini-cu-corset-si-fusta-in-clos\/","url":"https:\/\/avaro-fashion.com\/produs\/avaro-lady-in-red-rochie-mini-cu-corset-si-fusta-in-clos\/","name":"AVARO \u201eLady in Red\u201d \u2013 Rochie mini cu corset \u0219i fust\u0103 \u00een clo\u0219 - AVARO Fashion","isPartOf":{"@id":"https:\/\/avaro-fashion.com\/#website"},"primaryImageOfPage":{"@id":"https:\/\/avaro-fashion.com\/produs\/avaro-lady-in-red-rochie-mini-cu-corset-si-fusta-in-clos\/#primaryimage"},"image":{"@id":"https:\/\/avaro-fashion.com\/produs\/avaro-lady-in-red-rochie-mini-cu-corset-si-fusta-in-clos\/#primaryimage"},"thumbnailUrl":"https:\/\/avaro-fashion.com\/wp-content\/uploads\/2026\/02\/1.png","datePublished":"2026-02-03T11:56:56+00:00","dateModified":"2026-02-26T07:42:35+00:00","description":"Str\u0103luce\u0219te \u00een rochia perfect\u0103 pentru Valentine's! Rochia AVARO \u201eLady in Red\u201d \u00eembin\u0103 seduc\u021bia cu feminitatea. \u00cencearc\u0103-o acum!","breadcrumb":{"@id":"https:\/\/avaro-fashion.com\/produs\/avaro-lady-in-red-rochie-mini-cu-corset-si-fusta-in-clos\/#breadcrumb"},"inLanguage":"en-US","potentialAction":[{"@type":"ReadAction","target":["https:\/\/avaro-fashion.com\/produs\/avaro-lady-in-red-rochie-mini-cu-corset-si-fusta-in-clos\/"]}]},{"@type":"ImageObject","inLanguage":"en-US","@id":"https:\/\/avaro-fashion.com\/produs\/avaro-lady-in-red-rochie-mini-cu-corset-si-fusta-in-clos\/#primaryimage","url":"https:\/\/avaro-fashion.com\/wp-content\/uploads\/2026\/02\/1.png","contentUrl":"https:\/\/avaro-fashion.com\/wp-content\/uploads\/2026\/02\/1.png","width":1024,"height":1536},{"@type":"BreadcrumbList","@id":"https:\/\/avaro-fashion.com\/produs\/avaro-lady-in-red-rochie-mini-cu-corset-si-fusta-in-clos\/#breadcrumb","itemListElement":[{"@type":"ListItem","position":1,"name":"Prima pagin\u0103","item":"https:\/\/avaro-fashion.com\/"},{"@type":"ListItem","position":2,"name":"Magazin","item":"https:\/\/avaro-fashion.com\/magazin\/"},{"@type":"ListItem","position":3,"name":"AVARO \u201eLady in Red\u201d \u2013 Rochie mini cu corset \u0219i fust\u0103 \u00een clo\u0219"}]},{"@type":"WebSite","@id":"https:\/\/avaro-fashion.com\/#website","url":"https:\/\/avaro-fashion.com\/","name":"AVARO Fashion","description":"","publisher":{"@id":"https:\/\/avaro-fashion.com\/#organization"},"potentialAction":[{"@type":"SearchAction","target":{"@type":"EntryPoint","urlTemplate":"https:\/\/avaro-fashion.com\/?s={search_term_string}"},"query-input":{"@type":"PropertyValueSpecification","valueRequired":true,"valueName":"search_term_string"}}],"inLanguage":"en-US"},{"@type":"Organization","@id":"https:\/\/avaro-fashion.com\/#organization","name":"AVARO Fashion","url":"https:\/\/avaro-fashion.com\/","logo":{"@type":"ImageObject","inLanguage":"en-US","@id":"https:\/\/avaro-fashion.com\/#\/schema\/logo\/image\/","url":"https:\/\/avaro-fashion.com\/wp-content\/uploads\/2025\/06\/Avaro_Fashion-nobg.png","contentUrl":"https:\/\/avaro-fashion.com\/wp-content\/uploads\/2025\/06\/Avaro_Fashion-nobg.png","width":900,"height":277,"caption":"AVARO Fashion"},"image":{"@id":"https:\/\/avaro-fashion.com\/#\/schema\/logo\/image\/"},"sameAs":["https:\/\/m.facebook.com\/profile.php?id=61576779797329"]}]}},"_links":{"self":[{"href":"https:\/\/avaro-fashion.com\/en\/wp-json\/wp\/v2\/product\/3880","targetHints":{"allow":["GET"]}}],"collection":[{"href":"https:\/\/avaro-fashion.com\/en\/wp-json\/wp\/v2\/product"}],"about":[{"href":"https:\/\/avaro-fashion.com\/en\/wp-json\/wp\/v2\/types\/product"}],"replies":[{"embeddable":true,"href":"https:\/\/avaro-fashion.com\/en\/wp-json\/wp\/v2\/comments?post=3880"}],"wp:featuredmedia":[{"embeddable":true,"href":"https:\/\/avaro-fashion.com\/en\/wp-json\/wp\/v2\/media\/3973"}],"wp:attachment":[{"href":"https:\/\/avaro-fashion.com\/en\/wp-json\/wp\/v2\/media?parent=3880"}],"wp:term":[{"taxonomy":"product_brand","embeddable":true,"href":"https:\/\/avaro-fashion.com\/en\/wp-json\/wp\/v2\/product_brand?post=3880"},{"taxonomy":"product_cat","embeddable":true,"href":"https:\/\/avaro-fashion.com\/en\/wp-json\/wp\/v2\/product_cat?post=3880"},{"taxonomy":"product_tag","embeddable":true,"href":"https:\/\/avaro-fashion.com\/en\/wp-json\/wp\/v2\/product_tag?post=3880"}],"curies":[{"name":"wp","href":"https:\/\/api.w.org\/{rel}","templated":true}]}}