{"id":4071,"date":"2026-02-21T17:25:20","date_gmt":"2026-02-21T14:25:20","guid":{"rendered":"https:\/\/avaro-fashion.com\/?post_type=product&#038;p=4071"},"modified":"2026-02-25T16:21:57","modified_gmt":"2026-02-25T13:21:57","slug":"avaro-pamela-rochie-midi-din-vascoza-cu-detalii-tip-funda-in-talie","status":"publish","type":"product","link":"https:\/\/avaro-fashion.com\/en\/product\/avaro-pamela-rochie-midi-din-vascoza-cu-detalii-tip-funda-in-talie\/","title":{"rendered":"Avaro &#8222;Pamela&#8221; Rochie midi din vascoza cu detalii tip funda in talie"},"content":{"rendered":"<p><strong>Rochie de Cununie &amp; Cocktail<\/strong><\/p>\n<ul>\n<li data-start=\"79\" data-end=\"111\">\n<p data-start=\"81\" data-end=\"111\">Model conic, ajustat pe corp<\/p>\n<\/li>\n<li data-start=\"112\" data-end=\"142\">\n<p data-start=\"114\" data-end=\"142\">Lungime midi, sub genunchi<\/p>\n<\/li>\n<li data-start=\"143\" data-end=\"192\">\n<p data-start=\"145\" data-end=\"192\">Talie eviden\u021biat\u0103 cu pliu decorativ tip fund\u0103<\/p>\n<\/li>\n<li data-start=\"193\" data-end=\"235\">\n<p data-start=\"195\" data-end=\"235\">Croial\u0103 cambrat\u0103 ce subliniaz\u0103 silueta<\/p>\n<\/li>\n<li data-start=\"236\" data-end=\"266\">\n<p data-start=\"238\" data-end=\"266\">M\u00e2neci scurte u\u0219or bufante<\/p>\n<\/li>\n<li data-start=\"267\" data-end=\"314\">\n<p data-start=\"269\" data-end=\"314\">Aplica\u021bii tip perl\u0103 la termina\u021bia m\u00e2necilor<\/p>\n<\/li>\n<li data-start=\"315\" data-end=\"343\">\n<p data-start=\"317\" data-end=\"343\">Decolteu rotund, delicat<\/p>\n<\/li>\n<li data-start=\"344\" data-end=\"384\">\n<p data-start=\"346\" data-end=\"384\">Hidden zipper closure at the back<\/p>\n<\/li>\n<li data-start=\"385\" data-end=\"430\">\n<p data-start=\"387\" data-end=\"430\">Material fin, u\u0219or elastic pentru confort<\/p>\n<\/li>\n<li data-start=\"431\" data-end=\"471\">\n<p data-start=\"433\" data-end=\"471\">Potrivit\u0103 pentru orice tip de sutien<\/p>\n<\/li>\n<\/ul>\n<p><strong><u>Material:<\/u><\/strong><u><\/u><\/p>\n<ul>\n<li><u><strong>Compozitie\u00a0<\/strong><\/u><strong>\u00a0Exterior<\/strong>: 60%vascoza 32%polyester 8% elastan; Captuseala: 100 % bambus<\/li>\n<li><strong>Structura material<\/strong>:\u00a0Material de densitate medie<\/li>\n<li><strong>Senzatie pe piele<\/strong>: Racoros<\/li>\n<li><strong>Asigura termotransfer\u00a0<\/strong>&#8211; DA<\/li>\n<li><strong>MATERIAL TESTAT:<\/strong>\u00a0rezista la purtari si spalari repetate<\/li>\n<li><strong>Tara de origine<\/strong>: Grecia<\/li>\n<\/ul>\n<p>Acest produs este disponibil pe\u00a0masuri &amp; culori personalizate. Pentru mai mute informatii, va rog sa\u00a0<a href=\"https:\/\/alinacernatescu.fashion\/contact\">ne contactati.<\/a><\/p>\n<p><strong>Masurile modelului:<\/strong>\u00a0\u00a0Inaltime 1,77 cm \/\/ Bust 87 cm \/\/ Talie 68 cm \/\/ Solduri 92 cm<\/p>","protected":false},"excerpt":{"rendered":"<p>Rochie de Cununie &amp; Cocktail Model conic, ajustat pe corp Lungime midi, sub genunchi Talie eviden\u021biat\u0103 cu pliu decorativ tip fund\u0103 Croial\u0103 cambrat\u0103 ce subliniaz\u0103 silueta M\u00e2neci scurte u\u0219or bufante Aplica\u021bii tip perl\u0103 la termina\u021bia m\u00e2necilor Decolteu rotund, delicat \u00cenchidere cu fermoar ascuns la spate Material fin, u\u0219or elastic pentru confort Potrivit\u0103 pentru orice tip [&hellip;]<\/p>\n","protected":false},"featured_media":4080,"comment_status":"open","ping_status":"closed","template":"","meta":{"_acf_changed":false,"site-sidebar-layout":"default","site-content-layout":"","ast-site-content-layout":"default","site-content-style":"default","site-sidebar-style":"default","ast-global-header-display":"","ast-banner-title-visibility":"","ast-main-header-display":"","ast-hfb-above-header-display":"","ast-hfb-below-header-display":"","ast-hfb-mobile-header-display":"","site-post-title":"","ast-breadcrumbs-content":"","ast-featured-img":"","footer-sml-layout":"","ast-disable-related-posts":"","theme-transparent-header-meta":"default","adv-header-id-meta":"","stick-header-meta":"","header-above-stick-meta":"","header-main-stick-meta":"","header-below-stick-meta":"","astra-migrate-meta-layouts":"set","ast-page-background-enabled":"default","ast-page-background-meta":{"desktop":{"background-color":"","background-image":"","background-repeat":"repeat","background-position":"center center","background-size":"auto","background-attachment":"scroll","background-type":"","background-media":"","overlay-type":"","overlay-color":"","overlay-opacity":"","overlay-gradient":""},"tablet":{"background-color":"","background-image":"","background-repeat":"repeat","background-position":"center center","background-size":"auto","background-attachment":"scroll","background-type":"","background-media":"","overlay-type":"","overlay-color":"","overlay-opacity":"","overlay-gradient":""},"mobile":{"background-color":"","background-image":"","background-repeat":"repeat","background-position":"center center","background-size":"auto","background-attachment":"scroll","background-type":"","background-media":"","overlay-type":"","overlay-color":"","overlay-opacity":"","overlay-gradient":""}},"ast-content-background-meta":{"desktop":{"background-color":"var(--ast-global-color-5)","background-image":"","background-repeat":"repeat","background-position":"center center","background-size":"auto","background-attachment":"scroll","background-type":"","background-media":"","overlay-type":"","overlay-color":"","overlay-opacity":"","overlay-gradient":""},"tablet":{"background-color":"var(--ast-global-color-5)","background-image":"","background-repeat":"repeat","background-position":"center center","background-size":"auto","background-attachment":"scroll","background-type":"","background-media":"","overlay-type":"","overlay-color":"","overlay-opacity":"","overlay-gradient":""},"mobile":{"background-color":"var(--ast-global-color-5)","background-image":"","background-repeat":"repeat","background-position":"center center","background-size":"auto","background-attachment":"scroll","background-type":"","background-media":"","overlay-type":"","overlay-color":"","overlay-opacity":"","overlay-gradient":""}}},"product_brand":[],"product_cat":[46],"product_tag":[],"class_list":{"0":"post-4071","1":"product","2":"type-product","3":"status-publish","4":"has-post-thumbnail","6":"product_cat-rochii","7":"desktop-align-left","8":"tablet-align-left","9":"mobile-align-left","11":"first","12":"instock","13":"sale","14":"taxable","15":"shipping-taxable","16":"purchasable","17":"product-type-variable","18":"add-to-wishlist-before_image","19":"wpzoom-wc-spi-has-enabled"},"acf":[],"yoast_head":"<!-- This site is optimized with the Yoast SEO plugin v26.9 - https:\/\/yoast.com\/product\/yoast-seo-wordpress\/ -->\n<title>Avaro &quot;Pamela&quot; Rochie midi din vascoza cu detalii tip funda in talie - AVARO Fashion<\/title>\n<meta name=\"robots\" content=\"index, follow, max-snippet:-1, max-image-preview:large, max-video-preview:-1\" \/>\n<link rel=\"canonical\" href=\"https:\/\/avaro-fashion.com\/en\/product\/avaro-pamela-rochie-midi-din-vascoza-cu-detalii-tip-funda-in-talie\/\" \/>\n<meta property=\"og:locale\" content=\"en_US\" \/>\n<meta property=\"og:type\" content=\"article\" \/>\n<meta property=\"og:title\" content=\"Avaro &quot;Pamela&quot; Rochie midi din vascoza cu detalii tip funda in talie - AVARO Fashion\" \/>\n<meta property=\"og:description\" content=\"Rochie de Cununie &amp; Cocktail Model conic, ajustat pe corp Lungime midi, sub genunchi Talie eviden\u021biat\u0103 cu pliu decorativ tip fund\u0103 Croial\u0103 cambrat\u0103 ce subliniaz\u0103 silueta M\u00e2neci scurte u\u0219or bufante Aplica\u021bii tip perl\u0103 la termina\u021bia m\u00e2necilor Decolteu rotund, delicat \u00cenchidere cu fermoar ascuns la spate Material fin, u\u0219or elastic pentru confort Potrivit\u0103 pentru orice tip [&hellip;]\" \/>\n<meta property=\"og:url\" content=\"https:\/\/avaro-fashion.com\/en\/product\/avaro-pamela-rochie-midi-din-vascoza-cu-detalii-tip-funda-in-talie\/\" \/>\n<meta property=\"og:site_name\" content=\"AVARO Fashion\" \/>\n<meta property=\"article:publisher\" content=\"https:\/\/m.facebook.com\/profile.php?id=61576779797329\" \/>\n<meta property=\"article:modified_time\" content=\"2026-02-25T13:21:57+00:00\" \/>\n<meta property=\"og:image\" content=\"https:\/\/avaro-fashion.com\/wp-content\/uploads\/2026\/02\/WhatsApp-Image-2026-02-21-at-16.20.16.jpeg\" \/>\n\t<meta property=\"og:image:width\" content=\"1024\" \/>\n\t<meta property=\"og:image:height\" content=\"1536\" \/>\n\t<meta property=\"og:image:type\" content=\"image\/jpeg\" \/>\n<meta name=\"twitter:card\" content=\"summary_large_image\" \/>\n<meta name=\"twitter:label1\" content=\"Est. reading time\" \/>\n\t<meta name=\"twitter:data1\" content=\"1 minute\" \/>\n<script type=\"application\/ld+json\" class=\"yoast-schema-graph\">{\"@context\":\"https:\/\/schema.org\",\"@graph\":[{\"@type\":\"WebPage\",\"@id\":\"https:\/\/avaro-fashion.com\/produs\/avaro-pamela-rochie-midi-din-vascoza-cu-detalii-tip-funda-in-talie\/\",\"url\":\"https:\/\/avaro-fashion.com\/produs\/avaro-pamela-rochie-midi-din-vascoza-cu-detalii-tip-funda-in-talie\/\",\"name\":\"Avaro \\\"Pamela\\\" Rochie midi din vascoza cu detalii tip funda in talie - AVARO Fashion\",\"isPartOf\":{\"@id\":\"https:\/\/avaro-fashion.com\/#website\"},\"primaryImageOfPage\":{\"@id\":\"https:\/\/avaro-fashion.com\/produs\/avaro-pamela-rochie-midi-din-vascoza-cu-detalii-tip-funda-in-talie\/#primaryimage\"},\"image\":{\"@id\":\"https:\/\/avaro-fashion.com\/produs\/avaro-pamela-rochie-midi-din-vascoza-cu-detalii-tip-funda-in-talie\/#primaryimage\"},\"thumbnailUrl\":\"https:\/\/avaro-fashion.com\/wp-content\/uploads\/2026\/02\/WhatsApp-Image-2026-02-21-at-16.20.16.jpeg\",\"datePublished\":\"2026-02-21T14:25:20+00:00\",\"dateModified\":\"2026-02-25T13:21:57+00:00\",\"breadcrumb\":{\"@id\":\"https:\/\/avaro-fashion.com\/produs\/avaro-pamela-rochie-midi-din-vascoza-cu-detalii-tip-funda-in-talie\/#breadcrumb\"},\"inLanguage\":\"en-US\",\"potentialAction\":[{\"@type\":\"ReadAction\",\"target\":[\"https:\/\/avaro-fashion.com\/produs\/avaro-pamela-rochie-midi-din-vascoza-cu-detalii-tip-funda-in-talie\/\"]}]},{\"@type\":\"ImageObject\",\"inLanguage\":\"en-US\",\"@id\":\"https:\/\/avaro-fashion.com\/produs\/avaro-pamela-rochie-midi-din-vascoza-cu-detalii-tip-funda-in-talie\/#primaryimage\",\"url\":\"https:\/\/avaro-fashion.com\/wp-content\/uploads\/2026\/02\/WhatsApp-Image-2026-02-21-at-16.20.16.jpeg\",\"contentUrl\":\"https:\/\/avaro-fashion.com\/wp-content\/uploads\/2026\/02\/WhatsApp-Image-2026-02-21-at-16.20.16.jpeg\",\"width\":1024,\"height\":1536},{\"@type\":\"BreadcrumbList\",\"@id\":\"https:\/\/avaro-fashion.com\/produs\/avaro-pamela-rochie-midi-din-vascoza-cu-detalii-tip-funda-in-talie\/#breadcrumb\",\"itemListElement\":[{\"@type\":\"ListItem\",\"position\":1,\"name\":\"Prima pagin\u0103\",\"item\":\"https:\/\/avaro-fashion.com\/\"},{\"@type\":\"ListItem\",\"position\":2,\"name\":\"Magazin\",\"item\":\"https:\/\/avaro-fashion.com\/magazin\/\"},{\"@type\":\"ListItem\",\"position\":3,\"name\":\"Avaro &#8222;Pamela&#8221; Rochie midi din vascoza cu detalii tip funda in talie\"}]},{\"@type\":\"WebSite\",\"@id\":\"https:\/\/avaro-fashion.com\/#website\",\"url\":\"https:\/\/avaro-fashion.com\/\",\"name\":\"AVARO Fashion\",\"description\":\"\",\"publisher\":{\"@id\":\"https:\/\/avaro-fashion.com\/#organization\"},\"potentialAction\":[{\"@type\":\"SearchAction\",\"target\":{\"@type\":\"EntryPoint\",\"urlTemplate\":\"https:\/\/avaro-fashion.com\/?s={search_term_string}\"},\"query-input\":{\"@type\":\"PropertyValueSpecification\",\"valueRequired\":true,\"valueName\":\"search_term_string\"}}],\"inLanguage\":\"en-US\"},{\"@type\":\"Organization\",\"@id\":\"https:\/\/avaro-fashion.com\/#organization\",\"name\":\"AVARO Fashion\",\"url\":\"https:\/\/avaro-fashion.com\/\",\"logo\":{\"@type\":\"ImageObject\",\"inLanguage\":\"en-US\",\"@id\":\"https:\/\/avaro-fashion.com\/#\/schema\/logo\/image\/\",\"url\":\"https:\/\/avaro-fashion.com\/wp-content\/uploads\/2025\/06\/Avaro_Fashion-nobg.png\",\"contentUrl\":\"https:\/\/avaro-fashion.com\/wp-content\/uploads\/2025\/06\/Avaro_Fashion-nobg.png\",\"width\":900,\"height\":277,\"caption\":\"AVARO Fashion\"},\"image\":{\"@id\":\"https:\/\/avaro-fashion.com\/#\/schema\/logo\/image\/\"},\"sameAs\":[\"https:\/\/m.facebook.com\/profile.php?id=61576779797329\"]}]}<\/script>\n<!-- \/ Yoast SEO plugin. -->","yoast_head_json":{"title":"Avaro \"Pamela\" Rochie midi din vascoza cu detalii tip funda in talie - AVARO Fashion","robots":{"index":"index","follow":"follow","max-snippet":"max-snippet:-1","max-image-preview":"max-image-preview:large","max-video-preview":"max-video-preview:-1"},"canonical":"https:\/\/avaro-fashion.com\/en\/product\/avaro-pamela-rochie-midi-din-vascoza-cu-detalii-tip-funda-in-talie\/","og_locale":"en_US","og_type":"article","og_title":"Avaro \"Pamela\" Rochie midi din vascoza cu detalii tip funda in talie - AVARO Fashion","og_description":"Rochie de Cununie &amp; Cocktail Model conic, ajustat pe corp Lungime midi, sub genunchi Talie eviden\u021biat\u0103 cu pliu decorativ tip fund\u0103 Croial\u0103 cambrat\u0103 ce subliniaz\u0103 silueta M\u00e2neci scurte u\u0219or bufante Aplica\u021bii tip perl\u0103 la termina\u021bia m\u00e2necilor Decolteu rotund, delicat \u00cenchidere cu fermoar ascuns la spate Material fin, u\u0219or elastic pentru confort Potrivit\u0103 pentru orice tip [&hellip;]","og_url":"https:\/\/avaro-fashion.com\/en\/product\/avaro-pamela-rochie-midi-din-vascoza-cu-detalii-tip-funda-in-talie\/","og_site_name":"AVARO Fashion","article_publisher":"https:\/\/m.facebook.com\/profile.php?id=61576779797329","article_modified_time":"2026-02-25T13:21:57+00:00","og_image":[{"width":1024,"height":1536,"url":"https:\/\/avaro-fashion.com\/wp-content\/uploads\/2026\/02\/WhatsApp-Image-2026-02-21-at-16.20.16.jpeg","type":"image\/jpeg"}],"twitter_card":"summary_large_image","twitter_misc":{"Est. reading time":"1 minute"},"schema":{"@context":"https:\/\/schema.org","@graph":[{"@type":"WebPage","@id":"https:\/\/avaro-fashion.com\/produs\/avaro-pamela-rochie-midi-din-vascoza-cu-detalii-tip-funda-in-talie\/","url":"https:\/\/avaro-fashion.com\/produs\/avaro-pamela-rochie-midi-din-vascoza-cu-detalii-tip-funda-in-talie\/","name":"Avaro \"Pamela\" Rochie midi din vascoza cu detalii tip funda in talie - AVARO Fashion","isPartOf":{"@id":"https:\/\/avaro-fashion.com\/#website"},"primaryImageOfPage":{"@id":"https:\/\/avaro-fashion.com\/produs\/avaro-pamela-rochie-midi-din-vascoza-cu-detalii-tip-funda-in-talie\/#primaryimage"},"image":{"@id":"https:\/\/avaro-fashion.com\/produs\/avaro-pamela-rochie-midi-din-vascoza-cu-detalii-tip-funda-in-talie\/#primaryimage"},"thumbnailUrl":"https:\/\/avaro-fashion.com\/wp-content\/uploads\/2026\/02\/WhatsApp-Image-2026-02-21-at-16.20.16.jpeg","datePublished":"2026-02-21T14:25:20+00:00","dateModified":"2026-02-25T13:21:57+00:00","breadcrumb":{"@id":"https:\/\/avaro-fashion.com\/produs\/avaro-pamela-rochie-midi-din-vascoza-cu-detalii-tip-funda-in-talie\/#breadcrumb"},"inLanguage":"en-US","potentialAction":[{"@type":"ReadAction","target":["https:\/\/avaro-fashion.com\/produs\/avaro-pamela-rochie-midi-din-vascoza-cu-detalii-tip-funda-in-talie\/"]}]},{"@type":"ImageObject","inLanguage":"en-US","@id":"https:\/\/avaro-fashion.com\/produs\/avaro-pamela-rochie-midi-din-vascoza-cu-detalii-tip-funda-in-talie\/#primaryimage","url":"https:\/\/avaro-fashion.com\/wp-content\/uploads\/2026\/02\/WhatsApp-Image-2026-02-21-at-16.20.16.jpeg","contentUrl":"https:\/\/avaro-fashion.com\/wp-content\/uploads\/2026\/02\/WhatsApp-Image-2026-02-21-at-16.20.16.jpeg","width":1024,"height":1536},{"@type":"BreadcrumbList","@id":"https:\/\/avaro-fashion.com\/produs\/avaro-pamela-rochie-midi-din-vascoza-cu-detalii-tip-funda-in-talie\/#breadcrumb","itemListElement":[{"@type":"ListItem","position":1,"name":"Prima pagin\u0103","item":"https:\/\/avaro-fashion.com\/"},{"@type":"ListItem","position":2,"name":"Magazin","item":"https:\/\/avaro-fashion.com\/magazin\/"},{"@type":"ListItem","position":3,"name":"Avaro &#8222;Pamela&#8221; Rochie midi din vascoza cu detalii tip funda in talie"}]},{"@type":"WebSite","@id":"https:\/\/avaro-fashion.com\/#website","url":"https:\/\/avaro-fashion.com\/","name":"AVARO Fashion","description":"","publisher":{"@id":"https:\/\/avaro-fashion.com\/#organization"},"potentialAction":[{"@type":"SearchAction","target":{"@type":"EntryPoint","urlTemplate":"https:\/\/avaro-fashion.com\/?s={search_term_string}"},"query-input":{"@type":"PropertyValueSpecification","valueRequired":true,"valueName":"search_term_string"}}],"inLanguage":"en-US"},{"@type":"Organization","@id":"https:\/\/avaro-fashion.com\/#organization","name":"AVARO Fashion","url":"https:\/\/avaro-fashion.com\/","logo":{"@type":"ImageObject","inLanguage":"en-US","@id":"https:\/\/avaro-fashion.com\/#\/schema\/logo\/image\/","url":"https:\/\/avaro-fashion.com\/wp-content\/uploads\/2025\/06\/Avaro_Fashion-nobg.png","contentUrl":"https:\/\/avaro-fashion.com\/wp-content\/uploads\/2025\/06\/Avaro_Fashion-nobg.png","width":900,"height":277,"caption":"AVARO Fashion"},"image":{"@id":"https:\/\/avaro-fashion.com\/#\/schema\/logo\/image\/"},"sameAs":["https:\/\/m.facebook.com\/profile.php?id=61576779797329"]}]}},"_links":{"self":[{"href":"https:\/\/avaro-fashion.com\/en\/wp-json\/wp\/v2\/product\/4071","targetHints":{"allow":["GET"]}}],"collection":[{"href":"https:\/\/avaro-fashion.com\/en\/wp-json\/wp\/v2\/product"}],"about":[{"href":"https:\/\/avaro-fashion.com\/en\/wp-json\/wp\/v2\/types\/product"}],"replies":[{"embeddable":true,"href":"https:\/\/avaro-fashion.com\/en\/wp-json\/wp\/v2\/comments?post=4071"}],"wp:featuredmedia":[{"embeddable":true,"href":"https:\/\/avaro-fashion.com\/en\/wp-json\/wp\/v2\/media\/4080"}],"wp:attachment":[{"href":"https:\/\/avaro-fashion.com\/en\/wp-json\/wp\/v2\/media?parent=4071"}],"wp:term":[{"taxonomy":"product_brand","embeddable":true,"href":"https:\/\/avaro-fashion.com\/en\/wp-json\/wp\/v2\/product_brand?post=4071"},{"taxonomy":"product_cat","embeddable":true,"href":"https:\/\/avaro-fashion.com\/en\/wp-json\/wp\/v2\/product_cat?post=4071"},{"taxonomy":"product_tag","embeddable":true,"href":"https:\/\/avaro-fashion.com\/en\/wp-json\/wp\/v2\/product_tag?post=4071"}],"curies":[{"name":"wp","href":"https:\/\/api.w.org\/{rel}","templated":true}]}}